{"id":1594,"date":"2025-03-03T17:54:20","date_gmt":"2025-03-03T17:54:20","guid":{"rendered":"https:\/\/www.bob-snail.com\/?post_type=product&#038;p=1594"},"modified":"2025-04-16T17:43:10","modified_gmt":"2025-04-16T17:43:10","slug":"apple-sour-cherry-fruit-rolls","status":"publish","type":"product","link":"https:\/\/www.bob.webolatory.com\/ca-fr\/product\/apple-sour-cherry-fruit-rolls\/","title":{"rendered":"ROULEAUX AUX POMMES ET \u00c0 LA CERISE SURE"},"content":{"rendered":"<p>Discover fun-shaped rolls made from just two ingredients \u2014 fruits and berries, with no added sugar, preservatives, artificial colours, or flavours. They\u2019re free from the eight most common allergens, including peanuts, dairy, and gluten, making them a perfect choice for both kids and adults.<br \/>\nFruit rolls are individually wrapped and fit perfectly in your lunchbox, backpack, or bag, so you can enjoy them anywhere \u2014 at school, on a picnic, at the office, before or after a workout, while walking, or travelling.<br \/>\nAnd here\u2019s the fun part! You can enjoy rolls in different ways \u2014 bite, tear off piece by piece, or unroll them to make the pleasure last longer.<br \/>\nTry different flavours and find your favourites for delicious snacking moments!<\/p>\n","protected":false},"excerpt":{"rendered":"<p>Discover fun-shaped rolls made from just two ingredients \u2014 fruits and berries, with no added sugar, preservatives, artificial colours, or flavours. They\u2019re free from the eight most common allergens, including peanuts, dairy, and gluten, making them a perfect choice for both kids and adults. Fruit rolls are individually wrapped and fit perfectly in your lunchbox, [&hellip;]<\/p>\n","protected":false},"featured_media":1595,"comment_status":"open","ping_status":"closed","template":"","meta":[],"product_brand":[],"product_cat":[17],"product_tag":[],"class_list":{"0":"post-1594","1":"product","2":"type-product","3":"status-publish","4":"has-post-thumbnail","6":"product_cat-rouleaux","7":"weight_taxonomy-100g","9":"first","10":"instock","11":"shipping-taxable","12":"purchasable","13":"product-type-simple"},"yoast_head":"<!-- This site is optimized with the Yoast SEO plugin v24.7 - https:\/\/yoast.com\/wordpress\/plugins\/seo\/ -->\n<title>ROULEAUX AUX POMMES ET \u00c0 LA CERISE SURE - Bob Snail<\/title>\n<meta name=\"description\" content=\"ROULEAUX AUX POMMES ET \u00c0 LA CERISE SURE. Sans sucre ajout\u00e9, colorant ni conservateur. Mes gourmandises sont enti\u00e8rement naturelles\ud83c\udf1f\" \/>\n<meta name=\"robots\" content=\"noindex, follow, max-snippet:-1, max-image-preview:large, max-video-preview:-1\" \/>\n<meta property=\"og:locale\" content=\"en_US\" \/>\n<meta property=\"og:type\" content=\"article\" \/>\n<meta property=\"og:title\" content=\"ROULEAUX AUX POMMES ET \u00c0 LA CERISE SURE - Bob Snail\" \/>\n<meta property=\"og:description\" content=\"ROULEAUX AUX POMMES ET \u00c0 LA CERISE SURE. Sans sucre ajout\u00e9, colorant ni conservateur. Mes gourmandises sont enti\u00e8rement naturelles\ud83c\udf1f\" \/>\n<meta property=\"og:url\" content=\"https:\/\/www.bob.webolatory.com\/ca-fr\/product\/apple-sour-cherry-fruit-rolls\/\" \/>\n<meta property=\"og:site_name\" content=\"Bob Snail\" \/>\n<meta property=\"article:modified_time\" content=\"2025-04-16T17:43:10+00:00\" \/>\n<meta property=\"og:image\" content=\"https:\/\/www.bob.webolatory.com\/ca-fr\/wp-content\/uploads\/sites\/19\/2025\/03\/CAN_roll_100_cherry_-1.webp\" \/>\n\t<meta property=\"og:image:width\" content=\"1280\" \/>\n\t<meta property=\"og:image:height\" content=\"1280\" \/>\n\t<meta property=\"og:image:type\" content=\"image\/webp\" \/>\n<meta name=\"twitter:card\" content=\"summary_large_image\" \/>\n<meta name=\"twitter:label1\" content=\"Est. reading time\" \/>\n\t<meta name=\"twitter:data1\" content=\"1 minute\" \/>\n<script type=\"application\/ld+json\" class=\"yoast-schema-graph\">{\"@context\":\"https:\/\/schema.org\",\"@graph\":[{\"@type\":\"WebPage\",\"@id\":\"https:\/\/www.bob.webolatory.com\/ca-fr\/product\/apple-sour-cherry-fruit-rolls\/\",\"url\":\"https:\/\/www.bob.webolatory.com\/ca-fr\/product\/apple-sour-cherry-fruit-rolls\/\",\"name\":\"ROULEAUX AUX POMMES ET \u00c0 LA CERISE SURE - Bob Snail\",\"isPartOf\":{\"@id\":\"https:\/\/www.bob.webolatory.com\/ca-fr\/#website\"},\"primaryImageOfPage\":{\"@id\":\"https:\/\/www.bob.webolatory.com\/ca-fr\/product\/apple-sour-cherry-fruit-rolls\/#primaryimage\"},\"image\":{\"@id\":\"https:\/\/www.bob.webolatory.com\/ca-fr\/product\/apple-sour-cherry-fruit-rolls\/#primaryimage\"},\"thumbnailUrl\":\"https:\/\/www.bob.webolatory.com\/ca-fr\/wp-content\/uploads\/sites\/19\/2025\/03\/CAN_roll_100_cherry_-1.webp\",\"datePublished\":\"2025-03-03T17:54:20+00:00\",\"dateModified\":\"2025-04-16T17:43:10+00:00\",\"description\":\"ROULEAUX AUX POMMES ET \u00c0 LA CERISE SURE. Sans sucre ajout\u00e9, colorant ni conservateur. Mes gourmandises sont enti\u00e8rement naturelles\ud83c\udf1f\",\"breadcrumb\":{\"@id\":\"https:\/\/www.bob.webolatory.com\/ca-fr\/product\/apple-sour-cherry-fruit-rolls\/#breadcrumb\"},\"inLanguage\":\"en-US\",\"potentialAction\":[{\"@type\":\"ReadAction\",\"target\":[\"https:\/\/www.bob.webolatory.com\/ca-fr\/product\/apple-sour-cherry-fruit-rolls\/\"]}]},{\"@type\":\"ImageObject\",\"inLanguage\":\"en-US\",\"@id\":\"https:\/\/www.bob.webolatory.com\/ca-fr\/product\/apple-sour-cherry-fruit-rolls\/#primaryimage\",\"url\":\"https:\/\/www.bob.webolatory.com\/ca-fr\/wp-content\/uploads\/sites\/19\/2025\/03\/CAN_roll_100_cherry_-1.webp\",\"contentUrl\":\"https:\/\/www.bob.webolatory.com\/ca-fr\/wp-content\/uploads\/sites\/19\/2025\/03\/CAN_roll_100_cherry_-1.webp\",\"width\":1280,\"height\":1280},{\"@type\":\"BreadcrumbList\",\"@id\":\"https:\/\/www.bob.webolatory.com\/ca-fr\/product\/apple-sour-cherry-fruit-rolls\/#breadcrumb\",\"itemListElement\":[{\"@type\":\"ListItem\",\"position\":1,\"name\":\"Home\",\"item\":\"https:\/\/www.bob.webolatory.com\/ca-fr\/\"},{\"@type\":\"ListItem\",\"position\":2,\"name\":\"Products\",\"item\":\"https:\/\/www.bob.webolatory.com\/ca-fr\/shop\/\"},{\"@type\":\"ListItem\",\"position\":3,\"name\":\"ROULEAUX AUX POMMES ET \u00c0 LA CERISE SURE\"}]},{\"@type\":\"WebSite\",\"@id\":\"https:\/\/www.bob.webolatory.com\/ca-fr\/#website\",\"url\":\"https:\/\/www.bob.webolatory.com\/ca-fr\/\",\"name\":\"Bob Snail\",\"description\":\"\",\"potentialAction\":[{\"@type\":\"SearchAction\",\"target\":{\"@type\":\"EntryPoint\",\"urlTemplate\":\"https:\/\/www.bob.webolatory.com\/ca-fr\/?s={search_term_string}\"},\"query-input\":{\"@type\":\"PropertyValueSpecification\",\"valueRequired\":true,\"valueName\":\"search_term_string\"}}],\"inLanguage\":\"en-US\"}]}<\/script>\n<!-- \/ Yoast SEO plugin. -->","yoast_head_json":{"title":"ROULEAUX AUX POMMES ET \u00c0 LA CERISE SURE - Bob Snail","description":"ROULEAUX AUX POMMES ET \u00c0 LA CERISE SURE. Sans sucre ajout\u00e9, colorant ni conservateur. Mes gourmandises sont enti\u00e8rement naturelles\ud83c\udf1f","robots":{"index":"noindex","follow":"follow","max-snippet":"max-snippet:-1","max-image-preview":"max-image-preview:large","max-video-preview":"max-video-preview:-1"},"og_locale":"en_US","og_type":"article","og_title":"ROULEAUX AUX POMMES ET \u00c0 LA CERISE SURE - Bob Snail","og_description":"ROULEAUX AUX POMMES ET \u00c0 LA CERISE SURE. Sans sucre ajout\u00e9, colorant ni conservateur. Mes gourmandises sont enti\u00e8rement naturelles\ud83c\udf1f","og_url":"https:\/\/www.bob.webolatory.com\/ca-fr\/product\/apple-sour-cherry-fruit-rolls\/","og_site_name":"Bob Snail","article_modified_time":"2025-04-16T17:43:10+00:00","og_image":[{"width":1280,"height":1280,"url":"https:\/\/www.bob.webolatory.com\/ca-fr\/wp-content\/uploads\/sites\/19\/2025\/03\/CAN_roll_100_cherry_-1.webp","type":"image\/webp"}],"twitter_card":"summary_large_image","twitter_misc":{"Est. reading time":"1 minute"},"schema":{"@context":"https:\/\/schema.org","@graph":[{"@type":"WebPage","@id":"https:\/\/www.bob.webolatory.com\/ca-fr\/product\/apple-sour-cherry-fruit-rolls\/","url":"https:\/\/www.bob.webolatory.com\/ca-fr\/product\/apple-sour-cherry-fruit-rolls\/","name":"ROULEAUX AUX POMMES ET \u00c0 LA CERISE SURE - Bob Snail","isPartOf":{"@id":"https:\/\/www.bob.webolatory.com\/ca-fr\/#website"},"primaryImageOfPage":{"@id":"https:\/\/www.bob.webolatory.com\/ca-fr\/product\/apple-sour-cherry-fruit-rolls\/#primaryimage"},"image":{"@id":"https:\/\/www.bob.webolatory.com\/ca-fr\/product\/apple-sour-cherry-fruit-rolls\/#primaryimage"},"thumbnailUrl":"https:\/\/www.bob.webolatory.com\/ca-fr\/wp-content\/uploads\/sites\/19\/2025\/03\/CAN_roll_100_cherry_-1.webp","datePublished":"2025-03-03T17:54:20+00:00","dateModified":"2025-04-16T17:43:10+00:00","description":"ROULEAUX AUX POMMES ET \u00c0 LA CERISE SURE. Sans sucre ajout\u00e9, colorant ni conservateur. Mes gourmandises sont enti\u00e8rement naturelles\ud83c\udf1f","breadcrumb":{"@id":"https:\/\/www.bob.webolatory.com\/ca-fr\/product\/apple-sour-cherry-fruit-rolls\/#breadcrumb"},"inLanguage":"en-US","potentialAction":[{"@type":"ReadAction","target":["https:\/\/www.bob.webolatory.com\/ca-fr\/product\/apple-sour-cherry-fruit-rolls\/"]}]},{"@type":"ImageObject","inLanguage":"en-US","@id":"https:\/\/www.bob.webolatory.com\/ca-fr\/product\/apple-sour-cherry-fruit-rolls\/#primaryimage","url":"https:\/\/www.bob.webolatory.com\/ca-fr\/wp-content\/uploads\/sites\/19\/2025\/03\/CAN_roll_100_cherry_-1.webp","contentUrl":"https:\/\/www.bob.webolatory.com\/ca-fr\/wp-content\/uploads\/sites\/19\/2025\/03\/CAN_roll_100_cherry_-1.webp","width":1280,"height":1280},{"@type":"BreadcrumbList","@id":"https:\/\/www.bob.webolatory.com\/ca-fr\/product\/apple-sour-cherry-fruit-rolls\/#breadcrumb","itemListElement":[{"@type":"ListItem","position":1,"name":"Home","item":"https:\/\/www.bob.webolatory.com\/ca-fr\/"},{"@type":"ListItem","position":2,"name":"Products","item":"https:\/\/www.bob.webolatory.com\/ca-fr\/shop\/"},{"@type":"ListItem","position":3,"name":"ROULEAUX AUX POMMES ET \u00c0 LA CERISE SURE"}]},{"@type":"WebSite","@id":"https:\/\/www.bob.webolatory.com\/ca-fr\/#website","url":"https:\/\/www.bob.webolatory.com\/ca-fr\/","name":"Bob Snail","description":"","potentialAction":[{"@type":"SearchAction","target":{"@type":"EntryPoint","urlTemplate":"https:\/\/www.bob.webolatory.com\/ca-fr\/?s={search_term_string}"},"query-input":{"@type":"PropertyValueSpecification","valueRequired":true,"valueName":"search_term_string"}}],"inLanguage":"en-US"}]}},"_links":{"self":[{"href":"https:\/\/www.bob.webolatory.com\/ca-fr\/wp-json\/wp\/v2\/product\/1594","targetHints":{"allow":["GET"]}}],"collection":[{"href":"https:\/\/www.bob.webolatory.com\/ca-fr\/wp-json\/wp\/v2\/product"}],"about":[{"href":"https:\/\/www.bob.webolatory.com\/ca-fr\/wp-json\/wp\/v2\/types\/product"}],"replies":[{"embeddable":true,"href":"https:\/\/www.bob.webolatory.com\/ca-fr\/wp-json\/wp\/v2\/comments?post=1594"}],"wp:featuredmedia":[{"embeddable":true,"href":"https:\/\/www.bob.webolatory.com\/ca-fr\/wp-json\/wp\/v2\/media\/1595"}],"wp:attachment":[{"href":"https:\/\/www.bob.webolatory.com\/ca-fr\/wp-json\/wp\/v2\/media?parent=1594"}],"wp:term":[{"taxonomy":"product_brand","embeddable":true,"href":"https:\/\/www.bob.webolatory.com\/ca-fr\/wp-json\/wp\/v2\/product_brand?post=1594"},{"taxonomy":"product_cat","embeddable":true,"href":"https:\/\/www.bob.webolatory.com\/ca-fr\/wp-json\/wp\/v2\/product_cat?post=1594"},{"taxonomy":"product_tag","embeddable":true,"href":"https:\/\/www.bob.webolatory.com\/ca-fr\/wp-json\/wp\/v2\/product_tag?post=1594"}],"curies":[{"name":"wp","href":"https:\/\/api.w.org\/{rel}","templated":true}]}}