{"id":1669,"date":"2025-03-05T21:42:34","date_gmt":"2025-03-05T21:42:34","guid":{"rendered":"https:\/\/www.bob-snail.com\/?post_type=product&#038;p=1669"},"modified":"2025-04-16T17:45:46","modified_gmt":"2025-04-16T17:45:46","slug":"apple-cherry-stripe","status":"publish","type":"product","link":"https:\/\/www.bob.webolatory.com\/ca-fr\/product\/apple-cherry-stripe\/","title":{"rendered":"BANDELETTES AUX POMMES ET \u00c0 LA CERISE SURE"},"content":{"rendered":"<p><span style=\"font-weight: 400;\">Savourez des bandelettes de fruits faites avec seulement deux ingr\u00e9dients : des fruits et des baies ! Sans sucre ajout\u00e9, sans agents de conservation, sans colorants ni ar\u00f4mes artificiels. Elles ne contiennent aucun des huit allerg\u00e8nes les plus courants, comme les arachides, les produits laitiers ou le gluten, ce qui en fait une collation id\u00e9ale pour petits et grands.<\/span><\/p>\n<p><span style=\"font-weight: 400;\">Emball\u00e9es individuellement, mes bandelettes de fruits sont parfaites pour une collation sur le pouce et se glissent facilement dans votre poche. Que ce soit en voyage, \u00e0 l\u2019\u00e9cole, au bureau ou avant\/apr\u00e8s l\u2019entra\u00eenement, elles vous accompagnent partout !<\/span><\/p>\n<p><span style=\"font-weight: 400;\">Si vous cherchez une collation pratique ou une alternative plus saine aux friandises classiques, essayez mes d\u00e9licieuses bandelettes de fruits ! Avec une grande vari\u00e9t\u00e9 de saveurs, vous pouvez savourer vos fruits et baies pr\u00e9f\u00e9r\u00e9s toute l\u2019ann\u00e9e.<\/span><\/p>\n","protected":false},"excerpt":{"rendered":"<p>Savourez des bandelettes de fruits faites avec seulement deux ingr\u00e9dients : des fruits et des baies ! Sans sucre ajout\u00e9, sans agents de conservation, sans colorants ni ar\u00f4mes artificiels. Elles ne contiennent aucun des huit allerg\u00e8nes les plus courants, comme les arachides, les produits laitiers ou le gluten, ce qui en fait une collation id\u00e9ale [&hellip;]<\/p>\n","protected":false},"featured_media":1678,"comment_status":"open","ping_status":"closed","template":"","meta":[],"product_brand":[],"product_cat":[75],"product_tag":[],"class_list":{"0":"post-1669","1":"product","2":"type-product","3":"status-publish","4":"has-post-thumbnail","6":"product_cat-bandelettes","7":"weight_taxonomy-84g","9":"first","10":"instock","11":"shipping-taxable","12":"purchasable","13":"product-type-simple"},"yoast_head":"<!-- This site is optimized with the Yoast SEO plugin v24.7 - https:\/\/yoast.com\/wordpress\/plugins\/seo\/ -->\n<title>BANDELETTES AUX POMMES ET \u00c0 LA CERISE SURE - Bob Snail<\/title>\n<meta name=\"description\" content=\"BANDELETTES AUX POMMES ET \u00c0 LA CERISE SURE. Sans sucre ajout\u00e9, colorant ni conservateur. Mes gourmandises sont enti\u00e8rement naturelles\ud83c\udf1f\" \/>\n<meta name=\"robots\" content=\"noindex, follow, max-snippet:-1, max-image-preview:large, max-video-preview:-1\" \/>\n<meta property=\"og:locale\" content=\"en_US\" \/>\n<meta property=\"og:type\" content=\"article\" \/>\n<meta property=\"og:title\" content=\"BANDELETTES AUX POMMES ET \u00c0 LA CERISE SURE - Bob Snail\" \/>\n<meta property=\"og:description\" content=\"BANDELETTES AUX POMMES ET \u00c0 LA CERISE SURE. Sans sucre ajout\u00e9, colorant ni conservateur. Mes gourmandises sont enti\u00e8rement naturelles\ud83c\udf1f\" \/>\n<meta property=\"og:url\" content=\"https:\/\/www.bob.webolatory.com\/ca-fr\/product\/apple-cherry-stripe\/\" \/>\n<meta property=\"og:site_name\" content=\"Bob Snail\" \/>\n<meta property=\"article:modified_time\" content=\"2025-04-16T17:45:46+00:00\" \/>\n<meta property=\"og:image\" content=\"https:\/\/www.bob.webolatory.com\/ca-fr\/wp-content\/uploads\/sites\/19\/2025\/03\/CAN_stripe_84_cherry_-1.webp\" \/>\n\t<meta property=\"og:image:width\" content=\"1280\" \/>\n\t<meta property=\"og:image:height\" content=\"1280\" \/>\n\t<meta property=\"og:image:type\" content=\"image\/webp\" \/>\n<meta name=\"twitter:card\" content=\"summary_large_image\" \/>\n<meta name=\"twitter:label1\" content=\"Est. reading time\" \/>\n\t<meta name=\"twitter:data1\" content=\"1 minute\" \/>\n<script type=\"application\/ld+json\" class=\"yoast-schema-graph\">{\"@context\":\"https:\/\/schema.org\",\"@graph\":[{\"@type\":\"WebPage\",\"@id\":\"https:\/\/www.bob.webolatory.com\/ca-fr\/product\/apple-cherry-stripe\/\",\"url\":\"https:\/\/www.bob.webolatory.com\/ca-fr\/product\/apple-cherry-stripe\/\",\"name\":\"BANDELETTES AUX POMMES ET \u00c0 LA CERISE SURE - Bob Snail\",\"isPartOf\":{\"@id\":\"https:\/\/www.bob.webolatory.com\/ca-fr\/#website\"},\"primaryImageOfPage\":{\"@id\":\"https:\/\/www.bob.webolatory.com\/ca-fr\/product\/apple-cherry-stripe\/#primaryimage\"},\"image\":{\"@id\":\"https:\/\/www.bob.webolatory.com\/ca-fr\/product\/apple-cherry-stripe\/#primaryimage\"},\"thumbnailUrl\":\"https:\/\/www.bob.webolatory.com\/ca-fr\/wp-content\/uploads\/sites\/19\/2025\/03\/CAN_stripe_84_cherry_-1.webp\",\"datePublished\":\"2025-03-05T21:42:34+00:00\",\"dateModified\":\"2025-04-16T17:45:46+00:00\",\"description\":\"BANDELETTES AUX POMMES ET \u00c0 LA CERISE SURE. Sans sucre ajout\u00e9, colorant ni conservateur. Mes gourmandises sont enti\u00e8rement naturelles\ud83c\udf1f\",\"breadcrumb\":{\"@id\":\"https:\/\/www.bob.webolatory.com\/ca-fr\/product\/apple-cherry-stripe\/#breadcrumb\"},\"inLanguage\":\"en-US\",\"potentialAction\":[{\"@type\":\"ReadAction\",\"target\":[\"https:\/\/www.bob.webolatory.com\/ca-fr\/product\/apple-cherry-stripe\/\"]}]},{\"@type\":\"ImageObject\",\"inLanguage\":\"en-US\",\"@id\":\"https:\/\/www.bob.webolatory.com\/ca-fr\/product\/apple-cherry-stripe\/#primaryimage\",\"url\":\"https:\/\/www.bob.webolatory.com\/ca-fr\/wp-content\/uploads\/sites\/19\/2025\/03\/CAN_stripe_84_cherry_-1.webp\",\"contentUrl\":\"https:\/\/www.bob.webolatory.com\/ca-fr\/wp-content\/uploads\/sites\/19\/2025\/03\/CAN_stripe_84_cherry_-1.webp\",\"width\":1280,\"height\":1280},{\"@type\":\"BreadcrumbList\",\"@id\":\"https:\/\/www.bob.webolatory.com\/ca-fr\/product\/apple-cherry-stripe\/#breadcrumb\",\"itemListElement\":[{\"@type\":\"ListItem\",\"position\":1,\"name\":\"Home\",\"item\":\"https:\/\/www.bob.webolatory.com\/ca-fr\/\"},{\"@type\":\"ListItem\",\"position\":2,\"name\":\"Products\",\"item\":\"https:\/\/www.bob.webolatory.com\/ca-fr\/shop\/\"},{\"@type\":\"ListItem\",\"position\":3,\"name\":\"BANDELETTES AUX POMMES ET \u00c0 LA CERISE SURE\"}]},{\"@type\":\"WebSite\",\"@id\":\"https:\/\/www.bob.webolatory.com\/ca-fr\/#website\",\"url\":\"https:\/\/www.bob.webolatory.com\/ca-fr\/\",\"name\":\"Bob Snail\",\"description\":\"\",\"potentialAction\":[{\"@type\":\"SearchAction\",\"target\":{\"@type\":\"EntryPoint\",\"urlTemplate\":\"https:\/\/www.bob.webolatory.com\/ca-fr\/?s={search_term_string}\"},\"query-input\":{\"@type\":\"PropertyValueSpecification\",\"valueRequired\":true,\"valueName\":\"search_term_string\"}}],\"inLanguage\":\"en-US\"}]}<\/script>\n<!-- \/ Yoast SEO plugin. -->","yoast_head_json":{"title":"BANDELETTES AUX POMMES ET \u00c0 LA CERISE SURE - Bob Snail","description":"BANDELETTES AUX POMMES ET \u00c0 LA CERISE SURE. Sans sucre ajout\u00e9, colorant ni conservateur. Mes gourmandises sont enti\u00e8rement naturelles\ud83c\udf1f","robots":{"index":"noindex","follow":"follow","max-snippet":"max-snippet:-1","max-image-preview":"max-image-preview:large","max-video-preview":"max-video-preview:-1"},"og_locale":"en_US","og_type":"article","og_title":"BANDELETTES AUX POMMES ET \u00c0 LA CERISE SURE - Bob Snail","og_description":"BANDELETTES AUX POMMES ET \u00c0 LA CERISE SURE. Sans sucre ajout\u00e9, colorant ni conservateur. Mes gourmandises sont enti\u00e8rement naturelles\ud83c\udf1f","og_url":"https:\/\/www.bob.webolatory.com\/ca-fr\/product\/apple-cherry-stripe\/","og_site_name":"Bob Snail","article_modified_time":"2025-04-16T17:45:46+00:00","og_image":[{"width":1280,"height":1280,"url":"https:\/\/www.bob.webolatory.com\/ca-fr\/wp-content\/uploads\/sites\/19\/2025\/03\/CAN_stripe_84_cherry_-1.webp","type":"image\/webp"}],"twitter_card":"summary_large_image","twitter_misc":{"Est. reading time":"1 minute"},"schema":{"@context":"https:\/\/schema.org","@graph":[{"@type":"WebPage","@id":"https:\/\/www.bob.webolatory.com\/ca-fr\/product\/apple-cherry-stripe\/","url":"https:\/\/www.bob.webolatory.com\/ca-fr\/product\/apple-cherry-stripe\/","name":"BANDELETTES AUX POMMES ET \u00c0 LA CERISE SURE - Bob Snail","isPartOf":{"@id":"https:\/\/www.bob.webolatory.com\/ca-fr\/#website"},"primaryImageOfPage":{"@id":"https:\/\/www.bob.webolatory.com\/ca-fr\/product\/apple-cherry-stripe\/#primaryimage"},"image":{"@id":"https:\/\/www.bob.webolatory.com\/ca-fr\/product\/apple-cherry-stripe\/#primaryimage"},"thumbnailUrl":"https:\/\/www.bob.webolatory.com\/ca-fr\/wp-content\/uploads\/sites\/19\/2025\/03\/CAN_stripe_84_cherry_-1.webp","datePublished":"2025-03-05T21:42:34+00:00","dateModified":"2025-04-16T17:45:46+00:00","description":"BANDELETTES AUX POMMES ET \u00c0 LA CERISE SURE. Sans sucre ajout\u00e9, colorant ni conservateur. Mes gourmandises sont enti\u00e8rement naturelles\ud83c\udf1f","breadcrumb":{"@id":"https:\/\/www.bob.webolatory.com\/ca-fr\/product\/apple-cherry-stripe\/#breadcrumb"},"inLanguage":"en-US","potentialAction":[{"@type":"ReadAction","target":["https:\/\/www.bob.webolatory.com\/ca-fr\/product\/apple-cherry-stripe\/"]}]},{"@type":"ImageObject","inLanguage":"en-US","@id":"https:\/\/www.bob.webolatory.com\/ca-fr\/product\/apple-cherry-stripe\/#primaryimage","url":"https:\/\/www.bob.webolatory.com\/ca-fr\/wp-content\/uploads\/sites\/19\/2025\/03\/CAN_stripe_84_cherry_-1.webp","contentUrl":"https:\/\/www.bob.webolatory.com\/ca-fr\/wp-content\/uploads\/sites\/19\/2025\/03\/CAN_stripe_84_cherry_-1.webp","width":1280,"height":1280},{"@type":"BreadcrumbList","@id":"https:\/\/www.bob.webolatory.com\/ca-fr\/product\/apple-cherry-stripe\/#breadcrumb","itemListElement":[{"@type":"ListItem","position":1,"name":"Home","item":"https:\/\/www.bob.webolatory.com\/ca-fr\/"},{"@type":"ListItem","position":2,"name":"Products","item":"https:\/\/www.bob.webolatory.com\/ca-fr\/shop\/"},{"@type":"ListItem","position":3,"name":"BANDELETTES AUX POMMES ET \u00c0 LA CERISE SURE"}]},{"@type":"WebSite","@id":"https:\/\/www.bob.webolatory.com\/ca-fr\/#website","url":"https:\/\/www.bob.webolatory.com\/ca-fr\/","name":"Bob Snail","description":"","potentialAction":[{"@type":"SearchAction","target":{"@type":"EntryPoint","urlTemplate":"https:\/\/www.bob.webolatory.com\/ca-fr\/?s={search_term_string}"},"query-input":{"@type":"PropertyValueSpecification","valueRequired":true,"valueName":"search_term_string"}}],"inLanguage":"en-US"}]}},"_links":{"self":[{"href":"https:\/\/www.bob.webolatory.com\/ca-fr\/wp-json\/wp\/v2\/product\/1669","targetHints":{"allow":["GET"]}}],"collection":[{"href":"https:\/\/www.bob.webolatory.com\/ca-fr\/wp-json\/wp\/v2\/product"}],"about":[{"href":"https:\/\/www.bob.webolatory.com\/ca-fr\/wp-json\/wp\/v2\/types\/product"}],"replies":[{"embeddable":true,"href":"https:\/\/www.bob.webolatory.com\/ca-fr\/wp-json\/wp\/v2\/comments?post=1669"}],"wp:featuredmedia":[{"embeddable":true,"href":"https:\/\/www.bob.webolatory.com\/ca-fr\/wp-json\/wp\/v2\/media\/1678"}],"wp:attachment":[{"href":"https:\/\/www.bob.webolatory.com\/ca-fr\/wp-json\/wp\/v2\/media?parent=1669"}],"wp:term":[{"taxonomy":"product_brand","embeddable":true,"href":"https:\/\/www.bob.webolatory.com\/ca-fr\/wp-json\/wp\/v2\/product_brand?post=1669"},{"taxonomy":"product_cat","embeddable":true,"href":"https:\/\/www.bob.webolatory.com\/ca-fr\/wp-json\/wp\/v2\/product_cat?post=1669"},{"taxonomy":"product_tag","embeddable":true,"href":"https:\/\/www.bob.webolatory.com\/ca-fr\/wp-json\/wp\/v2\/product_tag?post=1669"}],"curies":[{"name":"wp","href":"https:\/\/api.w.org\/{rel}","templated":true}]}}