{"id":1736,"date":"2025-03-05T22:15:51","date_gmt":"2025-03-05T22:15:51","guid":{"rendered":"https:\/\/www.bob-snail.com\/?post_type=product&#038;p=1736"},"modified":"2025-04-16T17:36:12","modified_gmt":"2025-04-16T17:36:12","slug":"mango-fruit-rolls","status":"publish","type":"product","link":"https:\/\/www.bob.webolatory.com\/ca-fr\/product\/mango-fruit-rolls\/","title":{"rendered":"ROULEAUX \u00c0 LA MANGUE"},"content":{"rendered":"<p><span style=\"font-weight: 400;\">D\u00e9couvrez des rouleaux aux formes amusantes, faits avec seulement deux ingr\u00e9dients : des fruits et des baies ! Sans sucre ajout\u00e9, sans agents de conservation, sans colorants ni ar\u00f4mes artificiels. Et en prime, ils ne contiennent aucun des huit allerg\u00e8nes les plus courants, comme les arachides, les produits laitiers ou le gluten. Un choix parfait pour les petits et les grands !<\/span><\/p>\n<p><span style=\"font-weight: 400;\">Emball\u00e9s individuellement, ils se glissent facilement dans une bo\u00eete \u00e0 lunch, un sac \u00e0 dos ou un sac \u00e0 main. Savourez-les o\u00f9 que vous soyez \u2014 \u00e0 l\u2019\u00e9cole, en pique-nique, au bureau, avant ou apr\u00e8s l\u2019entra\u00eenement, en balade ou en voyage !<\/span><\/p>\n<p><span style=\"font-weight: 400;\">Et le meilleur ? Vous pouvez les d\u00e9guster comme bon vous semble : croquez dedans, d\u00e9tachez-les morceau par morceau ou d\u00e9roulez-les pour prolonger le plaisir !<\/span><\/p>\n<p><span style=\"font-weight: 400;\">Essayez diff\u00e9rentes saveurs et trouvez vos pr\u00e9f\u00e9r\u00e9es pour des pauses gourmandes et saines !<\/span><\/p>\n","protected":false},"excerpt":{"rendered":"<p>D\u00e9couvrez des rouleaux aux formes amusantes, faits avec seulement deux ingr\u00e9dients : des fruits et des baies ! Sans sucre ajout\u00e9, sans agents de conservation, sans colorants ni ar\u00f4mes artificiels. Et en prime, ils ne contiennent aucun des huit allerg\u00e8nes les plus courants, comme les arachides, les produits laitiers ou le gluten. Un choix parfait [&hellip;]<\/p>\n","protected":false},"featured_media":1737,"comment_status":"open","ping_status":"closed","template":"","meta":[],"product_brand":[],"product_cat":[17],"product_tag":[],"class_list":{"0":"post-1736","1":"product","2":"type-product","3":"status-publish","4":"has-post-thumbnail","6":"product_cat-rouleaux","7":"weight_taxonomy-100g","9":"first","10":"instock","11":"shipping-taxable","12":"purchasable","13":"product-type-simple"},"yoast_head":"<!-- This site is optimized with the Yoast SEO plugin v24.7 - https:\/\/yoast.com\/wordpress\/plugins\/seo\/ -->\n<title>ROULEAUX \u00c0 LA MANGUE - Bob Snail<\/title>\n<meta name=\"description\" content=\"ROULEAUX \u00c0 LA MANGUE. Sans sucre ajout\u00e9, colorant ni conservateur. Mes gourmandises sont enti\u00e8rement naturelles\ud83c\udf1f\" \/>\n<meta name=\"robots\" content=\"noindex, follow, max-snippet:-1, max-image-preview:large, max-video-preview:-1\" \/>\n<meta property=\"og:locale\" content=\"en_US\" \/>\n<meta property=\"og:type\" content=\"article\" \/>\n<meta property=\"og:title\" content=\"ROULEAUX \u00c0 LA MANGUE - Bob Snail\" \/>\n<meta property=\"og:description\" content=\"ROULEAUX \u00c0 LA MANGUE. Sans sucre ajout\u00e9, colorant ni conservateur. Mes gourmandises sont enti\u00e8rement naturelles\ud83c\udf1f\" \/>\n<meta property=\"og:url\" content=\"https:\/\/www.bob.webolatory.com\/ca-fr\/product\/mango-fruit-rolls\/\" \/>\n<meta property=\"og:site_name\" content=\"Bob Snail\" \/>\n<meta property=\"article:modified_time\" content=\"2025-04-16T17:36:12+00:00\" \/>\n<meta property=\"og:image\" content=\"https:\/\/www.bob.webolatory.com\/ca-fr\/wp-content\/uploads\/sites\/19\/2025\/03\/CAN_roll_100_mango_1.webp\" \/>\n\t<meta property=\"og:image:width\" content=\"1280\" \/>\n\t<meta property=\"og:image:height\" content=\"1280\" \/>\n\t<meta property=\"og:image:type\" content=\"image\/webp\" \/>\n<meta name=\"twitter:card\" content=\"summary_large_image\" \/>\n<meta name=\"twitter:label1\" content=\"Est. reading time\" \/>\n\t<meta name=\"twitter:data1\" content=\"1 minute\" \/>\n<script type=\"application\/ld+json\" class=\"yoast-schema-graph\">{\"@context\":\"https:\/\/schema.org\",\"@graph\":[{\"@type\":\"WebPage\",\"@id\":\"https:\/\/www.bob.webolatory.com\/ca-fr\/product\/mango-fruit-rolls\/\",\"url\":\"https:\/\/www.bob.webolatory.com\/ca-fr\/product\/mango-fruit-rolls\/\",\"name\":\"ROULEAUX \u00c0 LA MANGUE - Bob Snail\",\"isPartOf\":{\"@id\":\"https:\/\/www.bob.webolatory.com\/ca-fr\/#website\"},\"primaryImageOfPage\":{\"@id\":\"https:\/\/www.bob.webolatory.com\/ca-fr\/product\/mango-fruit-rolls\/#primaryimage\"},\"image\":{\"@id\":\"https:\/\/www.bob.webolatory.com\/ca-fr\/product\/mango-fruit-rolls\/#primaryimage\"},\"thumbnailUrl\":\"https:\/\/www.bob.webolatory.com\/ca-fr\/wp-content\/uploads\/sites\/19\/2025\/03\/CAN_roll_100_mango_1.webp\",\"datePublished\":\"2025-03-05T22:15:51+00:00\",\"dateModified\":\"2025-04-16T17:36:12+00:00\",\"description\":\"ROULEAUX \u00c0 LA MANGUE. Sans sucre ajout\u00e9, colorant ni conservateur. Mes gourmandises sont enti\u00e8rement naturelles\ud83c\udf1f\",\"breadcrumb\":{\"@id\":\"https:\/\/www.bob.webolatory.com\/ca-fr\/product\/mango-fruit-rolls\/#breadcrumb\"},\"inLanguage\":\"en-US\",\"potentialAction\":[{\"@type\":\"ReadAction\",\"target\":[\"https:\/\/www.bob.webolatory.com\/ca-fr\/product\/mango-fruit-rolls\/\"]}]},{\"@type\":\"ImageObject\",\"inLanguage\":\"en-US\",\"@id\":\"https:\/\/www.bob.webolatory.com\/ca-fr\/product\/mango-fruit-rolls\/#primaryimage\",\"url\":\"https:\/\/www.bob.webolatory.com\/ca-fr\/wp-content\/uploads\/sites\/19\/2025\/03\/CAN_roll_100_mango_1.webp\",\"contentUrl\":\"https:\/\/www.bob.webolatory.com\/ca-fr\/wp-content\/uploads\/sites\/19\/2025\/03\/CAN_roll_100_mango_1.webp\",\"width\":1280,\"height\":1280},{\"@type\":\"BreadcrumbList\",\"@id\":\"https:\/\/www.bob.webolatory.com\/ca-fr\/product\/mango-fruit-rolls\/#breadcrumb\",\"itemListElement\":[{\"@type\":\"ListItem\",\"position\":1,\"name\":\"Home\",\"item\":\"https:\/\/www.bob.webolatory.com\/ca-fr\/\"},{\"@type\":\"ListItem\",\"position\":2,\"name\":\"Products\",\"item\":\"https:\/\/www.bob.webolatory.com\/ca-fr\/shop\/\"},{\"@type\":\"ListItem\",\"position\":3,\"name\":\"ROULEAUX \u00c0 LA MANGUE\"}]},{\"@type\":\"WebSite\",\"@id\":\"https:\/\/www.bob.webolatory.com\/ca-fr\/#website\",\"url\":\"https:\/\/www.bob.webolatory.com\/ca-fr\/\",\"name\":\"Bob Snail\",\"description\":\"\",\"potentialAction\":[{\"@type\":\"SearchAction\",\"target\":{\"@type\":\"EntryPoint\",\"urlTemplate\":\"https:\/\/www.bob.webolatory.com\/ca-fr\/?s={search_term_string}\"},\"query-input\":{\"@type\":\"PropertyValueSpecification\",\"valueRequired\":true,\"valueName\":\"search_term_string\"}}],\"inLanguage\":\"en-US\"}]}<\/script>\n<!-- \/ Yoast SEO plugin. -->","yoast_head_json":{"title":"ROULEAUX \u00c0 LA MANGUE - Bob Snail","description":"ROULEAUX \u00c0 LA MANGUE. Sans sucre ajout\u00e9, colorant ni conservateur. Mes gourmandises sont enti\u00e8rement naturelles\ud83c\udf1f","robots":{"index":"noindex","follow":"follow","max-snippet":"max-snippet:-1","max-image-preview":"max-image-preview:large","max-video-preview":"max-video-preview:-1"},"og_locale":"en_US","og_type":"article","og_title":"ROULEAUX \u00c0 LA MANGUE - Bob Snail","og_description":"ROULEAUX \u00c0 LA MANGUE. Sans sucre ajout\u00e9, colorant ni conservateur. Mes gourmandises sont enti\u00e8rement naturelles\ud83c\udf1f","og_url":"https:\/\/www.bob.webolatory.com\/ca-fr\/product\/mango-fruit-rolls\/","og_site_name":"Bob Snail","article_modified_time":"2025-04-16T17:36:12+00:00","og_image":[{"width":1280,"height":1280,"url":"https:\/\/www.bob.webolatory.com\/ca-fr\/wp-content\/uploads\/sites\/19\/2025\/03\/CAN_roll_100_mango_1.webp","type":"image\/webp"}],"twitter_card":"summary_large_image","twitter_misc":{"Est. reading time":"1 minute"},"schema":{"@context":"https:\/\/schema.org","@graph":[{"@type":"WebPage","@id":"https:\/\/www.bob.webolatory.com\/ca-fr\/product\/mango-fruit-rolls\/","url":"https:\/\/www.bob.webolatory.com\/ca-fr\/product\/mango-fruit-rolls\/","name":"ROULEAUX \u00c0 LA MANGUE - Bob Snail","isPartOf":{"@id":"https:\/\/www.bob.webolatory.com\/ca-fr\/#website"},"primaryImageOfPage":{"@id":"https:\/\/www.bob.webolatory.com\/ca-fr\/product\/mango-fruit-rolls\/#primaryimage"},"image":{"@id":"https:\/\/www.bob.webolatory.com\/ca-fr\/product\/mango-fruit-rolls\/#primaryimage"},"thumbnailUrl":"https:\/\/www.bob.webolatory.com\/ca-fr\/wp-content\/uploads\/sites\/19\/2025\/03\/CAN_roll_100_mango_1.webp","datePublished":"2025-03-05T22:15:51+00:00","dateModified":"2025-04-16T17:36:12+00:00","description":"ROULEAUX \u00c0 LA MANGUE. Sans sucre ajout\u00e9, colorant ni conservateur. Mes gourmandises sont enti\u00e8rement naturelles\ud83c\udf1f","breadcrumb":{"@id":"https:\/\/www.bob.webolatory.com\/ca-fr\/product\/mango-fruit-rolls\/#breadcrumb"},"inLanguage":"en-US","potentialAction":[{"@type":"ReadAction","target":["https:\/\/www.bob.webolatory.com\/ca-fr\/product\/mango-fruit-rolls\/"]}]},{"@type":"ImageObject","inLanguage":"en-US","@id":"https:\/\/www.bob.webolatory.com\/ca-fr\/product\/mango-fruit-rolls\/#primaryimage","url":"https:\/\/www.bob.webolatory.com\/ca-fr\/wp-content\/uploads\/sites\/19\/2025\/03\/CAN_roll_100_mango_1.webp","contentUrl":"https:\/\/www.bob.webolatory.com\/ca-fr\/wp-content\/uploads\/sites\/19\/2025\/03\/CAN_roll_100_mango_1.webp","width":1280,"height":1280},{"@type":"BreadcrumbList","@id":"https:\/\/www.bob.webolatory.com\/ca-fr\/product\/mango-fruit-rolls\/#breadcrumb","itemListElement":[{"@type":"ListItem","position":1,"name":"Home","item":"https:\/\/www.bob.webolatory.com\/ca-fr\/"},{"@type":"ListItem","position":2,"name":"Products","item":"https:\/\/www.bob.webolatory.com\/ca-fr\/shop\/"},{"@type":"ListItem","position":3,"name":"ROULEAUX \u00c0 LA MANGUE"}]},{"@type":"WebSite","@id":"https:\/\/www.bob.webolatory.com\/ca-fr\/#website","url":"https:\/\/www.bob.webolatory.com\/ca-fr\/","name":"Bob Snail","description":"","potentialAction":[{"@type":"SearchAction","target":{"@type":"EntryPoint","urlTemplate":"https:\/\/www.bob.webolatory.com\/ca-fr\/?s={search_term_string}"},"query-input":{"@type":"PropertyValueSpecification","valueRequired":true,"valueName":"search_term_string"}}],"inLanguage":"en-US"}]}},"_links":{"self":[{"href":"https:\/\/www.bob.webolatory.com\/ca-fr\/wp-json\/wp\/v2\/product\/1736","targetHints":{"allow":["GET"]}}],"collection":[{"href":"https:\/\/www.bob.webolatory.com\/ca-fr\/wp-json\/wp\/v2\/product"}],"about":[{"href":"https:\/\/www.bob.webolatory.com\/ca-fr\/wp-json\/wp\/v2\/types\/product"}],"replies":[{"embeddable":true,"href":"https:\/\/www.bob.webolatory.com\/ca-fr\/wp-json\/wp\/v2\/comments?post=1736"}],"wp:featuredmedia":[{"embeddable":true,"href":"https:\/\/www.bob.webolatory.com\/ca-fr\/wp-json\/wp\/v2\/media\/1737"}],"wp:attachment":[{"href":"https:\/\/www.bob.webolatory.com\/ca-fr\/wp-json\/wp\/v2\/media?parent=1736"}],"wp:term":[{"taxonomy":"product_brand","embeddable":true,"href":"https:\/\/www.bob.webolatory.com\/ca-fr\/wp-json\/wp\/v2\/product_brand?post=1736"},{"taxonomy":"product_cat","embeddable":true,"href":"https:\/\/www.bob.webolatory.com\/ca-fr\/wp-json\/wp\/v2\/product_cat?post=1736"},{"taxonomy":"product_tag","embeddable":true,"href":"https:\/\/www.bob.webolatory.com\/ca-fr\/wp-json\/wp\/v2\/product_tag?post=1736"}],"curies":[{"name":"wp","href":"https:\/\/api.w.org\/{rel}","templated":true}]}}