{"id":1747,"date":"2025-03-05T22:28:42","date_gmt":"2025-03-05T22:28:42","guid":{"rendered":"https:\/\/www.bob-snail.com\/?post_type=product&#038;p=1747"},"modified":"2025-04-16T18:01:35","modified_gmt":"2025-04-16T18:01:35","slug":"fruit-jellies-apple-pumpkin-mango-chia","status":"publish","type":"product","link":"https:\/\/www.bob.webolatory.com\/ca-fr\/product\/fruit-jellies-apple-pumpkin-mango-chia\/","title":{"rendered":"GEL\u00c9E DE POMME DE MANGUE, DE CITROUILLE ET DE CHIA"},"content":{"rendered":"<p><span style=\"font-weight: 400;\">Plongez dans une \u00e9treinte sucr\u00e9e avec les irr\u00e9sistibles bonbons g\u00e9lifi\u00e9s aux fruits naturels ! Faits \u00e0 partir de jus de fruits, de baies et de l\u00e9gumes, sans sucre ajout\u00e9. Ils sont \u00e9paissis avec de l\u2019agar-agar, un ingr\u00e9dient 100 % v\u00e9g\u00e9tal. R\u00e9sultat ? Des bonbons sans g\u00e9latine ni gluten, parfaits pour tous !<\/span><\/p>\n<p><span style=\"font-weight: 400;\">Avec leur texture d\u00e9licate et l\u00e9g\u00e8rement \u00e9lastique, mes bonbons offrent un \u00e9quilibre parfait entre douceur et acidit\u00e9. Emball\u00e9s individuellement, ils sont pratiques \u00e0 emporter partout \u2014 glissez-en dans une bo\u00eete \u00e0 lunch ou un sac \u00e0 dos pour une petite pause gourmande, o\u00f9 que vous soyez.<\/span><\/p>\n<p><span style=\"font-weight: 400;\">Naturels et \u00e0 base d\u2019agar, mes bonbons g\u00e9lifi\u00e9s sont une alternative plus saine aux collations classiques. Ils se marient \u00e0 merveille avec un caf\u00e9 ou un th\u00e9 et sont parfaits \u00e0 partager entre amis ou coll\u00e8gues.<\/span><\/p>\n<p><span style=\"font-weight: 400;\">Savourez le bonheur fruit\u00e9 dans chaque bouch\u00e9e !<\/span><\/p>\n<p>&nbsp;<\/p>\n","protected":false},"excerpt":{"rendered":"<p>Plongez dans une \u00e9treinte sucr\u00e9e avec les irr\u00e9sistibles bonbons g\u00e9lifi\u00e9s aux fruits naturels ! Faits \u00e0 partir de jus de fruits, de baies et de l\u00e9gumes, sans sucre ajout\u00e9. Ils sont \u00e9paissis avec de l\u2019agar-agar, un ingr\u00e9dient 100 % v\u00e9g\u00e9tal. R\u00e9sultat ? Des bonbons sans g\u00e9latine ni gluten, parfaits pour tous ! Avec leur texture [&hellip;]<\/p>\n","protected":false},"featured_media":1748,"comment_status":"open","ping_status":"closed","template":"","meta":[],"product_brand":[],"product_cat":[76],"product_tag":[],"class_list":{"0":"post-1747","1":"product","2":"type-product","3":"status-publish","4":"has-post-thumbnail","6":"product_cat-gelee","7":"weight_taxonomy-90g","9":"first","10":"instock","11":"shipping-taxable","12":"purchasable","13":"product-type-simple"},"yoast_head":"<!-- This site is optimized with the Yoast SEO plugin v24.7 - https:\/\/yoast.com\/wordpress\/plugins\/seo\/ -->\n<title>GEL\u00c9E DE POMME DE MANGUE, DE CITROUILLE ET DE CHIA - Bob Snail<\/title>\n<meta name=\"description\" content=\"GEL\u00c9E DE POMME DE MANGUE, DE CITROUILLE ET DE CHIA. Sans sucre ajout\u00e9, colorant ni conservateur. Mes gourmandises sont enti\u00e8rement naturelles\ud83c\udf1f\" \/>\n<meta name=\"robots\" content=\"noindex, follow, max-snippet:-1, max-image-preview:large, max-video-preview:-1\" \/>\n<meta property=\"og:locale\" content=\"en_US\" \/>\n<meta property=\"og:type\" content=\"article\" \/>\n<meta property=\"og:title\" content=\"GEL\u00c9E DE POMME DE MANGUE, DE CITROUILLE ET DE CHIA - Bob Snail\" \/>\n<meta property=\"og:description\" content=\"GEL\u00c9E DE POMME DE MANGUE, DE CITROUILLE ET DE CHIA. Sans sucre ajout\u00e9, colorant ni conservateur. Mes gourmandises sont enti\u00e8rement naturelles\ud83c\udf1f\" \/>\n<meta property=\"og:url\" content=\"https:\/\/www.bob.webolatory.com\/ca-fr\/product\/fruit-jellies-apple-pumpkin-mango-chia\/\" \/>\n<meta property=\"og:site_name\" content=\"Bob Snail\" \/>\n<meta property=\"article:modified_time\" content=\"2025-04-16T18:01:35+00:00\" \/>\n<meta property=\"og:image\" content=\"https:\/\/www.bob.webolatory.com\/ca-fr\/wp-content\/uploads\/sites\/19\/2025\/03\/CAN_Jelly_90_mango-1-1.webp\" \/>\n\t<meta property=\"og:image:width\" content=\"1280\" \/>\n\t<meta property=\"og:image:height\" content=\"1280\" \/>\n\t<meta property=\"og:image:type\" content=\"image\/webp\" \/>\n<meta name=\"twitter:card\" content=\"summary_large_image\" \/>\n<meta name=\"twitter:label1\" content=\"Est. reading time\" \/>\n\t<meta name=\"twitter:data1\" content=\"1 minute\" \/>\n<script type=\"application\/ld+json\" class=\"yoast-schema-graph\">{\"@context\":\"https:\/\/schema.org\",\"@graph\":[{\"@type\":\"WebPage\",\"@id\":\"https:\/\/www.bob.webolatory.com\/ca-fr\/product\/fruit-jellies-apple-pumpkin-mango-chia\/\",\"url\":\"https:\/\/www.bob.webolatory.com\/ca-fr\/product\/fruit-jellies-apple-pumpkin-mango-chia\/\",\"name\":\"GEL\u00c9E DE POMME DE MANGUE, DE CITROUILLE ET DE CHIA - Bob Snail\",\"isPartOf\":{\"@id\":\"https:\/\/www.bob.webolatory.com\/ca-fr\/#website\"},\"primaryImageOfPage\":{\"@id\":\"https:\/\/www.bob.webolatory.com\/ca-fr\/product\/fruit-jellies-apple-pumpkin-mango-chia\/#primaryimage\"},\"image\":{\"@id\":\"https:\/\/www.bob.webolatory.com\/ca-fr\/product\/fruit-jellies-apple-pumpkin-mango-chia\/#primaryimage\"},\"thumbnailUrl\":\"https:\/\/www.bob.webolatory.com\/ca-fr\/wp-content\/uploads\/sites\/19\/2025\/03\/CAN_Jelly_90_mango-1-1.webp\",\"datePublished\":\"2025-03-05T22:28:42+00:00\",\"dateModified\":\"2025-04-16T18:01:35+00:00\",\"description\":\"GEL\u00c9E DE POMME DE MANGUE, DE CITROUILLE ET DE CHIA. Sans sucre ajout\u00e9, colorant ni conservateur. Mes gourmandises sont enti\u00e8rement naturelles\ud83c\udf1f\",\"breadcrumb\":{\"@id\":\"https:\/\/www.bob.webolatory.com\/ca-fr\/product\/fruit-jellies-apple-pumpkin-mango-chia\/#breadcrumb\"},\"inLanguage\":\"en-US\",\"potentialAction\":[{\"@type\":\"ReadAction\",\"target\":[\"https:\/\/www.bob.webolatory.com\/ca-fr\/product\/fruit-jellies-apple-pumpkin-mango-chia\/\"]}]},{\"@type\":\"ImageObject\",\"inLanguage\":\"en-US\",\"@id\":\"https:\/\/www.bob.webolatory.com\/ca-fr\/product\/fruit-jellies-apple-pumpkin-mango-chia\/#primaryimage\",\"url\":\"https:\/\/www.bob.webolatory.com\/ca-fr\/wp-content\/uploads\/sites\/19\/2025\/03\/CAN_Jelly_90_mango-1-1.webp\",\"contentUrl\":\"https:\/\/www.bob.webolatory.com\/ca-fr\/wp-content\/uploads\/sites\/19\/2025\/03\/CAN_Jelly_90_mango-1-1.webp\",\"width\":1280,\"height\":1280},{\"@type\":\"BreadcrumbList\",\"@id\":\"https:\/\/www.bob.webolatory.com\/ca-fr\/product\/fruit-jellies-apple-pumpkin-mango-chia\/#breadcrumb\",\"itemListElement\":[{\"@type\":\"ListItem\",\"position\":1,\"name\":\"Home\",\"item\":\"https:\/\/www.bob.webolatory.com\/ca-fr\/\"},{\"@type\":\"ListItem\",\"position\":2,\"name\":\"Products\",\"item\":\"https:\/\/www.bob.webolatory.com\/ca-fr\/shop\/\"},{\"@type\":\"ListItem\",\"position\":3,\"name\":\"GEL\u00c9E DE POMME DE MANGUE, DE CITROUILLE ET DE CHIA\"}]},{\"@type\":\"WebSite\",\"@id\":\"https:\/\/www.bob.webolatory.com\/ca-fr\/#website\",\"url\":\"https:\/\/www.bob.webolatory.com\/ca-fr\/\",\"name\":\"Bob Snail\",\"description\":\"\",\"potentialAction\":[{\"@type\":\"SearchAction\",\"target\":{\"@type\":\"EntryPoint\",\"urlTemplate\":\"https:\/\/www.bob.webolatory.com\/ca-fr\/?s={search_term_string}\"},\"query-input\":{\"@type\":\"PropertyValueSpecification\",\"valueRequired\":true,\"valueName\":\"search_term_string\"}}],\"inLanguage\":\"en-US\"}]}<\/script>\n<!-- \/ Yoast SEO plugin. -->","yoast_head_json":{"title":"GEL\u00c9E DE POMME DE MANGUE, DE CITROUILLE ET DE CHIA - Bob Snail","description":"GEL\u00c9E DE POMME DE MANGUE, DE CITROUILLE ET DE CHIA. Sans sucre ajout\u00e9, colorant ni conservateur. Mes gourmandises sont enti\u00e8rement naturelles\ud83c\udf1f","robots":{"index":"noindex","follow":"follow","max-snippet":"max-snippet:-1","max-image-preview":"max-image-preview:large","max-video-preview":"max-video-preview:-1"},"og_locale":"en_US","og_type":"article","og_title":"GEL\u00c9E DE POMME DE MANGUE, DE CITROUILLE ET DE CHIA - Bob Snail","og_description":"GEL\u00c9E DE POMME DE MANGUE, DE CITROUILLE ET DE CHIA. Sans sucre ajout\u00e9, colorant ni conservateur. Mes gourmandises sont enti\u00e8rement naturelles\ud83c\udf1f","og_url":"https:\/\/www.bob.webolatory.com\/ca-fr\/product\/fruit-jellies-apple-pumpkin-mango-chia\/","og_site_name":"Bob Snail","article_modified_time":"2025-04-16T18:01:35+00:00","og_image":[{"width":1280,"height":1280,"url":"https:\/\/www.bob.webolatory.com\/ca-fr\/wp-content\/uploads\/sites\/19\/2025\/03\/CAN_Jelly_90_mango-1-1.webp","type":"image\/webp"}],"twitter_card":"summary_large_image","twitter_misc":{"Est. reading time":"1 minute"},"schema":{"@context":"https:\/\/schema.org","@graph":[{"@type":"WebPage","@id":"https:\/\/www.bob.webolatory.com\/ca-fr\/product\/fruit-jellies-apple-pumpkin-mango-chia\/","url":"https:\/\/www.bob.webolatory.com\/ca-fr\/product\/fruit-jellies-apple-pumpkin-mango-chia\/","name":"GEL\u00c9E DE POMME DE MANGUE, DE CITROUILLE ET DE CHIA - Bob Snail","isPartOf":{"@id":"https:\/\/www.bob.webolatory.com\/ca-fr\/#website"},"primaryImageOfPage":{"@id":"https:\/\/www.bob.webolatory.com\/ca-fr\/product\/fruit-jellies-apple-pumpkin-mango-chia\/#primaryimage"},"image":{"@id":"https:\/\/www.bob.webolatory.com\/ca-fr\/product\/fruit-jellies-apple-pumpkin-mango-chia\/#primaryimage"},"thumbnailUrl":"https:\/\/www.bob.webolatory.com\/ca-fr\/wp-content\/uploads\/sites\/19\/2025\/03\/CAN_Jelly_90_mango-1-1.webp","datePublished":"2025-03-05T22:28:42+00:00","dateModified":"2025-04-16T18:01:35+00:00","description":"GEL\u00c9E DE POMME DE MANGUE, DE CITROUILLE ET DE CHIA. Sans sucre ajout\u00e9, colorant ni conservateur. Mes gourmandises sont enti\u00e8rement naturelles\ud83c\udf1f","breadcrumb":{"@id":"https:\/\/www.bob.webolatory.com\/ca-fr\/product\/fruit-jellies-apple-pumpkin-mango-chia\/#breadcrumb"},"inLanguage":"en-US","potentialAction":[{"@type":"ReadAction","target":["https:\/\/www.bob.webolatory.com\/ca-fr\/product\/fruit-jellies-apple-pumpkin-mango-chia\/"]}]},{"@type":"ImageObject","inLanguage":"en-US","@id":"https:\/\/www.bob.webolatory.com\/ca-fr\/product\/fruit-jellies-apple-pumpkin-mango-chia\/#primaryimage","url":"https:\/\/www.bob.webolatory.com\/ca-fr\/wp-content\/uploads\/sites\/19\/2025\/03\/CAN_Jelly_90_mango-1-1.webp","contentUrl":"https:\/\/www.bob.webolatory.com\/ca-fr\/wp-content\/uploads\/sites\/19\/2025\/03\/CAN_Jelly_90_mango-1-1.webp","width":1280,"height":1280},{"@type":"BreadcrumbList","@id":"https:\/\/www.bob.webolatory.com\/ca-fr\/product\/fruit-jellies-apple-pumpkin-mango-chia\/#breadcrumb","itemListElement":[{"@type":"ListItem","position":1,"name":"Home","item":"https:\/\/www.bob.webolatory.com\/ca-fr\/"},{"@type":"ListItem","position":2,"name":"Products","item":"https:\/\/www.bob.webolatory.com\/ca-fr\/shop\/"},{"@type":"ListItem","position":3,"name":"GEL\u00c9E DE POMME DE MANGUE, DE CITROUILLE ET DE CHIA"}]},{"@type":"WebSite","@id":"https:\/\/www.bob.webolatory.com\/ca-fr\/#website","url":"https:\/\/www.bob.webolatory.com\/ca-fr\/","name":"Bob Snail","description":"","potentialAction":[{"@type":"SearchAction","target":{"@type":"EntryPoint","urlTemplate":"https:\/\/www.bob.webolatory.com\/ca-fr\/?s={search_term_string}"},"query-input":{"@type":"PropertyValueSpecification","valueRequired":true,"valueName":"search_term_string"}}],"inLanguage":"en-US"}]}},"_links":{"self":[{"href":"https:\/\/www.bob.webolatory.com\/ca-fr\/wp-json\/wp\/v2\/product\/1747","targetHints":{"allow":["GET"]}}],"collection":[{"href":"https:\/\/www.bob.webolatory.com\/ca-fr\/wp-json\/wp\/v2\/product"}],"about":[{"href":"https:\/\/www.bob.webolatory.com\/ca-fr\/wp-json\/wp\/v2\/types\/product"}],"replies":[{"embeddable":true,"href":"https:\/\/www.bob.webolatory.com\/ca-fr\/wp-json\/wp\/v2\/comments?post=1747"}],"wp:featuredmedia":[{"embeddable":true,"href":"https:\/\/www.bob.webolatory.com\/ca-fr\/wp-json\/wp\/v2\/media\/1748"}],"wp:attachment":[{"href":"https:\/\/www.bob.webolatory.com\/ca-fr\/wp-json\/wp\/v2\/media?parent=1747"}],"wp:term":[{"taxonomy":"product_brand","embeddable":true,"href":"https:\/\/www.bob.webolatory.com\/ca-fr\/wp-json\/wp\/v2\/product_brand?post=1747"},{"taxonomy":"product_cat","embeddable":true,"href":"https:\/\/www.bob.webolatory.com\/ca-fr\/wp-json\/wp\/v2\/product_cat?post=1747"},{"taxonomy":"product_tag","embeddable":true,"href":"https:\/\/www.bob.webolatory.com\/ca-fr\/wp-json\/wp\/v2\/product_tag?post=1747"}],"curies":[{"name":"wp","href":"https:\/\/api.w.org\/{rel}","templated":true}]}}