{"id":1784,"date":"2025-03-10T12:37:19","date_gmt":"2025-03-10T12:37:19","guid":{"rendered":"https:\/\/www.bob-snail.com\/?post_type=product&#038;p=1784"},"modified":"2025-04-16T18:00:12","modified_gmt":"2025-04-16T18:00:12","slug":"fruit-snack-mango","status":"publish","type":"product","link":"https:\/\/www.bob.webolatory.com\/ca-fr\/product\/fruit-snack-mango\/","title":{"rendered":"COLLATION AUX FRUITS MANGUE"},"content":{"rendered":"<p><span style=\"font-weight: 400;\">Ajoutez une touche de plaisir \u00e0 vos pauses avec mes collations aux fruits ! Fait \u00e0 partir de vrais fruits et baies, sans sucre ajout\u00e9, sans agents de conservation, sans colorants ni ar\u00f4mes artificiels. En plus, elles ne contiennent aucun des huit allerg\u00e8nes les plus courants, comme les arachides, les produits laitiers ou le gluten. Bref, un choix parfait pour petits et grands !<\/span><\/p>\n<p><span style=\"font-weight: 400;\">Pratiques et faciles \u00e0 emporter, elles se glissent dans n&#8217;importe quel sac pour une collation \u00e0 savourer en marchant, en voyage, \u00e0 l\u2019\u00e9cole, au bureau ou m\u00eame en regardant un film \u00e0 la maison.<\/span><\/p>\n<p><span style=\"font-weight: 400;\">Avec leurs formes ludiques de petits escargots et de fruits, elles attirent les enfants et les incitent \u00e0 choisir des collations naturelles. Et pour les adultes, c\u2019est une fa\u00e7on gourmande de retomber en enfance, une bouch\u00e9e \u00e0 la fois !<\/span><\/p>\n<p><span style=\"font-weight: 400;\">Essayez-les et red\u00e9couvrez le vrai go\u00fbt des fruits !<\/span><\/p>\n","protected":false},"excerpt":{"rendered":"<p>Ajoutez une touche de plaisir \u00e0 vos pauses avec mes collations aux fruits ! Fait \u00e0 partir de vrais fruits et baies, sans sucre ajout\u00e9, sans agents de conservation, sans colorants ni ar\u00f4mes artificiels. En plus, elles ne contiennent aucun des huit allerg\u00e8nes les plus courants, comme les arachides, les produits laitiers ou le gluten. [&hellip;]<\/p>\n","protected":false},"featured_media":1790,"comment_status":"open","ping_status":"closed","template":"","meta":[],"product_brand":[],"product_cat":[79],"product_tag":[],"class_list":{"0":"post-1784","1":"product","2":"type-product","3":"status-publish","4":"has-post-thumbnail","6":"product_cat-collation-aux-fruits","7":"weight_taxonomy-40g","9":"first","10":"instock","11":"shipping-taxable","12":"purchasable","13":"product-type-simple"},"yoast_head":"<!-- This site is optimized with the Yoast SEO plugin v24.7 - https:\/\/yoast.com\/wordpress\/plugins\/seo\/ -->\n<title>COLLATION AUX FRUITS MANGUE - Bob Snail<\/title>\n<meta name=\"description\" content=\"COLLATION AUX FRUITS MANGUE. Sans sucre ajout\u00e9, colorant ni conservateur. Mes gourmandises sont enti\u00e8rement naturelles\ud83c\udf1f\" \/>\n<meta name=\"robots\" content=\"noindex, follow, max-snippet:-1, max-image-preview:large, max-video-preview:-1\" \/>\n<meta property=\"og:locale\" content=\"en_US\" \/>\n<meta property=\"og:type\" content=\"article\" \/>\n<meta property=\"og:title\" content=\"COLLATION AUX FRUITS MANGUE - Bob Snail\" \/>\n<meta property=\"og:description\" content=\"COLLATION AUX FRUITS MANGUE. Sans sucre ajout\u00e9, colorant ni conservateur. Mes gourmandises sont enti\u00e8rement naturelles\ud83c\udf1f\" \/>\n<meta property=\"og:url\" content=\"https:\/\/www.bob.webolatory.com\/ca-fr\/product\/fruit-snack-mango\/\" \/>\n<meta property=\"og:site_name\" content=\"Bob Snail\" \/>\n<meta property=\"article:modified_time\" content=\"2025-04-16T18:00:12+00:00\" \/>\n<meta property=\"og:image\" content=\"https:\/\/www.bob.webolatory.com\/ca-fr\/wp-content\/uploads\/sites\/19\/2025\/03\/CAN_fruit_snack_40_mango_-1.webp\" \/>\n\t<meta property=\"og:image:width\" content=\"1280\" \/>\n\t<meta property=\"og:image:height\" content=\"1280\" \/>\n\t<meta property=\"og:image:type\" content=\"image\/webp\" \/>\n<meta name=\"twitter:card\" content=\"summary_large_image\" \/>\n<meta name=\"twitter:label1\" content=\"Est. reading time\" \/>\n\t<meta name=\"twitter:data1\" content=\"1 minute\" \/>\n<script type=\"application\/ld+json\" class=\"yoast-schema-graph\">{\"@context\":\"https:\/\/schema.org\",\"@graph\":[{\"@type\":\"WebPage\",\"@id\":\"https:\/\/www.bob.webolatory.com\/ca-fr\/product\/fruit-snack-mango\/\",\"url\":\"https:\/\/www.bob.webolatory.com\/ca-fr\/product\/fruit-snack-mango\/\",\"name\":\"COLLATION AUX FRUITS MANGUE - Bob Snail\",\"isPartOf\":{\"@id\":\"https:\/\/www.bob.webolatory.com\/ca-fr\/#website\"},\"primaryImageOfPage\":{\"@id\":\"https:\/\/www.bob.webolatory.com\/ca-fr\/product\/fruit-snack-mango\/#primaryimage\"},\"image\":{\"@id\":\"https:\/\/www.bob.webolatory.com\/ca-fr\/product\/fruit-snack-mango\/#primaryimage\"},\"thumbnailUrl\":\"https:\/\/www.bob.webolatory.com\/ca-fr\/wp-content\/uploads\/sites\/19\/2025\/03\/CAN_fruit_snack_40_mango_-1.webp\",\"datePublished\":\"2025-03-10T12:37:19+00:00\",\"dateModified\":\"2025-04-16T18:00:12+00:00\",\"description\":\"COLLATION AUX FRUITS MANGUE. Sans sucre ajout\u00e9, colorant ni conservateur. Mes gourmandises sont enti\u00e8rement naturelles\ud83c\udf1f\",\"breadcrumb\":{\"@id\":\"https:\/\/www.bob.webolatory.com\/ca-fr\/product\/fruit-snack-mango\/#breadcrumb\"},\"inLanguage\":\"en-US\",\"potentialAction\":[{\"@type\":\"ReadAction\",\"target\":[\"https:\/\/www.bob.webolatory.com\/ca-fr\/product\/fruit-snack-mango\/\"]}]},{\"@type\":\"ImageObject\",\"inLanguage\":\"en-US\",\"@id\":\"https:\/\/www.bob.webolatory.com\/ca-fr\/product\/fruit-snack-mango\/#primaryimage\",\"url\":\"https:\/\/www.bob.webolatory.com\/ca-fr\/wp-content\/uploads\/sites\/19\/2025\/03\/CAN_fruit_snack_40_mango_-1.webp\",\"contentUrl\":\"https:\/\/www.bob.webolatory.com\/ca-fr\/wp-content\/uploads\/sites\/19\/2025\/03\/CAN_fruit_snack_40_mango_-1.webp\",\"width\":1280,\"height\":1280},{\"@type\":\"BreadcrumbList\",\"@id\":\"https:\/\/www.bob.webolatory.com\/ca-fr\/product\/fruit-snack-mango\/#breadcrumb\",\"itemListElement\":[{\"@type\":\"ListItem\",\"position\":1,\"name\":\"Home\",\"item\":\"https:\/\/www.bob.webolatory.com\/ca-fr\/\"},{\"@type\":\"ListItem\",\"position\":2,\"name\":\"Products\",\"item\":\"https:\/\/www.bob.webolatory.com\/ca-fr\/shop\/\"},{\"@type\":\"ListItem\",\"position\":3,\"name\":\"COLLATION AUX FRUITS MANGUE\"}]},{\"@type\":\"WebSite\",\"@id\":\"https:\/\/www.bob.webolatory.com\/ca-fr\/#website\",\"url\":\"https:\/\/www.bob.webolatory.com\/ca-fr\/\",\"name\":\"Bob Snail\",\"description\":\"\",\"potentialAction\":[{\"@type\":\"SearchAction\",\"target\":{\"@type\":\"EntryPoint\",\"urlTemplate\":\"https:\/\/www.bob.webolatory.com\/ca-fr\/?s={search_term_string}\"},\"query-input\":{\"@type\":\"PropertyValueSpecification\",\"valueRequired\":true,\"valueName\":\"search_term_string\"}}],\"inLanguage\":\"en-US\"}]}<\/script>\n<!-- \/ Yoast SEO plugin. -->","yoast_head_json":{"title":"COLLATION AUX FRUITS MANGUE - Bob Snail","description":"COLLATION AUX FRUITS MANGUE. Sans sucre ajout\u00e9, colorant ni conservateur. Mes gourmandises sont enti\u00e8rement naturelles\ud83c\udf1f","robots":{"index":"noindex","follow":"follow","max-snippet":"max-snippet:-1","max-image-preview":"max-image-preview:large","max-video-preview":"max-video-preview:-1"},"og_locale":"en_US","og_type":"article","og_title":"COLLATION AUX FRUITS MANGUE - Bob Snail","og_description":"COLLATION AUX FRUITS MANGUE. Sans sucre ajout\u00e9, colorant ni conservateur. Mes gourmandises sont enti\u00e8rement naturelles\ud83c\udf1f","og_url":"https:\/\/www.bob.webolatory.com\/ca-fr\/product\/fruit-snack-mango\/","og_site_name":"Bob Snail","article_modified_time":"2025-04-16T18:00:12+00:00","og_image":[{"width":1280,"height":1280,"url":"https:\/\/www.bob.webolatory.com\/ca-fr\/wp-content\/uploads\/sites\/19\/2025\/03\/CAN_fruit_snack_40_mango_-1.webp","type":"image\/webp"}],"twitter_card":"summary_large_image","twitter_misc":{"Est. reading time":"1 minute"},"schema":{"@context":"https:\/\/schema.org","@graph":[{"@type":"WebPage","@id":"https:\/\/www.bob.webolatory.com\/ca-fr\/product\/fruit-snack-mango\/","url":"https:\/\/www.bob.webolatory.com\/ca-fr\/product\/fruit-snack-mango\/","name":"COLLATION AUX FRUITS MANGUE - Bob Snail","isPartOf":{"@id":"https:\/\/www.bob.webolatory.com\/ca-fr\/#website"},"primaryImageOfPage":{"@id":"https:\/\/www.bob.webolatory.com\/ca-fr\/product\/fruit-snack-mango\/#primaryimage"},"image":{"@id":"https:\/\/www.bob.webolatory.com\/ca-fr\/product\/fruit-snack-mango\/#primaryimage"},"thumbnailUrl":"https:\/\/www.bob.webolatory.com\/ca-fr\/wp-content\/uploads\/sites\/19\/2025\/03\/CAN_fruit_snack_40_mango_-1.webp","datePublished":"2025-03-10T12:37:19+00:00","dateModified":"2025-04-16T18:00:12+00:00","description":"COLLATION AUX FRUITS MANGUE. Sans sucre ajout\u00e9, colorant ni conservateur. Mes gourmandises sont enti\u00e8rement naturelles\ud83c\udf1f","breadcrumb":{"@id":"https:\/\/www.bob.webolatory.com\/ca-fr\/product\/fruit-snack-mango\/#breadcrumb"},"inLanguage":"en-US","potentialAction":[{"@type":"ReadAction","target":["https:\/\/www.bob.webolatory.com\/ca-fr\/product\/fruit-snack-mango\/"]}]},{"@type":"ImageObject","inLanguage":"en-US","@id":"https:\/\/www.bob.webolatory.com\/ca-fr\/product\/fruit-snack-mango\/#primaryimage","url":"https:\/\/www.bob.webolatory.com\/ca-fr\/wp-content\/uploads\/sites\/19\/2025\/03\/CAN_fruit_snack_40_mango_-1.webp","contentUrl":"https:\/\/www.bob.webolatory.com\/ca-fr\/wp-content\/uploads\/sites\/19\/2025\/03\/CAN_fruit_snack_40_mango_-1.webp","width":1280,"height":1280},{"@type":"BreadcrumbList","@id":"https:\/\/www.bob.webolatory.com\/ca-fr\/product\/fruit-snack-mango\/#breadcrumb","itemListElement":[{"@type":"ListItem","position":1,"name":"Home","item":"https:\/\/www.bob.webolatory.com\/ca-fr\/"},{"@type":"ListItem","position":2,"name":"Products","item":"https:\/\/www.bob.webolatory.com\/ca-fr\/shop\/"},{"@type":"ListItem","position":3,"name":"COLLATION AUX FRUITS MANGUE"}]},{"@type":"WebSite","@id":"https:\/\/www.bob.webolatory.com\/ca-fr\/#website","url":"https:\/\/www.bob.webolatory.com\/ca-fr\/","name":"Bob Snail","description":"","potentialAction":[{"@type":"SearchAction","target":{"@type":"EntryPoint","urlTemplate":"https:\/\/www.bob.webolatory.com\/ca-fr\/?s={search_term_string}"},"query-input":{"@type":"PropertyValueSpecification","valueRequired":true,"valueName":"search_term_string"}}],"inLanguage":"en-US"}]}},"_links":{"self":[{"href":"https:\/\/www.bob.webolatory.com\/ca-fr\/wp-json\/wp\/v2\/product\/1784","targetHints":{"allow":["GET"]}}],"collection":[{"href":"https:\/\/www.bob.webolatory.com\/ca-fr\/wp-json\/wp\/v2\/product"}],"about":[{"href":"https:\/\/www.bob.webolatory.com\/ca-fr\/wp-json\/wp\/v2\/types\/product"}],"replies":[{"embeddable":true,"href":"https:\/\/www.bob.webolatory.com\/ca-fr\/wp-json\/wp\/v2\/comments?post=1784"}],"wp:featuredmedia":[{"embeddable":true,"href":"https:\/\/www.bob.webolatory.com\/ca-fr\/wp-json\/wp\/v2\/media\/1790"}],"wp:attachment":[{"href":"https:\/\/www.bob.webolatory.com\/ca-fr\/wp-json\/wp\/v2\/media?parent=1784"}],"wp:term":[{"taxonomy":"product_brand","embeddable":true,"href":"https:\/\/www.bob.webolatory.com\/ca-fr\/wp-json\/wp\/v2\/product_brand?post=1784"},{"taxonomy":"product_cat","embeddable":true,"href":"https:\/\/www.bob.webolatory.com\/ca-fr\/wp-json\/wp\/v2\/product_cat?post=1784"},{"taxonomy":"product_tag","embeddable":true,"href":"https:\/\/www.bob.webolatory.com\/ca-fr\/wp-json\/wp\/v2\/product_tag?post=1784"}],"curies":[{"name":"wp","href":"https:\/\/api.w.org\/{rel}","templated":true}]}}