{"id":1821,"date":"2025-03-10T12:54:19","date_gmt":"2025-03-10T12:54:19","guid":{"rendered":"https:\/\/www.bob-snail.com\/?post_type=product&#038;p=1821"},"modified":"2025-04-18T14:09:16","modified_gmt":"2025-04-18T14:09:16","slug":"eatplay-bobnimals","status":"publish","type":"product","link":"https:\/\/www.bob.webolatory.com\/ca-fr\/product\/eatplay-bobnimals\/","title":{"rendered":"EAT&amp;PLAY BOBNIMALS"},"content":{"rendered":"<p><span style=\"font-weight: 400;\">J\u2019ai trouv\u00e9 la recette parfaite pour rendre l\u2019heure de la collation encore plus amusante : des collations aux fruits saines combin\u00e9es \u00e0 des jouets \u00e0 collectionner !<\/span><\/p>\n<p><span style=\"font-weight: 400;\">Chaque bo\u00eete contient :<\/span><\/p>\n<p><span style=\"font-weight: 400;\">Un des 10 jouets uniques de la collection Bobnimals<\/span><\/p>\n<p><span style=\"font-weight: 400;\">Deux rouleaux aux fruits faits uniquement de vrais fruits et baies, sans sucre ajout\u00e9, sans agents de conservation, sans colorants ni ar\u00f4mes artificiels \u2013 sans gluten et sans noix<\/span><\/p>\n<p><span style=\"font-weight: 400;\">Une carte \u00e0 collectionner avec tous les personnages<\/span><\/p>\n<p><span style=\"font-weight: 400;\">Eat &amp; Play, c\u2019est le cadeau parfait pour les enfants, peu importe l\u2019occasion ! Ces petits jouets rigolos apportent de la joie, stimulent l\u2019imagination et encouragent le jeu cr\u00e9atif. Chaque Bobnimal a son propre nom et sa personnalit\u00e9, ce qui rend la collection encore plus palpitante !<\/span><\/p>\n<p><span style=\"font-weight: 400;\">Et quand vient le temps d\u2019une petite pause sucr\u00e9e, mes rouleaux aux fruits en forme amusante sont l\u00e0 pour offrir une collation aussi d\u00e9licieuse que naturelle.<\/span><\/p>\n<p><span style=\"font-weight: 400;\">Mangez, souriez et amusez-vous avec Bob Snail !<\/span><\/p>\n","protected":false},"excerpt":{"rendered":"<p>J\u2019ai trouv\u00e9 la recette parfaite pour rendre l\u2019heure de la collation encore plus amusante : des collations aux fruits saines combin\u00e9es \u00e0 des jouets \u00e0 collectionner ! Chaque bo\u00eete contient : Un des 10 jouets uniques de la collection Bobnimals Deux rouleaux aux fruits faits uniquement de vrais fruits et baies, sans sucre ajout\u00e9, sans [&hellip;]<\/p>\n","protected":false},"featured_media":1831,"comment_status":"open","ping_status":"closed","template":"","meta":[],"product_brand":[],"product_cat":[80],"product_tag":[],"class_list":{"0":"post-1821","1":"product","2":"type-product","3":"status-publish","4":"has-post-thumbnail","6":"product_cat-eatplay","7":"weight_taxonomy-20g","9":"first","10":"outofstock","11":"shipping-taxable","12":"purchasable","13":"product-type-simple"},"yoast_head":"<!-- This site is optimized with the Yoast SEO plugin v24.7 - https:\/\/yoast.com\/wordpress\/plugins\/seo\/ -->\n<title>EAT&amp;PLAY BOBNIMALS - Bob Snail<\/title>\n<meta name=\"description\" content=\"EAT&amp;PLAY BOBNIMALS. Sans sucre ajout\u00e9, colorant ni conservateur. Mes gourmandises sont enti\u00e8rement naturelles\ud83c\udf1f\" \/>\n<meta name=\"robots\" content=\"noindex, follow, max-snippet:-1, max-image-preview:large, max-video-preview:-1\" \/>\n<meta property=\"og:locale\" content=\"en_US\" \/>\n<meta property=\"og:type\" content=\"article\" \/>\n<meta property=\"og:title\" content=\"EAT&amp;PLAY BOBNIMALS - Bob Snail\" \/>\n<meta property=\"og:description\" content=\"EAT&amp;PLAY BOBNIMALS. Sans sucre ajout\u00e9, colorant ni conservateur. Mes gourmandises sont enti\u00e8rement naturelles\ud83c\udf1f\" \/>\n<meta property=\"og:url\" content=\"https:\/\/www.bob.webolatory.com\/ca-fr\/product\/eatplay-bobnimals\/\" \/>\n<meta property=\"og:site_name\" content=\"Bob Snail\" \/>\n<meta property=\"article:modified_time\" content=\"2025-04-18T14:09:16+00:00\" \/>\n<meta property=\"og:image\" content=\"https:\/\/www.bob.webolatory.com\/ca-fr\/wp-content\/uploads\/sites\/19\/2025\/03\/CAN_eatpaly_bobnimals_-1-1.webp\" \/>\n\t<meta property=\"og:image:width\" content=\"1280\" \/>\n\t<meta property=\"og:image:height\" content=\"1280\" \/>\n\t<meta property=\"og:image:type\" content=\"image\/webp\" \/>\n<meta name=\"twitter:card\" content=\"summary_large_image\" \/>\n<meta name=\"twitter:label1\" content=\"Est. reading time\" \/>\n\t<meta name=\"twitter:data1\" content=\"1 minute\" \/>\n<script type=\"application\/ld+json\" class=\"yoast-schema-graph\">{\"@context\":\"https:\/\/schema.org\",\"@graph\":[{\"@type\":\"WebPage\",\"@id\":\"https:\/\/www.bob.webolatory.com\/ca-fr\/product\/eatplay-bobnimals\/\",\"url\":\"https:\/\/www.bob.webolatory.com\/ca-fr\/product\/eatplay-bobnimals\/\",\"name\":\"EAT&amp;PLAY BOBNIMALS - Bob Snail\",\"isPartOf\":{\"@id\":\"https:\/\/www.bob.webolatory.com\/ca-fr\/#website\"},\"primaryImageOfPage\":{\"@id\":\"https:\/\/www.bob.webolatory.com\/ca-fr\/product\/eatplay-bobnimals\/#primaryimage\"},\"image\":{\"@id\":\"https:\/\/www.bob.webolatory.com\/ca-fr\/product\/eatplay-bobnimals\/#primaryimage\"},\"thumbnailUrl\":\"https:\/\/www.bob.webolatory.com\/ca-fr\/wp-content\/uploads\/sites\/19\/2025\/03\/CAN_eatpaly_bobnimals_-1-1.webp\",\"datePublished\":\"2025-03-10T12:54:19+00:00\",\"dateModified\":\"2025-04-18T14:09:16+00:00\",\"description\":\"EAT&amp;PLAY BOBNIMALS. Sans sucre ajout\u00e9, colorant ni conservateur. Mes gourmandises sont enti\u00e8rement naturelles\ud83c\udf1f\",\"breadcrumb\":{\"@id\":\"https:\/\/www.bob.webolatory.com\/ca-fr\/product\/eatplay-bobnimals\/#breadcrumb\"},\"inLanguage\":\"en-US\",\"potentialAction\":[{\"@type\":\"ReadAction\",\"target\":[\"https:\/\/www.bob.webolatory.com\/ca-fr\/product\/eatplay-bobnimals\/\"]}]},{\"@type\":\"ImageObject\",\"inLanguage\":\"en-US\",\"@id\":\"https:\/\/www.bob.webolatory.com\/ca-fr\/product\/eatplay-bobnimals\/#primaryimage\",\"url\":\"https:\/\/www.bob.webolatory.com\/ca-fr\/wp-content\/uploads\/sites\/19\/2025\/03\/CAN_eatpaly_bobnimals_-1-1.webp\",\"contentUrl\":\"https:\/\/www.bob.webolatory.com\/ca-fr\/wp-content\/uploads\/sites\/19\/2025\/03\/CAN_eatpaly_bobnimals_-1-1.webp\",\"width\":1280,\"height\":1280},{\"@type\":\"BreadcrumbList\",\"@id\":\"https:\/\/www.bob.webolatory.com\/ca-fr\/product\/eatplay-bobnimals\/#breadcrumb\",\"itemListElement\":[{\"@type\":\"ListItem\",\"position\":1,\"name\":\"Home\",\"item\":\"https:\/\/www.bob.webolatory.com\/ca-fr\/\"},{\"@type\":\"ListItem\",\"position\":2,\"name\":\"Products\",\"item\":\"https:\/\/www.bob.webolatory.com\/ca-fr\/shop\/\"},{\"@type\":\"ListItem\",\"position\":3,\"name\":\"EAT&amp;PLAY BOBNIMALS\"}]},{\"@type\":\"WebSite\",\"@id\":\"https:\/\/www.bob.webolatory.com\/ca-fr\/#website\",\"url\":\"https:\/\/www.bob.webolatory.com\/ca-fr\/\",\"name\":\"Bob Snail\",\"description\":\"\",\"potentialAction\":[{\"@type\":\"SearchAction\",\"target\":{\"@type\":\"EntryPoint\",\"urlTemplate\":\"https:\/\/www.bob.webolatory.com\/ca-fr\/?s={search_term_string}\"},\"query-input\":{\"@type\":\"PropertyValueSpecification\",\"valueRequired\":true,\"valueName\":\"search_term_string\"}}],\"inLanguage\":\"en-US\"}]}<\/script>\n<!-- \/ Yoast SEO plugin. -->","yoast_head_json":{"title":"EAT&amp;PLAY BOBNIMALS - Bob Snail","description":"EAT&amp;PLAY BOBNIMALS. Sans sucre ajout\u00e9, colorant ni conservateur. Mes gourmandises sont enti\u00e8rement naturelles\ud83c\udf1f","robots":{"index":"noindex","follow":"follow","max-snippet":"max-snippet:-1","max-image-preview":"max-image-preview:large","max-video-preview":"max-video-preview:-1"},"og_locale":"en_US","og_type":"article","og_title":"EAT&amp;PLAY BOBNIMALS - Bob Snail","og_description":"EAT&amp;PLAY BOBNIMALS. Sans sucre ajout\u00e9, colorant ni conservateur. Mes gourmandises sont enti\u00e8rement naturelles\ud83c\udf1f","og_url":"https:\/\/www.bob.webolatory.com\/ca-fr\/product\/eatplay-bobnimals\/","og_site_name":"Bob Snail","article_modified_time":"2025-04-18T14:09:16+00:00","og_image":[{"width":1280,"height":1280,"url":"https:\/\/www.bob.webolatory.com\/ca-fr\/wp-content\/uploads\/sites\/19\/2025\/03\/CAN_eatpaly_bobnimals_-1-1.webp","type":"image\/webp"}],"twitter_card":"summary_large_image","twitter_misc":{"Est. reading time":"1 minute"},"schema":{"@context":"https:\/\/schema.org","@graph":[{"@type":"WebPage","@id":"https:\/\/www.bob.webolatory.com\/ca-fr\/product\/eatplay-bobnimals\/","url":"https:\/\/www.bob.webolatory.com\/ca-fr\/product\/eatplay-bobnimals\/","name":"EAT&amp;PLAY BOBNIMALS - Bob Snail","isPartOf":{"@id":"https:\/\/www.bob.webolatory.com\/ca-fr\/#website"},"primaryImageOfPage":{"@id":"https:\/\/www.bob.webolatory.com\/ca-fr\/product\/eatplay-bobnimals\/#primaryimage"},"image":{"@id":"https:\/\/www.bob.webolatory.com\/ca-fr\/product\/eatplay-bobnimals\/#primaryimage"},"thumbnailUrl":"https:\/\/www.bob.webolatory.com\/ca-fr\/wp-content\/uploads\/sites\/19\/2025\/03\/CAN_eatpaly_bobnimals_-1-1.webp","datePublished":"2025-03-10T12:54:19+00:00","dateModified":"2025-04-18T14:09:16+00:00","description":"EAT&amp;PLAY BOBNIMALS. Sans sucre ajout\u00e9, colorant ni conservateur. Mes gourmandises sont enti\u00e8rement naturelles\ud83c\udf1f","breadcrumb":{"@id":"https:\/\/www.bob.webolatory.com\/ca-fr\/product\/eatplay-bobnimals\/#breadcrumb"},"inLanguage":"en-US","potentialAction":[{"@type":"ReadAction","target":["https:\/\/www.bob.webolatory.com\/ca-fr\/product\/eatplay-bobnimals\/"]}]},{"@type":"ImageObject","inLanguage":"en-US","@id":"https:\/\/www.bob.webolatory.com\/ca-fr\/product\/eatplay-bobnimals\/#primaryimage","url":"https:\/\/www.bob.webolatory.com\/ca-fr\/wp-content\/uploads\/sites\/19\/2025\/03\/CAN_eatpaly_bobnimals_-1-1.webp","contentUrl":"https:\/\/www.bob.webolatory.com\/ca-fr\/wp-content\/uploads\/sites\/19\/2025\/03\/CAN_eatpaly_bobnimals_-1-1.webp","width":1280,"height":1280},{"@type":"BreadcrumbList","@id":"https:\/\/www.bob.webolatory.com\/ca-fr\/product\/eatplay-bobnimals\/#breadcrumb","itemListElement":[{"@type":"ListItem","position":1,"name":"Home","item":"https:\/\/www.bob.webolatory.com\/ca-fr\/"},{"@type":"ListItem","position":2,"name":"Products","item":"https:\/\/www.bob.webolatory.com\/ca-fr\/shop\/"},{"@type":"ListItem","position":3,"name":"EAT&amp;PLAY BOBNIMALS"}]},{"@type":"WebSite","@id":"https:\/\/www.bob.webolatory.com\/ca-fr\/#website","url":"https:\/\/www.bob.webolatory.com\/ca-fr\/","name":"Bob Snail","description":"","potentialAction":[{"@type":"SearchAction","target":{"@type":"EntryPoint","urlTemplate":"https:\/\/www.bob.webolatory.com\/ca-fr\/?s={search_term_string}"},"query-input":{"@type":"PropertyValueSpecification","valueRequired":true,"valueName":"search_term_string"}}],"inLanguage":"en-US"}]}},"_links":{"self":[{"href":"https:\/\/www.bob.webolatory.com\/ca-fr\/wp-json\/wp\/v2\/product\/1821","targetHints":{"allow":["GET"]}}],"collection":[{"href":"https:\/\/www.bob.webolatory.com\/ca-fr\/wp-json\/wp\/v2\/product"}],"about":[{"href":"https:\/\/www.bob.webolatory.com\/ca-fr\/wp-json\/wp\/v2\/types\/product"}],"replies":[{"embeddable":true,"href":"https:\/\/www.bob.webolatory.com\/ca-fr\/wp-json\/wp\/v2\/comments?post=1821"}],"wp:featuredmedia":[{"embeddable":true,"href":"https:\/\/www.bob.webolatory.com\/ca-fr\/wp-json\/wp\/v2\/media\/1831"}],"wp:attachment":[{"href":"https:\/\/www.bob.webolatory.com\/ca-fr\/wp-json\/wp\/v2\/media?parent=1821"}],"wp:term":[{"taxonomy":"product_brand","embeddable":true,"href":"https:\/\/www.bob.webolatory.com\/ca-fr\/wp-json\/wp\/v2\/product_brand?post=1821"},{"taxonomy":"product_cat","embeddable":true,"href":"https:\/\/www.bob.webolatory.com\/ca-fr\/wp-json\/wp\/v2\/product_cat?post=1821"},{"taxonomy":"product_tag","embeddable":true,"href":"https:\/\/www.bob.webolatory.com\/ca-fr\/wp-json\/wp\/v2\/product_tag?post=1821"}],"curies":[{"name":"wp","href":"https:\/\/api.w.org\/{rel}","templated":true}]}}