{"id":2676,"date":"2025-06-12T19:29:02","date_gmt":"2025-06-12T19:29:02","guid":{"rendered":"https:\/\/www.bob-snail.com\/cs\/?post_type=product&#038;p=2676"},"modified":"2025-06-27T10:18:40","modified_gmt":"2025-06-27T10:18:40","slug":"ovocne-zele-jablko-a-tresen","status":"publish","type":"product","link":"https:\/\/www.bob.webolatory.com\/cz\/product\/ovocne-zele-jablko-a-tresen\/","title":{"rendered":"Ovocn\u00e9 \u017eel\u00e9 jablko a t\u0159e\u0161e\u0148"},"content":{"rendered":"<p><span style=\"font-weight: 400;\">Z koncentrovan\u00e9 ovocn\u00e9 \u0161\u0165\u00e1vy vyr\u00e1b\u00edm p\u0159\u00edrodn\u00ed ovocn\u00e9 \u017eel\u00e9 pochoutky, kter\u00e9 si m\u016f\u017eete dop\u0159\u00e1t bez pocitu viny &#8211; \u017e\u00e1dn\u00fd p\u0159idan\u00fd cukr, bez \u017eelatiny, bez lepku. Jen \u010dist\u00e9 p\u0159\u00edrodn\u00ed ingredience a trocha agaru, d\u00edky n\u011bmu\u017e jsou m\u011bkk\u00e9 a pru\u017en\u00e9.\u00a0<\/span><\/p>\n<p><span style=\"font-weight: 400;\">Jsou jednotliv\u011b balen\u00e9 a tak je snadno p\u0159ibal\u00edte kamkoliv &#8211; do \u0161koln\u00ed sva\u010diny,\u00a0 do batohu \u010di kabelky, pro jistotu m\u011bjte v\u017edy n\u011bkolik v z\u00e1sob\u011b ve sv\u00e9m \u0161upl\u00edku.\u00a0<\/span><\/p>\n<p><span style=\"font-weight: 400;\">Ovocn\u00e9 \u017eel\u00e9 sva\u010dinky jsou m\u011bkk\u00e9, snadno se \u017ev\u00fdkaj\u00ed, a jsou pln\u00e9 ovocn\u00e9 chuti &#8211; p\u0159esn\u011b po takov\u00e9 sva\u010dince s\u00e1hnete, pokud m\u00e1te chu\u0165 na n\u011bco sladk\u00e9ho, ale z\u00e1rove\u0148 zdrav\u00e9ho.<\/span><\/p>\n","protected":false},"excerpt":{"rendered":"<p>Z koncentrovan\u00e9 ovocn\u00e9 \u0161\u0165\u00e1vy vyr\u00e1b\u00edm p\u0159\u00edrodn\u00ed ovocn\u00e9 \u017eel\u00e9 pochoutky, kter\u00e9 si m\u016f\u017eete dop\u0159\u00e1t bez pocitu viny &#8211; \u017e\u00e1dn\u00fd p\u0159idan\u00fd cukr, bez \u017eelatiny, bez lepku. Jen \u010dist\u00e9 p\u0159\u00edrodn\u00ed ingredience a trocha agaru, d\u00edky n\u011bmu\u017e jsou m\u011bkk\u00e9 a pru\u017en\u00e9.\u00a0 Jsou jednotliv\u011b balen\u00e9 a tak je snadno p\u0159ibal\u00edte kamkoliv &#8211; do \u0161koln\u00ed sva\u010diny,\u00a0 do batohu \u010di kabelky, pro [&hellip;]<\/p>\n","protected":false},"featured_media":2677,"comment_status":"open","ping_status":"closed","template":"","meta":[],"product_brand":[],"product_cat":[76],"product_tag":[],"class_list":{"0":"post-2676","1":"product","2":"type-product","3":"status-publish","4":"has-post-thumbnail","6":"product_cat-jelly","7":"weight_taxonomy-54g","9":"first","10":"instock","11":"shipping-taxable","12":"purchasable","13":"product-type-simple"},"yoast_head":"<!-- This site is optimized with the Yoast SEO plugin v24.7 - https:\/\/yoast.com\/wordpress\/plugins\/seo\/ -->\n<title>Ovocn\u00e9 \u017eel\u00e9 jablko a t\u0159e\u0161e\u0148 - Bob Snail<\/title>\n<meta name=\"description\" content=\"Ovocn\u00e9 \u017eel\u00e9 jablko a t\u0159e\u0161e\u0148. No added sugar, colourants, or preservatives. My treats are made from all things natural\ud83c\udf1f\" \/>\n<meta name=\"robots\" content=\"noindex, follow, max-snippet:-1, max-image-preview:large, max-video-preview:-1\" \/>\n<meta property=\"og:locale\" content=\"en_US\" \/>\n<meta property=\"og:type\" content=\"article\" \/>\n<meta property=\"og:title\" content=\"Ovocn\u00e9 \u017eel\u00e9 jablko a t\u0159e\u0161e\u0148 - Bob Snail\" \/>\n<meta property=\"og:description\" content=\"Ovocn\u00e9 \u017eel\u00e9 jablko a t\u0159e\u0161e\u0148. No added sugar, colourants, or preservatives. My treats are made from all things natural\ud83c\udf1f\" \/>\n<meta property=\"og:url\" content=\"https:\/\/www.bob.webolatory.com\/cz\/product\/ovocne-zele-jablko-a-tresen\/\" \/>\n<meta property=\"og:site_name\" content=\"Bob Snail\" \/>\n<meta property=\"article:modified_time\" content=\"2025-06-27T10:18:40+00:00\" \/>\n<meta property=\"og:image\" content=\"https:\/\/www.bob.webolatory.com\/cz\/wp-content\/uploads\/sites\/24\/2025\/06\/CZ_jellies_54_cherry_-1.webp\" \/>\n\t<meta property=\"og:image:width\" content=\"1280\" \/>\n\t<meta property=\"og:image:height\" content=\"1280\" \/>\n\t<meta property=\"og:image:type\" content=\"image\/webp\" \/>\n<meta name=\"twitter:card\" content=\"summary_large_image\" \/>\n<meta name=\"twitter:label1\" content=\"Est. reading time\" \/>\n\t<meta name=\"twitter:data1\" content=\"1 minute\" \/>\n<script type=\"application\/ld+json\" class=\"yoast-schema-graph\">{\"@context\":\"https:\/\/schema.org\",\"@graph\":[{\"@type\":\"WebPage\",\"@id\":\"https:\/\/www.bob.webolatory.com\/cz\/product\/ovocne-zele-jablko-a-tresen\/\",\"url\":\"https:\/\/www.bob.webolatory.com\/cz\/product\/ovocne-zele-jablko-a-tresen\/\",\"name\":\"Ovocn\u00e9 \u017eel\u00e9 jablko a t\u0159e\u0161e\u0148 - Bob Snail\",\"isPartOf\":{\"@id\":\"https:\/\/www.bob.webolatory.com\/cz\/#website\"},\"primaryImageOfPage\":{\"@id\":\"https:\/\/www.bob.webolatory.com\/cz\/product\/ovocne-zele-jablko-a-tresen\/#primaryimage\"},\"image\":{\"@id\":\"https:\/\/www.bob.webolatory.com\/cz\/product\/ovocne-zele-jablko-a-tresen\/#primaryimage\"},\"thumbnailUrl\":\"https:\/\/www.bob.webolatory.com\/cz\/wp-content\/uploads\/sites\/24\/2025\/06\/CZ_jellies_54_cherry_-1.webp\",\"datePublished\":\"2025-06-12T19:29:02+00:00\",\"dateModified\":\"2025-06-27T10:18:40+00:00\",\"description\":\"Ovocn\u00e9 \u017eel\u00e9 jablko a t\u0159e\u0161e\u0148. No added sugar, colourants, or preservatives. My treats are made from all things natural\ud83c\udf1f\",\"breadcrumb\":{\"@id\":\"https:\/\/www.bob.webolatory.com\/cz\/product\/ovocne-zele-jablko-a-tresen\/#breadcrumb\"},\"inLanguage\":\"en-US\",\"potentialAction\":[{\"@type\":\"ReadAction\",\"target\":[\"https:\/\/www.bob.webolatory.com\/cz\/product\/ovocne-zele-jablko-a-tresen\/\"]}]},{\"@type\":\"ImageObject\",\"inLanguage\":\"en-US\",\"@id\":\"https:\/\/www.bob.webolatory.com\/cz\/product\/ovocne-zele-jablko-a-tresen\/#primaryimage\",\"url\":\"https:\/\/www.bob.webolatory.com\/cz\/wp-content\/uploads\/sites\/24\/2025\/06\/CZ_jellies_54_cherry_-1.webp\",\"contentUrl\":\"https:\/\/www.bob.webolatory.com\/cz\/wp-content\/uploads\/sites\/24\/2025\/06\/CZ_jellies_54_cherry_-1.webp\",\"width\":1280,\"height\":1280},{\"@type\":\"BreadcrumbList\",\"@id\":\"https:\/\/www.bob.webolatory.com\/cz\/product\/ovocne-zele-jablko-a-tresen\/#breadcrumb\",\"itemListElement\":[{\"@type\":\"ListItem\",\"position\":1,\"name\":\"Home\",\"item\":\"https:\/\/www.bob.webolatory.com\/cz\/\"},{\"@type\":\"ListItem\",\"position\":2,\"name\":\"Products\",\"item\":\"https:\/\/www.bob.webolatory.com\/cz\/shop\/\"},{\"@type\":\"ListItem\",\"position\":3,\"name\":\"Ovocn\u00e9 \u017eel\u00e9 jablko a t\u0159e\u0161e\u0148\"}]},{\"@type\":\"WebSite\",\"@id\":\"https:\/\/www.bob.webolatory.com\/cz\/#website\",\"url\":\"https:\/\/www.bob.webolatory.com\/cz\/\",\"name\":\"Bob Snail\",\"description\":\"\",\"potentialAction\":[{\"@type\":\"SearchAction\",\"target\":{\"@type\":\"EntryPoint\",\"urlTemplate\":\"https:\/\/www.bob.webolatory.com\/cz\/?s={search_term_string}\"},\"query-input\":{\"@type\":\"PropertyValueSpecification\",\"valueRequired\":true,\"valueName\":\"search_term_string\"}}],\"inLanguage\":\"en-US\"}]}<\/script>\n<!-- \/ Yoast SEO plugin. -->","yoast_head_json":{"title":"Ovocn\u00e9 \u017eel\u00e9 jablko a t\u0159e\u0161e\u0148 - Bob Snail","description":"Ovocn\u00e9 \u017eel\u00e9 jablko a t\u0159e\u0161e\u0148. No added sugar, colourants, or preservatives. My treats are made from all things natural\ud83c\udf1f","robots":{"index":"noindex","follow":"follow","max-snippet":"max-snippet:-1","max-image-preview":"max-image-preview:large","max-video-preview":"max-video-preview:-1"},"og_locale":"en_US","og_type":"article","og_title":"Ovocn\u00e9 \u017eel\u00e9 jablko a t\u0159e\u0161e\u0148 - Bob Snail","og_description":"Ovocn\u00e9 \u017eel\u00e9 jablko a t\u0159e\u0161e\u0148. No added sugar, colourants, or preservatives. My treats are made from all things natural\ud83c\udf1f","og_url":"https:\/\/www.bob.webolatory.com\/cz\/product\/ovocne-zele-jablko-a-tresen\/","og_site_name":"Bob Snail","article_modified_time":"2025-06-27T10:18:40+00:00","og_image":[{"width":1280,"height":1280,"url":"https:\/\/www.bob.webolatory.com\/cz\/wp-content\/uploads\/sites\/24\/2025\/06\/CZ_jellies_54_cherry_-1.webp","type":"image\/webp"}],"twitter_card":"summary_large_image","twitter_misc":{"Est. reading time":"1 minute"},"schema":{"@context":"https:\/\/schema.org","@graph":[{"@type":"WebPage","@id":"https:\/\/www.bob.webolatory.com\/cz\/product\/ovocne-zele-jablko-a-tresen\/","url":"https:\/\/www.bob.webolatory.com\/cz\/product\/ovocne-zele-jablko-a-tresen\/","name":"Ovocn\u00e9 \u017eel\u00e9 jablko a t\u0159e\u0161e\u0148 - Bob Snail","isPartOf":{"@id":"https:\/\/www.bob.webolatory.com\/cz\/#website"},"primaryImageOfPage":{"@id":"https:\/\/www.bob.webolatory.com\/cz\/product\/ovocne-zele-jablko-a-tresen\/#primaryimage"},"image":{"@id":"https:\/\/www.bob.webolatory.com\/cz\/product\/ovocne-zele-jablko-a-tresen\/#primaryimage"},"thumbnailUrl":"https:\/\/www.bob.webolatory.com\/cz\/wp-content\/uploads\/sites\/24\/2025\/06\/CZ_jellies_54_cherry_-1.webp","datePublished":"2025-06-12T19:29:02+00:00","dateModified":"2025-06-27T10:18:40+00:00","description":"Ovocn\u00e9 \u017eel\u00e9 jablko a t\u0159e\u0161e\u0148. No added sugar, colourants, or preservatives. My treats are made from all things natural\ud83c\udf1f","breadcrumb":{"@id":"https:\/\/www.bob.webolatory.com\/cz\/product\/ovocne-zele-jablko-a-tresen\/#breadcrumb"},"inLanguage":"en-US","potentialAction":[{"@type":"ReadAction","target":["https:\/\/www.bob.webolatory.com\/cz\/product\/ovocne-zele-jablko-a-tresen\/"]}]},{"@type":"ImageObject","inLanguage":"en-US","@id":"https:\/\/www.bob.webolatory.com\/cz\/product\/ovocne-zele-jablko-a-tresen\/#primaryimage","url":"https:\/\/www.bob.webolatory.com\/cz\/wp-content\/uploads\/sites\/24\/2025\/06\/CZ_jellies_54_cherry_-1.webp","contentUrl":"https:\/\/www.bob.webolatory.com\/cz\/wp-content\/uploads\/sites\/24\/2025\/06\/CZ_jellies_54_cherry_-1.webp","width":1280,"height":1280},{"@type":"BreadcrumbList","@id":"https:\/\/www.bob.webolatory.com\/cz\/product\/ovocne-zele-jablko-a-tresen\/#breadcrumb","itemListElement":[{"@type":"ListItem","position":1,"name":"Home","item":"https:\/\/www.bob.webolatory.com\/cz\/"},{"@type":"ListItem","position":2,"name":"Products","item":"https:\/\/www.bob.webolatory.com\/cz\/shop\/"},{"@type":"ListItem","position":3,"name":"Ovocn\u00e9 \u017eel\u00e9 jablko a t\u0159e\u0161e\u0148"}]},{"@type":"WebSite","@id":"https:\/\/www.bob.webolatory.com\/cz\/#website","url":"https:\/\/www.bob.webolatory.com\/cz\/","name":"Bob Snail","description":"","potentialAction":[{"@type":"SearchAction","target":{"@type":"EntryPoint","urlTemplate":"https:\/\/www.bob.webolatory.com\/cz\/?s={search_term_string}"},"query-input":{"@type":"PropertyValueSpecification","valueRequired":true,"valueName":"search_term_string"}}],"inLanguage":"en-US"}]}},"_links":{"self":[{"href":"https:\/\/www.bob.webolatory.com\/cz\/wp-json\/wp\/v2\/product\/2676","targetHints":{"allow":["GET"]}}],"collection":[{"href":"https:\/\/www.bob.webolatory.com\/cz\/wp-json\/wp\/v2\/product"}],"about":[{"href":"https:\/\/www.bob.webolatory.com\/cz\/wp-json\/wp\/v2\/types\/product"}],"replies":[{"embeddable":true,"href":"https:\/\/www.bob.webolatory.com\/cz\/wp-json\/wp\/v2\/comments?post=2676"}],"wp:featuredmedia":[{"embeddable":true,"href":"https:\/\/www.bob.webolatory.com\/cz\/wp-json\/wp\/v2\/media\/2677"}],"wp:attachment":[{"href":"https:\/\/www.bob.webolatory.com\/cz\/wp-json\/wp\/v2\/media?parent=2676"}],"wp:term":[{"taxonomy":"product_brand","embeddable":true,"href":"https:\/\/www.bob.webolatory.com\/cz\/wp-json\/wp\/v2\/product_brand?post=2676"},{"taxonomy":"product_cat","embeddable":true,"href":"https:\/\/www.bob.webolatory.com\/cz\/wp-json\/wp\/v2\/product_cat?post=2676"},{"taxonomy":"product_tag","embeddable":true,"href":"https:\/\/www.bob.webolatory.com\/cz\/wp-json\/wp\/v2\/product_tag?post=2676"}],"curies":[{"name":"wp","href":"https:\/\/api.w.org\/{rel}","templated":true}]}}