{"id":2686,"date":"2025-06-12T19:50:25","date_gmt":"2025-06-12T19:50:25","guid":{"rendered":"https:\/\/www.bob-snail.com\/cs\/?post_type=product&#038;p=2686"},"modified":"2025-06-27T10:18:29","modified_gmt":"2025-06-27T10:18:29","slug":"smoothie-hruska-a-ostruzina","status":"publish","type":"product","link":"https:\/\/www.bob.webolatory.com\/cz\/product\/smoothie-hruska-a-ostruzina\/","title":{"rendered":"Smoothie hru\u0161ka a ostru\u017eina"},"content":{"rendered":"<p><span style=\"font-weight: 400;\">Moje smoothie jsou jen z \u010dist\u00e9ho ovoce &#8211; bez p\u0159idan\u00e9ho cukru a v\u0161ech um\u011bl\u00fdch p\u0159\u00edsad. Neobsahuj\u00ed lepek, jsou vhodn\u00e9 i pro vegany, jednodu\u0161e perfektn\u00ed sva\u010dinka na cesty!<\/span><\/p>\n<p><span style=\"font-weight: 400;\">A\u0165 u\u017e jste kdekoliv &#8211; ve \u0161kole, v kancel\u00e1\u0159i, na cest\u00e1ch, na v\u00fdlet\u011b, p\u0159i sportu &#8211; smoothie je v\u017edy po ruce pro rychl\u00e9 ob\u010derstven\u00ed. Obl\u00edb\u00edte si jeho hustou a z\u00e1rove\u0148 jemnou konzistenci, plnou ovocnou chu\u0165 a l\u00e1kavou v\u016fni.\u00a0<\/span><\/p>\n<p><span style=\"font-weight: 400;\">Vypijte si svoje obl\u00edben\u00e9 ovoce, kdykoli m\u00e1te chu\u0165!\u00a0<\/span><\/p>\n","protected":false},"excerpt":{"rendered":"<p>Moje smoothie jsou jen z \u010dist\u00e9ho ovoce &#8211; bez p\u0159idan\u00e9ho cukru a v\u0161ech um\u011bl\u00fdch p\u0159\u00edsad. Neobsahuj\u00ed lepek, jsou vhodn\u00e9 i pro vegany, jednodu\u0161e perfektn\u00ed sva\u010dinka na cesty! A\u0165 u\u017e jste kdekoliv &#8211; ve \u0161kole, v kancel\u00e1\u0159i, na cest\u00e1ch, na v\u00fdlet\u011b, p\u0159i sportu &#8211; smoothie je v\u017edy po ruce pro rychl\u00e9 ob\u010derstven\u00ed. Obl\u00edb\u00edte si jeho hustou [&hellip;]<\/p>\n","protected":false},"featured_media":2687,"comment_status":"open","ping_status":"closed","template":"","meta":[],"product_brand":[],"product_cat":[79],"product_tag":[],"class_list":{"0":"post-2686","1":"product","2":"type-product","3":"status-publish","4":"has-post-thumbnail","6":"product_cat-smoothie","7":"weight_taxonomy-120g","9":"first","10":"instock","11":"shipping-taxable","12":"purchasable","13":"product-type-simple"},"yoast_head":"<!-- This site is optimized with the Yoast SEO plugin v24.7 - https:\/\/yoast.com\/wordpress\/plugins\/seo\/ -->\n<title>Smoothie hru\u0161ka a ostru\u017eina - Bob Snail<\/title>\n<meta name=\"description\" content=\"Smoothie hru\u0161ka a ostru\u017eina. No added sugar, colourants, or preservatives. My treats are made from all things natural\ud83c\udf1f\" \/>\n<meta name=\"robots\" content=\"noindex, follow, max-snippet:-1, max-image-preview:large, max-video-preview:-1\" \/>\n<meta property=\"og:locale\" content=\"en_US\" \/>\n<meta property=\"og:type\" content=\"article\" \/>\n<meta property=\"og:title\" content=\"Smoothie hru\u0161ka a ostru\u017eina - Bob Snail\" \/>\n<meta property=\"og:description\" content=\"Smoothie hru\u0161ka a ostru\u017eina. No added sugar, colourants, or preservatives. My treats are made from all things natural\ud83c\udf1f\" \/>\n<meta property=\"og:url\" content=\"https:\/\/www.bob.webolatory.com\/cz\/product\/smoothie-hruska-a-ostruzina\/\" \/>\n<meta property=\"og:site_name\" content=\"Bob Snail\" \/>\n<meta property=\"article:modified_time\" content=\"2025-06-27T10:18:29+00:00\" \/>\n<meta property=\"og:image\" content=\"https:\/\/www.bob.webolatory.com\/cz\/wp-content\/uploads\/sites\/24\/2025\/06\/CZ_smoothie_120_black_pear_-1.webp\" \/>\n\t<meta property=\"og:image:width\" content=\"1280\" \/>\n\t<meta property=\"og:image:height\" content=\"1280\" \/>\n\t<meta property=\"og:image:type\" content=\"image\/webp\" \/>\n<meta name=\"twitter:card\" content=\"summary_large_image\" \/>\n<meta name=\"twitter:label1\" content=\"Est. reading time\" \/>\n\t<meta name=\"twitter:data1\" content=\"1 minute\" \/>\n<script type=\"application\/ld+json\" class=\"yoast-schema-graph\">{\"@context\":\"https:\/\/schema.org\",\"@graph\":[{\"@type\":\"WebPage\",\"@id\":\"https:\/\/www.bob.webolatory.com\/cz\/product\/smoothie-hruska-a-ostruzina\/\",\"url\":\"https:\/\/www.bob.webolatory.com\/cz\/product\/smoothie-hruska-a-ostruzina\/\",\"name\":\"Smoothie hru\u0161ka a ostru\u017eina - Bob Snail\",\"isPartOf\":{\"@id\":\"https:\/\/www.bob.webolatory.com\/cz\/#website\"},\"primaryImageOfPage\":{\"@id\":\"https:\/\/www.bob.webolatory.com\/cz\/product\/smoothie-hruska-a-ostruzina\/#primaryimage\"},\"image\":{\"@id\":\"https:\/\/www.bob.webolatory.com\/cz\/product\/smoothie-hruska-a-ostruzina\/#primaryimage\"},\"thumbnailUrl\":\"https:\/\/www.bob.webolatory.com\/cz\/wp-content\/uploads\/sites\/24\/2025\/06\/CZ_smoothie_120_black_pear_-1.webp\",\"datePublished\":\"2025-06-12T19:50:25+00:00\",\"dateModified\":\"2025-06-27T10:18:29+00:00\",\"description\":\"Smoothie hru\u0161ka a ostru\u017eina. No added sugar, colourants, or preservatives. My treats are made from all things natural\ud83c\udf1f\",\"breadcrumb\":{\"@id\":\"https:\/\/www.bob.webolatory.com\/cz\/product\/smoothie-hruska-a-ostruzina\/#breadcrumb\"},\"inLanguage\":\"en-US\",\"potentialAction\":[{\"@type\":\"ReadAction\",\"target\":[\"https:\/\/www.bob.webolatory.com\/cz\/product\/smoothie-hruska-a-ostruzina\/\"]}]},{\"@type\":\"ImageObject\",\"inLanguage\":\"en-US\",\"@id\":\"https:\/\/www.bob.webolatory.com\/cz\/product\/smoothie-hruska-a-ostruzina\/#primaryimage\",\"url\":\"https:\/\/www.bob.webolatory.com\/cz\/wp-content\/uploads\/sites\/24\/2025\/06\/CZ_smoothie_120_black_pear_-1.webp\",\"contentUrl\":\"https:\/\/www.bob.webolatory.com\/cz\/wp-content\/uploads\/sites\/24\/2025\/06\/CZ_smoothie_120_black_pear_-1.webp\",\"width\":1280,\"height\":1280},{\"@type\":\"BreadcrumbList\",\"@id\":\"https:\/\/www.bob.webolatory.com\/cz\/product\/smoothie-hruska-a-ostruzina\/#breadcrumb\",\"itemListElement\":[{\"@type\":\"ListItem\",\"position\":1,\"name\":\"Home\",\"item\":\"https:\/\/www.bob.webolatory.com\/cz\/\"},{\"@type\":\"ListItem\",\"position\":2,\"name\":\"Products\",\"item\":\"https:\/\/www.bob.webolatory.com\/cz\/shop\/\"},{\"@type\":\"ListItem\",\"position\":3,\"name\":\"Smoothie hru\u0161ka a ostru\u017eina\"}]},{\"@type\":\"WebSite\",\"@id\":\"https:\/\/www.bob.webolatory.com\/cz\/#website\",\"url\":\"https:\/\/www.bob.webolatory.com\/cz\/\",\"name\":\"Bob Snail\",\"description\":\"\",\"potentialAction\":[{\"@type\":\"SearchAction\",\"target\":{\"@type\":\"EntryPoint\",\"urlTemplate\":\"https:\/\/www.bob.webolatory.com\/cz\/?s={search_term_string}\"},\"query-input\":{\"@type\":\"PropertyValueSpecification\",\"valueRequired\":true,\"valueName\":\"search_term_string\"}}],\"inLanguage\":\"en-US\"}]}<\/script>\n<!-- \/ Yoast SEO plugin. -->","yoast_head_json":{"title":"Smoothie hru\u0161ka a ostru\u017eina - Bob Snail","description":"Smoothie hru\u0161ka a ostru\u017eina. No added sugar, colourants, or preservatives. My treats are made from all things natural\ud83c\udf1f","robots":{"index":"noindex","follow":"follow","max-snippet":"max-snippet:-1","max-image-preview":"max-image-preview:large","max-video-preview":"max-video-preview:-1"},"og_locale":"en_US","og_type":"article","og_title":"Smoothie hru\u0161ka a ostru\u017eina - Bob Snail","og_description":"Smoothie hru\u0161ka a ostru\u017eina. No added sugar, colourants, or preservatives. My treats are made from all things natural\ud83c\udf1f","og_url":"https:\/\/www.bob.webolatory.com\/cz\/product\/smoothie-hruska-a-ostruzina\/","og_site_name":"Bob Snail","article_modified_time":"2025-06-27T10:18:29+00:00","og_image":[{"width":1280,"height":1280,"url":"https:\/\/www.bob.webolatory.com\/cz\/wp-content\/uploads\/sites\/24\/2025\/06\/CZ_smoothie_120_black_pear_-1.webp","type":"image\/webp"}],"twitter_card":"summary_large_image","twitter_misc":{"Est. reading time":"1 minute"},"schema":{"@context":"https:\/\/schema.org","@graph":[{"@type":"WebPage","@id":"https:\/\/www.bob.webolatory.com\/cz\/product\/smoothie-hruska-a-ostruzina\/","url":"https:\/\/www.bob.webolatory.com\/cz\/product\/smoothie-hruska-a-ostruzina\/","name":"Smoothie hru\u0161ka a ostru\u017eina - Bob Snail","isPartOf":{"@id":"https:\/\/www.bob.webolatory.com\/cz\/#website"},"primaryImageOfPage":{"@id":"https:\/\/www.bob.webolatory.com\/cz\/product\/smoothie-hruska-a-ostruzina\/#primaryimage"},"image":{"@id":"https:\/\/www.bob.webolatory.com\/cz\/product\/smoothie-hruska-a-ostruzina\/#primaryimage"},"thumbnailUrl":"https:\/\/www.bob.webolatory.com\/cz\/wp-content\/uploads\/sites\/24\/2025\/06\/CZ_smoothie_120_black_pear_-1.webp","datePublished":"2025-06-12T19:50:25+00:00","dateModified":"2025-06-27T10:18:29+00:00","description":"Smoothie hru\u0161ka a ostru\u017eina. No added sugar, colourants, or preservatives. My treats are made from all things natural\ud83c\udf1f","breadcrumb":{"@id":"https:\/\/www.bob.webolatory.com\/cz\/product\/smoothie-hruska-a-ostruzina\/#breadcrumb"},"inLanguage":"en-US","potentialAction":[{"@type":"ReadAction","target":["https:\/\/www.bob.webolatory.com\/cz\/product\/smoothie-hruska-a-ostruzina\/"]}]},{"@type":"ImageObject","inLanguage":"en-US","@id":"https:\/\/www.bob.webolatory.com\/cz\/product\/smoothie-hruska-a-ostruzina\/#primaryimage","url":"https:\/\/www.bob.webolatory.com\/cz\/wp-content\/uploads\/sites\/24\/2025\/06\/CZ_smoothie_120_black_pear_-1.webp","contentUrl":"https:\/\/www.bob.webolatory.com\/cz\/wp-content\/uploads\/sites\/24\/2025\/06\/CZ_smoothie_120_black_pear_-1.webp","width":1280,"height":1280},{"@type":"BreadcrumbList","@id":"https:\/\/www.bob.webolatory.com\/cz\/product\/smoothie-hruska-a-ostruzina\/#breadcrumb","itemListElement":[{"@type":"ListItem","position":1,"name":"Home","item":"https:\/\/www.bob.webolatory.com\/cz\/"},{"@type":"ListItem","position":2,"name":"Products","item":"https:\/\/www.bob.webolatory.com\/cz\/shop\/"},{"@type":"ListItem","position":3,"name":"Smoothie hru\u0161ka a ostru\u017eina"}]},{"@type":"WebSite","@id":"https:\/\/www.bob.webolatory.com\/cz\/#website","url":"https:\/\/www.bob.webolatory.com\/cz\/","name":"Bob Snail","description":"","potentialAction":[{"@type":"SearchAction","target":{"@type":"EntryPoint","urlTemplate":"https:\/\/www.bob.webolatory.com\/cz\/?s={search_term_string}"},"query-input":{"@type":"PropertyValueSpecification","valueRequired":true,"valueName":"search_term_string"}}],"inLanguage":"en-US"}]}},"_links":{"self":[{"href":"https:\/\/www.bob.webolatory.com\/cz\/wp-json\/wp\/v2\/product\/2686","targetHints":{"allow":["GET"]}}],"collection":[{"href":"https:\/\/www.bob.webolatory.com\/cz\/wp-json\/wp\/v2\/product"}],"about":[{"href":"https:\/\/www.bob.webolatory.com\/cz\/wp-json\/wp\/v2\/types\/product"}],"replies":[{"embeddable":true,"href":"https:\/\/www.bob.webolatory.com\/cz\/wp-json\/wp\/v2\/comments?post=2686"}],"wp:featuredmedia":[{"embeddable":true,"href":"https:\/\/www.bob.webolatory.com\/cz\/wp-json\/wp\/v2\/media\/2687"}],"wp:attachment":[{"href":"https:\/\/www.bob.webolatory.com\/cz\/wp-json\/wp\/v2\/media?parent=2686"}],"wp:term":[{"taxonomy":"product_brand","embeddable":true,"href":"https:\/\/www.bob.webolatory.com\/cz\/wp-json\/wp\/v2\/product_brand?post=2686"},{"taxonomy":"product_cat","embeddable":true,"href":"https:\/\/www.bob.webolatory.com\/cz\/wp-json\/wp\/v2\/product_cat?post=2686"},{"taxonomy":"product_tag","embeddable":true,"href":"https:\/\/www.bob.webolatory.com\/cz\/wp-json\/wp\/v2\/product_tag?post=2686"}],"curies":[{"name":"wp","href":"https:\/\/api.w.org\/{rel}","templated":true}]}}