{"id":2758,"date":"2025-06-14T19:56:57","date_gmt":"2025-06-14T19:56:57","guid":{"rendered":"https:\/\/www.bob-snail.com\/cs\/?post_type=product&#038;p=2758"},"modified":"2025-07-30T19:18:08","modified_gmt":"2025-07-30T19:18:08","slug":"ovocna-pochoutka-cokolade-jablko-tresen","status":"publish","type":"product","link":"https:\/\/www.bob.webolatory.com\/cz\/product\/ovocna-pochoutka-cokolade-jablko-tresen\/","title":{"rendered":"Ovocn\u00e1 pochoutka v \u010dokol\u00e1d\u011b jablko-t\u0159e\u0161e\u0148"},"content":{"rendered":"<p><span style=\"font-weight: 400;\">Vyr\u00e1b\u00edm lahodn\u00e9 ovocn\u00e9 pochoutky polit\u00e9 belgickou \u010dokol\u00e1dou, kter\u00e9 si m\u016f\u017eete vychutnat bez\u00a0 pocitu viny. Neobsahuj\u00ed \u017e\u00e1dn\u00fd p\u0159idan\u00fd cukr &#8211; dokonce ani v \u010dokol\u00e1d\u011b! A jsou samoz\u0159ejm\u011b bez konzervant\u016f, barviv a tak\u00e9 bez lepku.<\/span><\/p>\n<p><span style=\"font-weight: 400;\">Jejich pln\u00e1 ovocn\u00e1 chu\u0165 s jemn\u00fdmi \u010dokol\u00e1dov\u00fdmi t\u00f3ny v\u00e1s okouzl\u00ed. Je taaak t\u011b\u017ek\u00e9 jim odolat &#8211; ale k tomu p\u0159ece nen\u00ed d\u016fvod. Jsou skv\u011blou alternativou klasick\u00fdch cukrovinek a dop\u0159\u00e1t si je tak m\u016f\u017ee \u00fapln\u011b ka\u017ed\u00fd!<\/span><\/p>\n","protected":false},"excerpt":{"rendered":"<p>Vyr\u00e1b\u00edm lahodn\u00e9 ovocn\u00e9 pochoutky polit\u00e9 belgickou \u010dokol\u00e1dou, kter\u00e9 si m\u016f\u017eete vychutnat bez\u00a0 pocitu viny. Neobsahuj\u00ed \u017e\u00e1dn\u00fd p\u0159idan\u00fd cukr &#8211; dokonce ani v \u010dokol\u00e1d\u011b! A jsou samoz\u0159ejm\u011b bez konzervant\u016f, barviv a tak\u00e9 bez lepku. Jejich pln\u00e1 ovocn\u00e1 chu\u0165 s jemn\u00fdmi \u010dokol\u00e1dov\u00fdmi t\u00f3ny v\u00e1s okouzl\u00ed. Je taaak t\u011b\u017ek\u00e9 jim odolat &#8211; ale k tomu p\u0159ece nen\u00ed d\u016fvod. [&hellip;]<\/p>\n","protected":false},"featured_media":2759,"comment_status":"open","ping_status":"closed","template":"","meta":[],"product_brand":[],"product_cat":[92],"product_tag":[],"class_list":{"0":"post-2758","1":"product","2":"type-product","3":"status-publish","4":"has-post-thumbnail","6":"product_cat-choco","7":"weight_taxonomy-100g","9":"first","10":"instock","11":"shipping-taxable","12":"purchasable","13":"product-type-simple"},"yoast_head":"<!-- This site is optimized with the Yoast SEO plugin v24.7 - https:\/\/yoast.com\/wordpress\/plugins\/seo\/ -->\n<title>Ovocn\u00e1 pochoutka v \u010dokol\u00e1d\u011b jablko-t\u0159e\u0161e\u0148 - Bob Snail<\/title>\n<meta name=\"description\" content=\"Ovocn\u00e1 pochoutka v \u010dokol\u00e1d\u011b jablko-t\u0159e\u0161e\u0148. No added sugar, colourants, or preservatives. My treats are made from all things natural\ud83c\udf1f\" \/>\n<meta name=\"robots\" content=\"noindex, follow, max-snippet:-1, max-image-preview:large, max-video-preview:-1\" \/>\n<meta property=\"og:locale\" content=\"en_US\" \/>\n<meta property=\"og:type\" content=\"article\" \/>\n<meta property=\"og:title\" content=\"Ovocn\u00e1 pochoutka v \u010dokol\u00e1d\u011b jablko-t\u0159e\u0161e\u0148 - Bob Snail\" \/>\n<meta property=\"og:description\" content=\"Ovocn\u00e1 pochoutka v \u010dokol\u00e1d\u011b jablko-t\u0159e\u0161e\u0148. No added sugar, colourants, or preservatives. My treats are made from all things natural\ud83c\udf1f\" \/>\n<meta property=\"og:url\" content=\"https:\/\/www.bob.webolatory.com\/cz\/product\/ovocna-pochoutka-cokolade-jablko-tresen\/\" \/>\n<meta property=\"og:site_name\" content=\"Bob Snail\" \/>\n<meta property=\"article:modified_time\" content=\"2025-07-30T19:18:08+00:00\" \/>\n<meta property=\"og:image\" content=\"https:\/\/www.bob.webolatory.com\/cz\/wp-content\/uploads\/sites\/24\/2025\/06\/CZ_choco_crush_100_cherry_-1.webp\" \/>\n\t<meta property=\"og:image:width\" content=\"1280\" \/>\n\t<meta property=\"og:image:height\" content=\"1280\" \/>\n\t<meta property=\"og:image:type\" content=\"image\/webp\" \/>\n<meta name=\"twitter:card\" content=\"summary_large_image\" \/>\n<meta name=\"twitter:label1\" content=\"Est. reading time\" \/>\n\t<meta name=\"twitter:data1\" content=\"1 minute\" \/>\n<script type=\"application\/ld+json\" class=\"yoast-schema-graph\">{\"@context\":\"https:\/\/schema.org\",\"@graph\":[{\"@type\":\"WebPage\",\"@id\":\"https:\/\/www.bob.webolatory.com\/cz\/product\/ovocna-pochoutka-cokolade-jablko-tresen\/\",\"url\":\"https:\/\/www.bob.webolatory.com\/cz\/product\/ovocna-pochoutka-cokolade-jablko-tresen\/\",\"name\":\"Ovocn\u00e1 pochoutka v \u010dokol\u00e1d\u011b jablko-t\u0159e\u0161e\u0148 - Bob Snail\",\"isPartOf\":{\"@id\":\"https:\/\/www.bob.webolatory.com\/cz\/#website\"},\"primaryImageOfPage\":{\"@id\":\"https:\/\/www.bob.webolatory.com\/cz\/product\/ovocna-pochoutka-cokolade-jablko-tresen\/#primaryimage\"},\"image\":{\"@id\":\"https:\/\/www.bob.webolatory.com\/cz\/product\/ovocna-pochoutka-cokolade-jablko-tresen\/#primaryimage\"},\"thumbnailUrl\":\"https:\/\/www.bob.webolatory.com\/cz\/wp-content\/uploads\/sites\/24\/2025\/06\/CZ_choco_crush_100_cherry_-1.webp\",\"datePublished\":\"2025-06-14T19:56:57+00:00\",\"dateModified\":\"2025-07-30T19:18:08+00:00\",\"description\":\"Ovocn\u00e1 pochoutka v \u010dokol\u00e1d\u011b jablko-t\u0159e\u0161e\u0148. No added sugar, colourants, or preservatives. My treats are made from all things natural\ud83c\udf1f\",\"breadcrumb\":{\"@id\":\"https:\/\/www.bob.webolatory.com\/cz\/product\/ovocna-pochoutka-cokolade-jablko-tresen\/#breadcrumb\"},\"inLanguage\":\"en-US\",\"potentialAction\":[{\"@type\":\"ReadAction\",\"target\":[\"https:\/\/www.bob.webolatory.com\/cz\/product\/ovocna-pochoutka-cokolade-jablko-tresen\/\"]}]},{\"@type\":\"ImageObject\",\"inLanguage\":\"en-US\",\"@id\":\"https:\/\/www.bob.webolatory.com\/cz\/product\/ovocna-pochoutka-cokolade-jablko-tresen\/#primaryimage\",\"url\":\"https:\/\/www.bob.webolatory.com\/cz\/wp-content\/uploads\/sites\/24\/2025\/06\/CZ_choco_crush_100_cherry_-1.webp\",\"contentUrl\":\"https:\/\/www.bob.webolatory.com\/cz\/wp-content\/uploads\/sites\/24\/2025\/06\/CZ_choco_crush_100_cherry_-1.webp\",\"width\":1280,\"height\":1280},{\"@type\":\"BreadcrumbList\",\"@id\":\"https:\/\/www.bob.webolatory.com\/cz\/product\/ovocna-pochoutka-cokolade-jablko-tresen\/#breadcrumb\",\"itemListElement\":[{\"@type\":\"ListItem\",\"position\":1,\"name\":\"Home\",\"item\":\"https:\/\/www.bob.webolatory.com\/cz\/\"},{\"@type\":\"ListItem\",\"position\":2,\"name\":\"Products\",\"item\":\"https:\/\/www.bob.webolatory.com\/cz\/shop\/\"},{\"@type\":\"ListItem\",\"position\":3,\"name\":\"Ovocn\u00e1 pochoutka v \u010dokol\u00e1d\u011b jablko-t\u0159e\u0161e\u0148\"}]},{\"@type\":\"WebSite\",\"@id\":\"https:\/\/www.bob.webolatory.com\/cz\/#website\",\"url\":\"https:\/\/www.bob.webolatory.com\/cz\/\",\"name\":\"Bob Snail\",\"description\":\"\",\"potentialAction\":[{\"@type\":\"SearchAction\",\"target\":{\"@type\":\"EntryPoint\",\"urlTemplate\":\"https:\/\/www.bob.webolatory.com\/cz\/?s={search_term_string}\"},\"query-input\":{\"@type\":\"PropertyValueSpecification\",\"valueRequired\":true,\"valueName\":\"search_term_string\"}}],\"inLanguage\":\"en-US\"}]}<\/script>\n<!-- \/ Yoast SEO plugin. -->","yoast_head_json":{"title":"Ovocn\u00e1 pochoutka v \u010dokol\u00e1d\u011b jablko-t\u0159e\u0161e\u0148 - Bob Snail","description":"Ovocn\u00e1 pochoutka v \u010dokol\u00e1d\u011b jablko-t\u0159e\u0161e\u0148. No added sugar, colourants, or preservatives. My treats are made from all things natural\ud83c\udf1f","robots":{"index":"noindex","follow":"follow","max-snippet":"max-snippet:-1","max-image-preview":"max-image-preview:large","max-video-preview":"max-video-preview:-1"},"og_locale":"en_US","og_type":"article","og_title":"Ovocn\u00e1 pochoutka v \u010dokol\u00e1d\u011b jablko-t\u0159e\u0161e\u0148 - Bob Snail","og_description":"Ovocn\u00e1 pochoutka v \u010dokol\u00e1d\u011b jablko-t\u0159e\u0161e\u0148. No added sugar, colourants, or preservatives. My treats are made from all things natural\ud83c\udf1f","og_url":"https:\/\/www.bob.webolatory.com\/cz\/product\/ovocna-pochoutka-cokolade-jablko-tresen\/","og_site_name":"Bob Snail","article_modified_time":"2025-07-30T19:18:08+00:00","og_image":[{"width":1280,"height":1280,"url":"https:\/\/www.bob.webolatory.com\/cz\/wp-content\/uploads\/sites\/24\/2025\/06\/CZ_choco_crush_100_cherry_-1.webp","type":"image\/webp"}],"twitter_card":"summary_large_image","twitter_misc":{"Est. reading time":"1 minute"},"schema":{"@context":"https:\/\/schema.org","@graph":[{"@type":"WebPage","@id":"https:\/\/www.bob.webolatory.com\/cz\/product\/ovocna-pochoutka-cokolade-jablko-tresen\/","url":"https:\/\/www.bob.webolatory.com\/cz\/product\/ovocna-pochoutka-cokolade-jablko-tresen\/","name":"Ovocn\u00e1 pochoutka v \u010dokol\u00e1d\u011b jablko-t\u0159e\u0161e\u0148 - Bob Snail","isPartOf":{"@id":"https:\/\/www.bob.webolatory.com\/cz\/#website"},"primaryImageOfPage":{"@id":"https:\/\/www.bob.webolatory.com\/cz\/product\/ovocna-pochoutka-cokolade-jablko-tresen\/#primaryimage"},"image":{"@id":"https:\/\/www.bob.webolatory.com\/cz\/product\/ovocna-pochoutka-cokolade-jablko-tresen\/#primaryimage"},"thumbnailUrl":"https:\/\/www.bob.webolatory.com\/cz\/wp-content\/uploads\/sites\/24\/2025\/06\/CZ_choco_crush_100_cherry_-1.webp","datePublished":"2025-06-14T19:56:57+00:00","dateModified":"2025-07-30T19:18:08+00:00","description":"Ovocn\u00e1 pochoutka v \u010dokol\u00e1d\u011b jablko-t\u0159e\u0161e\u0148. No added sugar, colourants, or preservatives. My treats are made from all things natural\ud83c\udf1f","breadcrumb":{"@id":"https:\/\/www.bob.webolatory.com\/cz\/product\/ovocna-pochoutka-cokolade-jablko-tresen\/#breadcrumb"},"inLanguage":"en-US","potentialAction":[{"@type":"ReadAction","target":["https:\/\/www.bob.webolatory.com\/cz\/product\/ovocna-pochoutka-cokolade-jablko-tresen\/"]}]},{"@type":"ImageObject","inLanguage":"en-US","@id":"https:\/\/www.bob.webolatory.com\/cz\/product\/ovocna-pochoutka-cokolade-jablko-tresen\/#primaryimage","url":"https:\/\/www.bob.webolatory.com\/cz\/wp-content\/uploads\/sites\/24\/2025\/06\/CZ_choco_crush_100_cherry_-1.webp","contentUrl":"https:\/\/www.bob.webolatory.com\/cz\/wp-content\/uploads\/sites\/24\/2025\/06\/CZ_choco_crush_100_cherry_-1.webp","width":1280,"height":1280},{"@type":"BreadcrumbList","@id":"https:\/\/www.bob.webolatory.com\/cz\/product\/ovocna-pochoutka-cokolade-jablko-tresen\/#breadcrumb","itemListElement":[{"@type":"ListItem","position":1,"name":"Home","item":"https:\/\/www.bob.webolatory.com\/cz\/"},{"@type":"ListItem","position":2,"name":"Products","item":"https:\/\/www.bob.webolatory.com\/cz\/shop\/"},{"@type":"ListItem","position":3,"name":"Ovocn\u00e1 pochoutka v \u010dokol\u00e1d\u011b jablko-t\u0159e\u0161e\u0148"}]},{"@type":"WebSite","@id":"https:\/\/www.bob.webolatory.com\/cz\/#website","url":"https:\/\/www.bob.webolatory.com\/cz\/","name":"Bob Snail","description":"","potentialAction":[{"@type":"SearchAction","target":{"@type":"EntryPoint","urlTemplate":"https:\/\/www.bob.webolatory.com\/cz\/?s={search_term_string}"},"query-input":{"@type":"PropertyValueSpecification","valueRequired":true,"valueName":"search_term_string"}}],"inLanguage":"en-US"}]}},"_links":{"self":[{"href":"https:\/\/www.bob.webolatory.com\/cz\/wp-json\/wp\/v2\/product\/2758","targetHints":{"allow":["GET"]}}],"collection":[{"href":"https:\/\/www.bob.webolatory.com\/cz\/wp-json\/wp\/v2\/product"}],"about":[{"href":"https:\/\/www.bob.webolatory.com\/cz\/wp-json\/wp\/v2\/types\/product"}],"replies":[{"embeddable":true,"href":"https:\/\/www.bob.webolatory.com\/cz\/wp-json\/wp\/v2\/comments?post=2758"}],"wp:featuredmedia":[{"embeddable":true,"href":"https:\/\/www.bob.webolatory.com\/cz\/wp-json\/wp\/v2\/media\/2759"}],"wp:attachment":[{"href":"https:\/\/www.bob.webolatory.com\/cz\/wp-json\/wp\/v2\/media?parent=2758"}],"wp:term":[{"taxonomy":"product_brand","embeddable":true,"href":"https:\/\/www.bob.webolatory.com\/cz\/wp-json\/wp\/v2\/product_brand?post=2758"},{"taxonomy":"product_cat","embeddable":true,"href":"https:\/\/www.bob.webolatory.com\/cz\/wp-json\/wp\/v2\/product_cat?post=2758"},{"taxonomy":"product_tag","embeddable":true,"href":"https:\/\/www.bob.webolatory.com\/cz\/wp-json\/wp\/v2\/product_tag?post=2758"}],"curies":[{"name":"wp","href":"https:\/\/api.w.org\/{rel}","templated":true}]}}