{"id":2922,"date":"2025-06-14T20:47:31","date_gmt":"2025-06-14T20:47:31","guid":{"rendered":"https:\/\/www.bob-snail.com\/cs\/?post_type=product&#038;p=2922"},"modified":"2025-06-27T10:11:22","modified_gmt":"2025-06-27T10:11:22","slug":"platky-jablko-malina","status":"publish","type":"product","link":"https:\/\/www.bob.webolatory.com\/cz\/product\/platky-jablko-malina\/","title":{"rendered":"Pl\u00e1tky jablko-malina"},"content":{"rendered":"<p><span style=\"font-weight: 400;\">Ovocn\u00e9 pl\u00e1tky vyr\u00e1b\u00edm jenom z ovoce. \u017d\u00e1dn\u00fd p\u0159idan\u00fd cukr, konzervanty ani barviva v nich nenajdete.\u00a0<\/span><\/p>\n<p><span style=\"font-weight: 400;\">Neobsahuj\u00ed \u017e\u00e1dn\u00e9 z b\u011b\u017en\u00fdch alergen\u016f (v\u010detn\u011b lepku, lakt\u00f3zy a ara\u0161\u00edd\u016f), s \u00fasm\u011bvem si je tak mohou vychutnat d\u011bti i dosp\u011bl\u00ed.\u00a0<\/span><\/p>\n<p><span style=\"font-weight: 400;\">Ka\u017ed\u00fd pl\u00e1tek je samostatn\u011b zabalen\u00fd, snadno se tak vejde do kapsy, do krabi\u010dky, nebo batohu. Prost\u011b skv\u011bl\u00fd snack do \u0161koly, kancel\u00e1\u0159e, na proch\u00e1zku, nebo do t\u011blocvi\u010dny. <\/span><\/p>\n","protected":false},"excerpt":{"rendered":"<p>Ovocn\u00e9 pl\u00e1tky vyr\u00e1b\u00edm jenom z ovoce. \u017d\u00e1dn\u00fd p\u0159idan\u00fd cukr, konzervanty ani barviva v nich nenajdete.\u00a0 Neobsahuj\u00ed \u017e\u00e1dn\u00e9 z b\u011b\u017en\u00fdch alergen\u016f (v\u010detn\u011b lepku, lakt\u00f3zy a ara\u0161\u00edd\u016f), s \u00fasm\u011bvem si je tak mohou vychutnat d\u011bti i dosp\u011bl\u00ed.\u00a0 Ka\u017ed\u00fd pl\u00e1tek je samostatn\u011b zabalen\u00fd, snadno se tak vejde do kapsy, do krabi\u010dky, nebo batohu. Prost\u011b skv\u011bl\u00fd snack do \u0161koly, [&hellip;]<\/p>\n","protected":false},"featured_media":2923,"comment_status":"open","ping_status":"closed","template":"","meta":[],"product_brand":[],"product_cat":[75],"product_tag":[],"class_list":{"0":"post-2922","1":"product","2":"type-product","3":"status-publish","4":"has-post-thumbnail","6":"product_cat-platky","7":"weight_taxonomy-14g","9":"first","10":"instock","11":"shipping-taxable","12":"purchasable","13":"product-type-simple"},"yoast_head":"<!-- This site is optimized with the Yoast SEO plugin v24.7 - https:\/\/yoast.com\/wordpress\/plugins\/seo\/ -->\n<title>Pl\u00e1tky jablko-malina - Bob Snail<\/title>\n<meta name=\"description\" content=\"Pl\u00e1tky jablko-malina. No added sugar, colourants, or preservatives. My treats are made from all things natural\ud83c\udf1f\" \/>\n<meta name=\"robots\" content=\"noindex, follow, max-snippet:-1, max-image-preview:large, max-video-preview:-1\" \/>\n<meta property=\"og:locale\" content=\"en_US\" \/>\n<meta property=\"og:type\" content=\"article\" \/>\n<meta property=\"og:title\" content=\"Pl\u00e1tky jablko-malina - Bob Snail\" \/>\n<meta property=\"og:description\" content=\"Pl\u00e1tky jablko-malina. No added sugar, colourants, or preservatives. My treats are made from all things natural\ud83c\udf1f\" \/>\n<meta property=\"og:url\" content=\"https:\/\/www.bob.webolatory.com\/cz\/product\/platky-jablko-malina\/\" \/>\n<meta property=\"og:site_name\" content=\"Bob Snail\" \/>\n<meta property=\"article:modified_time\" content=\"2025-06-27T10:11:22+00:00\" \/>\n<meta property=\"og:image\" content=\"https:\/\/www.bob.webolatory.com\/cz\/wp-content\/uploads\/sites\/24\/2025\/06\/CZ_stripe_14_raspberry_-1.webp\" \/>\n\t<meta property=\"og:image:width\" content=\"1280\" \/>\n\t<meta property=\"og:image:height\" content=\"1280\" \/>\n\t<meta property=\"og:image:type\" content=\"image\/webp\" \/>\n<meta name=\"twitter:card\" content=\"summary_large_image\" \/>\n<meta name=\"twitter:label1\" content=\"Est. reading time\" \/>\n\t<meta name=\"twitter:data1\" content=\"1 minute\" \/>\n<script type=\"application\/ld+json\" class=\"yoast-schema-graph\">{\"@context\":\"https:\/\/schema.org\",\"@graph\":[{\"@type\":\"WebPage\",\"@id\":\"https:\/\/www.bob.webolatory.com\/cz\/product\/platky-jablko-malina\/\",\"url\":\"https:\/\/www.bob.webolatory.com\/cz\/product\/platky-jablko-malina\/\",\"name\":\"Pl\u00e1tky jablko-malina - Bob Snail\",\"isPartOf\":{\"@id\":\"https:\/\/www.bob.webolatory.com\/cz\/#website\"},\"primaryImageOfPage\":{\"@id\":\"https:\/\/www.bob.webolatory.com\/cz\/product\/platky-jablko-malina\/#primaryimage\"},\"image\":{\"@id\":\"https:\/\/www.bob.webolatory.com\/cz\/product\/platky-jablko-malina\/#primaryimage\"},\"thumbnailUrl\":\"https:\/\/www.bob.webolatory.com\/cz\/wp-content\/uploads\/sites\/24\/2025\/06\/CZ_stripe_14_raspberry_-1.webp\",\"datePublished\":\"2025-06-14T20:47:31+00:00\",\"dateModified\":\"2025-06-27T10:11:22+00:00\",\"description\":\"Pl\u00e1tky jablko-malina. No added sugar, colourants, or preservatives. My treats are made from all things natural\ud83c\udf1f\",\"breadcrumb\":{\"@id\":\"https:\/\/www.bob.webolatory.com\/cz\/product\/platky-jablko-malina\/#breadcrumb\"},\"inLanguage\":\"en-US\",\"potentialAction\":[{\"@type\":\"ReadAction\",\"target\":[\"https:\/\/www.bob.webolatory.com\/cz\/product\/platky-jablko-malina\/\"]}]},{\"@type\":\"ImageObject\",\"inLanguage\":\"en-US\",\"@id\":\"https:\/\/www.bob.webolatory.com\/cz\/product\/platky-jablko-malina\/#primaryimage\",\"url\":\"https:\/\/www.bob.webolatory.com\/cz\/wp-content\/uploads\/sites\/24\/2025\/06\/CZ_stripe_14_raspberry_-1.webp\",\"contentUrl\":\"https:\/\/www.bob.webolatory.com\/cz\/wp-content\/uploads\/sites\/24\/2025\/06\/CZ_stripe_14_raspberry_-1.webp\",\"width\":1280,\"height\":1280},{\"@type\":\"BreadcrumbList\",\"@id\":\"https:\/\/www.bob.webolatory.com\/cz\/product\/platky-jablko-malina\/#breadcrumb\",\"itemListElement\":[{\"@type\":\"ListItem\",\"position\":1,\"name\":\"Home\",\"item\":\"https:\/\/www.bob.webolatory.com\/cz\/\"},{\"@type\":\"ListItem\",\"position\":2,\"name\":\"Products\",\"item\":\"https:\/\/www.bob.webolatory.com\/cz\/shop\/\"},{\"@type\":\"ListItem\",\"position\":3,\"name\":\"Pl\u00e1tky jablko-malina\"}]},{\"@type\":\"WebSite\",\"@id\":\"https:\/\/www.bob.webolatory.com\/cz\/#website\",\"url\":\"https:\/\/www.bob.webolatory.com\/cz\/\",\"name\":\"Bob Snail\",\"description\":\"\",\"potentialAction\":[{\"@type\":\"SearchAction\",\"target\":{\"@type\":\"EntryPoint\",\"urlTemplate\":\"https:\/\/www.bob.webolatory.com\/cz\/?s={search_term_string}\"},\"query-input\":{\"@type\":\"PropertyValueSpecification\",\"valueRequired\":true,\"valueName\":\"search_term_string\"}}],\"inLanguage\":\"en-US\"}]}<\/script>\n<!-- \/ Yoast SEO plugin. -->","yoast_head_json":{"title":"Pl\u00e1tky jablko-malina - Bob Snail","description":"Pl\u00e1tky jablko-malina. No added sugar, colourants, or preservatives. My treats are made from all things natural\ud83c\udf1f","robots":{"index":"noindex","follow":"follow","max-snippet":"max-snippet:-1","max-image-preview":"max-image-preview:large","max-video-preview":"max-video-preview:-1"},"og_locale":"en_US","og_type":"article","og_title":"Pl\u00e1tky jablko-malina - Bob Snail","og_description":"Pl\u00e1tky jablko-malina. No added sugar, colourants, or preservatives. My treats are made from all things natural\ud83c\udf1f","og_url":"https:\/\/www.bob.webolatory.com\/cz\/product\/platky-jablko-malina\/","og_site_name":"Bob Snail","article_modified_time":"2025-06-27T10:11:22+00:00","og_image":[{"width":1280,"height":1280,"url":"https:\/\/www.bob.webolatory.com\/cz\/wp-content\/uploads\/sites\/24\/2025\/06\/CZ_stripe_14_raspberry_-1.webp","type":"image\/webp"}],"twitter_card":"summary_large_image","twitter_misc":{"Est. reading time":"1 minute"},"schema":{"@context":"https:\/\/schema.org","@graph":[{"@type":"WebPage","@id":"https:\/\/www.bob.webolatory.com\/cz\/product\/platky-jablko-malina\/","url":"https:\/\/www.bob.webolatory.com\/cz\/product\/platky-jablko-malina\/","name":"Pl\u00e1tky jablko-malina - Bob Snail","isPartOf":{"@id":"https:\/\/www.bob.webolatory.com\/cz\/#website"},"primaryImageOfPage":{"@id":"https:\/\/www.bob.webolatory.com\/cz\/product\/platky-jablko-malina\/#primaryimage"},"image":{"@id":"https:\/\/www.bob.webolatory.com\/cz\/product\/platky-jablko-malina\/#primaryimage"},"thumbnailUrl":"https:\/\/www.bob.webolatory.com\/cz\/wp-content\/uploads\/sites\/24\/2025\/06\/CZ_stripe_14_raspberry_-1.webp","datePublished":"2025-06-14T20:47:31+00:00","dateModified":"2025-06-27T10:11:22+00:00","description":"Pl\u00e1tky jablko-malina. No added sugar, colourants, or preservatives. My treats are made from all things natural\ud83c\udf1f","breadcrumb":{"@id":"https:\/\/www.bob.webolatory.com\/cz\/product\/platky-jablko-malina\/#breadcrumb"},"inLanguage":"en-US","potentialAction":[{"@type":"ReadAction","target":["https:\/\/www.bob.webolatory.com\/cz\/product\/platky-jablko-malina\/"]}]},{"@type":"ImageObject","inLanguage":"en-US","@id":"https:\/\/www.bob.webolatory.com\/cz\/product\/platky-jablko-malina\/#primaryimage","url":"https:\/\/www.bob.webolatory.com\/cz\/wp-content\/uploads\/sites\/24\/2025\/06\/CZ_stripe_14_raspberry_-1.webp","contentUrl":"https:\/\/www.bob.webolatory.com\/cz\/wp-content\/uploads\/sites\/24\/2025\/06\/CZ_stripe_14_raspberry_-1.webp","width":1280,"height":1280},{"@type":"BreadcrumbList","@id":"https:\/\/www.bob.webolatory.com\/cz\/product\/platky-jablko-malina\/#breadcrumb","itemListElement":[{"@type":"ListItem","position":1,"name":"Home","item":"https:\/\/www.bob.webolatory.com\/cz\/"},{"@type":"ListItem","position":2,"name":"Products","item":"https:\/\/www.bob.webolatory.com\/cz\/shop\/"},{"@type":"ListItem","position":3,"name":"Pl\u00e1tky jablko-malina"}]},{"@type":"WebSite","@id":"https:\/\/www.bob.webolatory.com\/cz\/#website","url":"https:\/\/www.bob.webolatory.com\/cz\/","name":"Bob Snail","description":"","potentialAction":[{"@type":"SearchAction","target":{"@type":"EntryPoint","urlTemplate":"https:\/\/www.bob.webolatory.com\/cz\/?s={search_term_string}"},"query-input":{"@type":"PropertyValueSpecification","valueRequired":true,"valueName":"search_term_string"}}],"inLanguage":"en-US"}]}},"_links":{"self":[{"href":"https:\/\/www.bob.webolatory.com\/cz\/wp-json\/wp\/v2\/product\/2922","targetHints":{"allow":["GET"]}}],"collection":[{"href":"https:\/\/www.bob.webolatory.com\/cz\/wp-json\/wp\/v2\/product"}],"about":[{"href":"https:\/\/www.bob.webolatory.com\/cz\/wp-json\/wp\/v2\/types\/product"}],"replies":[{"embeddable":true,"href":"https:\/\/www.bob.webolatory.com\/cz\/wp-json\/wp\/v2\/comments?post=2922"}],"wp:featuredmedia":[{"embeddable":true,"href":"https:\/\/www.bob.webolatory.com\/cz\/wp-json\/wp\/v2\/media\/2923"}],"wp:attachment":[{"href":"https:\/\/www.bob.webolatory.com\/cz\/wp-json\/wp\/v2\/media?parent=2922"}],"wp:term":[{"taxonomy":"product_brand","embeddable":true,"href":"https:\/\/www.bob.webolatory.com\/cz\/wp-json\/wp\/v2\/product_brand?post=2922"},{"taxonomy":"product_cat","embeddable":true,"href":"https:\/\/www.bob.webolatory.com\/cz\/wp-json\/wp\/v2\/product_cat?post=2922"},{"taxonomy":"product_tag","embeddable":true,"href":"https:\/\/www.bob.webolatory.com\/cz\/wp-json\/wp\/v2\/product_tag?post=2922"}],"curies":[{"name":"wp","href":"https:\/\/api.w.org\/{rel}","templated":true}]}}