{"id":1349,"date":"2022-07-10T23:12:10","date_gmt":"2022-07-10T20:12:10","guid":{"rendered":"https:\/\/www.bob.webolatory.com\/de\/?page_id=1349"},"modified":"2023-03-03T12:20:05","modified_gmt":"2023-03-03T09:20:05","slug":"for-consumers","status":"publish","type":"page","link":"https:\/\/www.bob.webolatory.com\/de\/hu\/for-consumers\/","title":{"rendered":"V\u00c1S\u00c1RL\u00d3KNAK\ufffc"},"content":{"rendered":"\n<p>\u00dczenetk\u00fcld\u00e9s<\/p>\n\n\n\n<div class=\"wpcf7 no-js\" id=\"wpcf7-f1344-o1\" lang=\"ru-RU\" dir=\"ltr\" data-wpcf7-id=\"1344\">\n<div class=\"screen-reader-response\"><p role=\"status\" aria-live=\"polite\" aria-atomic=\"true\"><\/p> <ul><\/ul><\/div>\n<form action=\"\/de\/wp-json\/wp\/v2\/pages\/1349#wpcf7-f1344-o1\" method=\"post\" class=\"wpcf7-form init partners__form form\" aria-label=\"\u041a\u043e\u043d\u0442\u0430\u043a\u0442\u043d\u0430\u044f \u0444\u043e\u0440\u043c\u0430\" novalidate=\"novalidate\" data-status=\"init\">\n<div style=\"display: none;\">\n<input type=\"hidden\" name=\"_wpcf7\" value=\"1344\" \/>\n<input type=\"hidden\" name=\"_wpcf7_version\" value=\"6.0.5\" \/>\n<input type=\"hidden\" name=\"_wpcf7_locale\" value=\"ru_RU\" \/>\n<input type=\"hidden\" name=\"_wpcf7_unit_tag\" value=\"wpcf7-f1344-o1\" \/>\n<input type=\"hidden\" name=\"_wpcf7_container_post\" value=\"0\" \/>\n<input type=\"hidden\" name=\"_wpcf7_posted_data_hash\" value=\"\" \/>\n<input type=\"hidden\" name=\"_wpcf7_recaptcha_response\" value=\"\" \/>\n<\/div>\n<div class=\"visually-hidden\" id=\"form-type\">\n\t<p>consumers\n\t<\/p>\n<\/div>\n<div class=\"form__block\">\n\t<p><span class=\"wpcf7-form-control-wrap\" data- autocomplete=\"both\" autocomplete=\"off\" name=\"full-name\"><input size=\"40\" maxlength=\"400\" class=\"wpcf7-form-control wpcf7-text wpcf7-validates-as-required form__input\" aria-required=\"true\" aria-invalid=\"false\" placeholder=\"N\u00e9v vagy c\u00e9gn\u00e9v\" value=\"\" type=\"text\" name=\"full-name\" \/><\/span>\n\t<\/p>\n<\/div>\n<div class=\"form__block\">\n\t<p><span class=\"wpcf7-form-control-wrap\" data- autocomplete=\"both\" autocomplete=\"off\" name=\"email\"><input size=\"40\" maxlength=\"400\" class=\"wpcf7-form-control wpcf7-email wpcf7-validates-as-required wpcf7-text wpcf7-validates-as-email form__input\" aria-required=\"true\" aria-invalid=\"false\" placeholder=\"Email\" value=\"\" type=\"email\" name=\"email\" \/><\/span>\n\t<\/p>\n<\/div>\n<div class=\"form__block form__block--dispensable\">\n\t<p><span class=\"wpcf7-form-control-wrap\" data-name=\"message\"><textarea cols=\"40\" rows=\"10\" maxlength=\"2000\" class=\"wpcf7-form-control wpcf7-textarea form__input form__input--area\" aria-invalid=\"false\" placeholder=\"Ide \u00edrd az \u00fczenetedet vagy b\u00e1rmit, amit fontosnak tartasz, hogy tudjunk r\u00f3la\" name=\"message\"><\/textarea><\/span>\n\t<\/p>\n<\/div>\n<p><button type=\"submit\" class=\"form__btn btn\">K\u00dcLD\u00c9S<\/button>\n<\/p><div class=\"wpcf7-response-output\" aria-hidden=\"true\"><\/div>\n<\/form>\n<\/div>\n\n","protected":false},"excerpt":{"rendered":"<p>\u00dczenetk\u00fcld\u00e9s<\/p>\n","protected":false},"author":6,"featured_media":0,"parent":0,"menu_order":0,"comment_status":"closed","ping_status":"closed","template":"page-form.php","meta":{"footnotes":""},"class_list":["post-1349","page","type-page","status-publish","hentry"],"yoast_head":"<!-- This site is optimized with the Yoast SEO plugin v24.7 - https:\/\/yoast.com\/wordpress\/plugins\/seo\/ -->\n<title>V\u00c1S\u00c1RL\u00d3KNAK\ufffc - Bob Snail<\/title>\n<meta name=\"robots\" content=\"noindex, follow, max-snippet:-1, max-image-preview:large, max-video-preview:-1\" \/>\n<meta property=\"og:locale\" content=\"ru_RU\" \/>\n<meta property=\"og:type\" content=\"article\" \/>\n<meta property=\"og:title\" content=\"V\u00c1S\u00c1RL\u00d3KNAK\ufffc - Bob Snail\" \/>\n<meta property=\"og:description\" content=\"\u00dczenetk\u00fcld\u00e9s\" \/>\n<meta property=\"og:url\" content=\"https:\/\/www.bob.webolatory.com\/de\/hu\/for-consumers\/\" \/>\n<meta property=\"og:site_name\" content=\"Bob Snail\" \/>\n<meta property=\"article:modified_time\" content=\"2023-03-03T09:20:05+00:00\" \/>\n<meta name=\"twitter:card\" content=\"summary_large_image\" \/>\n<meta name=\"twitter:label1\" content=\"\u041f\u0440\u0438\u043c\u0435\u0440\u043d\u043e\u0435 \u0432\u0440\u0435\u043c\u044f \u0434\u043b\u044f \u0447\u0442\u0435\u043d\u0438\u044f\" \/>\n\t<meta name=\"twitter:data1\" content=\"1 \u043c\u0438\u043d\u0443\u0442\u0430\" \/>\n<script type=\"application\/ld+json\" class=\"yoast-schema-graph\">{\"@context\":\"https:\/\/schema.org\",\"@graph\":[{\"@type\":\"WebPage\",\"@id\":\"https:\/\/www.bob.webolatory.com\/de\/hu\/for-consumers\/\",\"url\":\"https:\/\/www.bob.webolatory.com\/de\/hu\/for-consumers\/\",\"name\":\"V\u00c1S\u00c1RL\u00d3KNAK\ufffc - Bob Snail\",\"isPartOf\":{\"@id\":\"https:\/\/www.bob.webolatory.com\/de\/#website\"},\"datePublished\":\"2022-07-10T20:12:10+00:00\",\"dateModified\":\"2023-03-03T09:20:05+00:00\",\"breadcrumb\":{\"@id\":\"https:\/\/www.bob.webolatory.com\/de\/hu\/for-consumers\/#breadcrumb\"},\"inLanguage\":\"ru-RU\",\"potentialAction\":[{\"@type\":\"ReadAction\",\"target\":[\"https:\/\/www.bob.webolatory.com\/de\/hu\/for-consumers\/\"]}]},{\"@type\":\"BreadcrumbList\",\"@id\":\"https:\/\/www.bob.webolatory.com\/de\/hu\/for-consumers\/#breadcrumb\",\"itemListElement\":[{\"@type\":\"ListItem\",\"position\":1,\"name\":\"\u0413\u043b\u0430\u0432\u043d\u0430\u044f \u0441\u0442\u0440\u0430\u043d\u0438\u0446\u0430\",\"item\":\"https:\/\/www.bob.webolatory.com\/de\/\"},{\"@type\":\"ListItem\",\"position\":2,\"name\":\"V\u00c1S\u00c1RL\u00d3KNAK\ufffc\"}]},{\"@type\":\"WebSite\",\"@id\":\"https:\/\/www.bob.webolatory.com\/de\/#website\",\"url\":\"https:\/\/www.bob.webolatory.com\/de\/\",\"name\":\"Bob Snail\",\"description\":\"\u041c\u043e\u0457 \u043b\u0430\u0441\u043e\u0449\u0456 \u2013 \u0442\u043e \u0447\u0438\u0441\u0442\u0435 \u0437\u0430\u0434\u043e\u0432\u043e\u043b\u0435\u043d\u043d\u044f\",\"publisher\":{\"@id\":\"https:\/\/www.bob.webolatory.com\/de\/#organization\"},\"potentialAction\":[{\"@type\":\"SearchAction\",\"target\":{\"@type\":\"EntryPoint\",\"urlTemplate\":\"https:\/\/www.bob.webolatory.com\/de\/?s={search_term_string}\"},\"query-input\":{\"@type\":\"PropertyValueSpecification\",\"valueRequired\":true,\"valueName\":\"search_term_string\"}}],\"inLanguage\":\"ru-RU\"},{\"@type\":\"Organization\",\"@id\":\"https:\/\/www.bob.webolatory.com\/de\/#organization\",\"name\":\"Bob Snail\",\"url\":\"https:\/\/www.bob.webolatory.com\/de\/\",\"logo\":{\"@type\":\"ImageObject\",\"inLanguage\":\"ru-RU\",\"@id\":\"https:\/\/www.bob.webolatory.com\/de\/#\/schema\/logo\/image\/\",\"url\":\"https:\/\/www.bob.webolatory.com\/de\/wp-content\/uploads\/sites\/26\/2022\/04\/logo.svg\",\"contentUrl\":\"https:\/\/www.bob.webolatory.com\/de\/wp-content\/uploads\/sites\/26\/2022\/04\/logo.svg\",\"width\":132,\"height\":31,\"caption\":\"Bob Snail\"},\"image\":{\"@id\":\"https:\/\/www.bob.webolatory.com\/de\/#\/schema\/logo\/image\/\"}}]}<\/script>\n<!-- \/ Yoast SEO plugin. -->","yoast_head_json":{"title":"V\u00c1S\u00c1RL\u00d3KNAK\ufffc - Bob Snail","robots":{"index":"noindex","follow":"follow","max-snippet":"max-snippet:-1","max-image-preview":"max-image-preview:large","max-video-preview":"max-video-preview:-1"},"og_locale":"ru_RU","og_type":"article","og_title":"V\u00c1S\u00c1RL\u00d3KNAK\ufffc - Bob Snail","og_description":"\u00dczenetk\u00fcld\u00e9s","og_url":"https:\/\/www.bob.webolatory.com\/de\/hu\/for-consumers\/","og_site_name":"Bob Snail","article_modified_time":"2023-03-03T09:20:05+00:00","twitter_card":"summary_large_image","twitter_misc":{"\u041f\u0440\u0438\u043c\u0435\u0440\u043d\u043e\u0435 \u0432\u0440\u0435\u043c\u044f \u0434\u043b\u044f \u0447\u0442\u0435\u043d\u0438\u044f":"1 \u043c\u0438\u043d\u0443\u0442\u0430"},"schema":{"@context":"https:\/\/schema.org","@graph":[{"@type":"WebPage","@id":"https:\/\/www.bob.webolatory.com\/de\/hu\/for-consumers\/","url":"https:\/\/www.bob.webolatory.com\/de\/hu\/for-consumers\/","name":"V\u00c1S\u00c1RL\u00d3KNAK\ufffc - Bob Snail","isPartOf":{"@id":"https:\/\/www.bob.webolatory.com\/de\/#website"},"datePublished":"2022-07-10T20:12:10+00:00","dateModified":"2023-03-03T09:20:05+00:00","breadcrumb":{"@id":"https:\/\/www.bob.webolatory.com\/de\/hu\/for-consumers\/#breadcrumb"},"inLanguage":"ru-RU","potentialAction":[{"@type":"ReadAction","target":["https:\/\/www.bob.webolatory.com\/de\/hu\/for-consumers\/"]}]},{"@type":"BreadcrumbList","@id":"https:\/\/www.bob.webolatory.com\/de\/hu\/for-consumers\/#breadcrumb","itemListElement":[{"@type":"ListItem","position":1,"name":"\u0413\u043b\u0430\u0432\u043d\u0430\u044f \u0441\u0442\u0440\u0430\u043d\u0438\u0446\u0430","item":"https:\/\/www.bob.webolatory.com\/de\/"},{"@type":"ListItem","position":2,"name":"V\u00c1S\u00c1RL\u00d3KNAK\ufffc"}]},{"@type":"WebSite","@id":"https:\/\/www.bob.webolatory.com\/de\/#website","url":"https:\/\/www.bob.webolatory.com\/de\/","name":"Bob Snail","description":"\u041c\u043e\u0457 \u043b\u0430\u0441\u043e\u0449\u0456 \u2013 \u0442\u043e \u0447\u0438\u0441\u0442\u0435 \u0437\u0430\u0434\u043e\u0432\u043e\u043b\u0435\u043d\u043d\u044f","publisher":{"@id":"https:\/\/www.bob.webolatory.com\/de\/#organization"},"potentialAction":[{"@type":"SearchAction","target":{"@type":"EntryPoint","urlTemplate":"https:\/\/www.bob.webolatory.com\/de\/?s={search_term_string}"},"query-input":{"@type":"PropertyValueSpecification","valueRequired":true,"valueName":"search_term_string"}}],"inLanguage":"ru-RU"},{"@type":"Organization","@id":"https:\/\/www.bob.webolatory.com\/de\/#organization","name":"Bob Snail","url":"https:\/\/www.bob.webolatory.com\/de\/","logo":{"@type":"ImageObject","inLanguage":"ru-RU","@id":"https:\/\/www.bob.webolatory.com\/de\/#\/schema\/logo\/image\/","url":"https:\/\/www.bob.webolatory.com\/de\/wp-content\/uploads\/sites\/26\/2022\/04\/logo.svg","contentUrl":"https:\/\/www.bob.webolatory.com\/de\/wp-content\/uploads\/sites\/26\/2022\/04\/logo.svg","width":132,"height":31,"caption":"Bob Snail"},"image":{"@id":"https:\/\/www.bob.webolatory.com\/de\/#\/schema\/logo\/image\/"}}]}},"lang":"hu","translations":{"pl":693,"ua":600,"de":1276,"hu":1349,"cs":1528,"nz":2866,"au":2887,"ca":3601,"gb":5211},"pll_sync_post":[],"_links":{"self":[{"href":"https:\/\/www.bob.webolatory.com\/de\/wp-json\/wp\/v2\/pages\/1349","targetHints":{"allow":["GET"]}}],"collection":[{"href":"https:\/\/www.bob.webolatory.com\/de\/wp-json\/wp\/v2\/pages"}],"about":[{"href":"https:\/\/www.bob.webolatory.com\/de\/wp-json\/wp\/v2\/types\/page"}],"author":[{"embeddable":true,"href":"https:\/\/www.bob.webolatory.com\/de\/wp-json\/wp\/v2\/users\/6"}],"replies":[{"embeddable":true,"href":"https:\/\/www.bob.webolatory.com\/de\/wp-json\/wp\/v2\/comments?post=1349"}],"version-history":[{"count":5,"href":"https:\/\/www.bob.webolatory.com\/de\/wp-json\/wp\/v2\/pages\/1349\/revisions"}],"predecessor-version":[{"id":2562,"href":"https:\/\/www.bob.webolatory.com\/de\/wp-json\/wp\/v2\/pages\/1349\/revisions\/2562"}],"wp:attachment":[{"href":"https:\/\/www.bob.webolatory.com\/de\/wp-json\/wp\/v2\/media?parent=1349"}],"curies":[{"name":"wp","href":"https:\/\/api.w.org\/{rel}","templated":true}]}}