{"id":2970,"date":"2025-10-01T05:18:08","date_gmt":"2025-10-01T05:18:08","guid":{"rendered":"https:\/\/www.bob-snail.com\/hu\/?post_type=product&#038;p=2970"},"modified":"2025-10-09T12:24:09","modified_gmt":"2025-10-09T12:24:09","slug":"gyumolcstekercs-alma-afonya","status":"publish","type":"product","link":"https:\/\/www.bob.webolatory.com\/hu\/product\/gyumolcstekercs-alma-afonya\/","title":{"rendered":"GY\u00dcM\u00d6LCSTEKERCS &#8211; ALMA-\u00c1FONYA"},"content":{"rendered":"<p><span style=\"font-weight: 400;\">Csakis gy\u00fcm\u00f6lcsb\u0151l k\u00e9sz\u00edtem a tekercseimet. Nincs benn\u00fck hozz\u00e1adott cukor, semmi fura \u00f6sszetev\u0151. Glut\u00e9n-, tej-, mogyor\u00f3- \u00e9s egy\u00e9b allerg\u00e9nmentes \u2013 \u00edgy szinte b\u00e1rki biztons\u00e1ggal nassolhatja!\u00a0<\/span><\/p>\n<table>\n<tbody>\n<tr>\n<td><span style=\"font-weight: 400;\">K\u00f6nnyen magaddal viheted \u2013 pont beleillik az uzsonn\u00e1sdobozba, sportt\u00e1sk\u00e1ba, kocsiba vagy h\u00e1tizs\u00e1kba.<\/span><span style=\"font-weight: 400;\"><br \/>\n<\/span><span style=\"font-weight: 400;\">\u00c9s a fogyaszt\u00e1suk igazi m\u00f3ka! T\u00e9pj bel\u0151le, harapj bele, vagy tekerd ki lassan, hogy tov\u00e1bb tartson a gy\u00fcm\u00f6lcs\u00f6s \u00e9lvezet!<\/span><\/td>\n<\/tr>\n<\/tbody>\n<\/table>\n","protected":false},"excerpt":{"rendered":"<p>Csakis gy\u00fcm\u00f6lcsb\u0151l k\u00e9sz\u00edtem a tekercseimet. Nincs benn\u00fck hozz\u00e1adott cukor, semmi fura \u00f6sszetev\u0151. Glut\u00e9n-, tej-, mogyor\u00f3- \u00e9s egy\u00e9b allerg\u00e9nmentes \u2013 \u00edgy szinte b\u00e1rki biztons\u00e1ggal nassolhatja!\u00a0 K\u00f6nnyen magaddal viheted \u2013 pont beleillik az uzsonn\u00e1sdobozba, sportt\u00e1sk\u00e1ba, kocsiba vagy h\u00e1tizs\u00e1kba. \u00c9s a fogyaszt\u00e1suk igazi m\u00f3ka! T\u00e9pj bel\u0151le, harapj bele, vagy tekerd ki lassan, hogy tov\u00e1bb tartson a gy\u00fcm\u00f6lcs\u00f6s \u00e9lvezet!<\/p>\n","protected":false},"featured_media":2971,"comment_status":"open","ping_status":"closed","template":"","meta":[],"product_brand":[],"product_cat":[17],"product_tag":[],"class_list":{"0":"post-2970","1":"product","2":"type-product","3":"status-publish","4":"has-post-thumbnail","6":"product_cat-tekercsek","7":"weight_taxonomy-30g","9":"first","10":"instock","11":"shipping-taxable","12":"purchasable","13":"product-type-simple"},"yoast_head":"<!-- This site is optimized with the Yoast SEO plugin v24.7 - https:\/\/yoast.com\/wordpress\/plugins\/seo\/ -->\n<title>GY\u00dcM\u00d6LCSTEKERCS - ALMA-\u00c1FONYA - Bob Snail<\/title>\n<meta name=\"description\" content=\"GY\u00dcM\u00d6LCSTEKERCS - ALMA-\u00c1FONYA. No added sugar, colourants, or preservatives. My treats are made from all things natural\ud83c\udf1f\" \/>\n<meta name=\"robots\" content=\"noindex, follow, max-snippet:-1, max-image-preview:large, max-video-preview:-1\" \/>\n<meta property=\"og:locale\" content=\"en_US\" \/>\n<meta property=\"og:type\" content=\"article\" \/>\n<meta property=\"og:title\" content=\"GY\u00dcM\u00d6LCSTEKERCS - ALMA-\u00c1FONYA - Bob Snail\" \/>\n<meta property=\"og:description\" content=\"GY\u00dcM\u00d6LCSTEKERCS - ALMA-\u00c1FONYA. No added sugar, colourants, or preservatives. My treats are made from all things natural\ud83c\udf1f\" \/>\n<meta property=\"og:url\" content=\"https:\/\/www.bob.webolatory.com\/hu\/product\/gyumolcstekercs-alma-afonya\/\" \/>\n<meta property=\"og:site_name\" content=\"Bob Snail\" \/>\n<meta property=\"article:modified_time\" content=\"2025-10-09T12:24:09+00:00\" \/>\n<meta property=\"og:image\" content=\"https:\/\/www.bob.webolatory.com\/hu\/wp-content\/uploads\/sites\/25\/2025\/10\/Hu_roll_30_blue_-1-1.webp\" \/>\n\t<meta property=\"og:image:width\" content=\"1280\" \/>\n\t<meta property=\"og:image:height\" content=\"1280\" \/>\n\t<meta property=\"og:image:type\" content=\"image\/webp\" \/>\n<meta name=\"twitter:card\" content=\"summary_large_image\" \/>\n<meta name=\"twitter:label1\" content=\"Est. reading time\" \/>\n\t<meta name=\"twitter:data1\" content=\"1 minute\" \/>\n<script type=\"application\/ld+json\" class=\"yoast-schema-graph\">{\"@context\":\"https:\/\/schema.org\",\"@graph\":[{\"@type\":\"WebPage\",\"@id\":\"https:\/\/www.bob.webolatory.com\/hu\/product\/gyumolcstekercs-alma-afonya\/\",\"url\":\"https:\/\/www.bob.webolatory.com\/hu\/product\/gyumolcstekercs-alma-afonya\/\",\"name\":\"GY\u00dcM\u00d6LCSTEKERCS - ALMA-\u00c1FONYA - Bob Snail\",\"isPartOf\":{\"@id\":\"https:\/\/www.bob.webolatory.com\/hu\/#website\"},\"primaryImageOfPage\":{\"@id\":\"https:\/\/www.bob.webolatory.com\/hu\/product\/gyumolcstekercs-alma-afonya\/#primaryimage\"},\"image\":{\"@id\":\"https:\/\/www.bob.webolatory.com\/hu\/product\/gyumolcstekercs-alma-afonya\/#primaryimage\"},\"thumbnailUrl\":\"https:\/\/www.bob.webolatory.com\/hu\/wp-content\/uploads\/sites\/25\/2025\/10\/Hu_roll_30_blue_-1-1.webp\",\"datePublished\":\"2025-10-01T05:18:08+00:00\",\"dateModified\":\"2025-10-09T12:24:09+00:00\",\"description\":\"GY\u00dcM\u00d6LCSTEKERCS - ALMA-\u00c1FONYA. No added sugar, colourants, or preservatives. My treats are made from all things natural\ud83c\udf1f\",\"breadcrumb\":{\"@id\":\"https:\/\/www.bob.webolatory.com\/hu\/product\/gyumolcstekercs-alma-afonya\/#breadcrumb\"},\"inLanguage\":\"en-US\",\"potentialAction\":[{\"@type\":\"ReadAction\",\"target\":[\"https:\/\/www.bob.webolatory.com\/hu\/product\/gyumolcstekercs-alma-afonya\/\"]}]},{\"@type\":\"ImageObject\",\"inLanguage\":\"en-US\",\"@id\":\"https:\/\/www.bob.webolatory.com\/hu\/product\/gyumolcstekercs-alma-afonya\/#primaryimage\",\"url\":\"https:\/\/www.bob.webolatory.com\/hu\/wp-content\/uploads\/sites\/25\/2025\/10\/Hu_roll_30_blue_-1-1.webp\",\"contentUrl\":\"https:\/\/www.bob.webolatory.com\/hu\/wp-content\/uploads\/sites\/25\/2025\/10\/Hu_roll_30_blue_-1-1.webp\",\"width\":1280,\"height\":1280},{\"@type\":\"BreadcrumbList\",\"@id\":\"https:\/\/www.bob.webolatory.com\/hu\/product\/gyumolcstekercs-alma-afonya\/#breadcrumb\",\"itemListElement\":[{\"@type\":\"ListItem\",\"position\":1,\"name\":\"Home\",\"item\":\"https:\/\/www.bob.webolatory.com\/hu\/\"},{\"@type\":\"ListItem\",\"position\":2,\"name\":\"Products\",\"item\":\"https:\/\/www.bob.webolatory.com\/hu\/shop\/\"},{\"@type\":\"ListItem\",\"position\":3,\"name\":\"GY\u00dcM\u00d6LCSTEKERCS &#8211; ALMA-\u00c1FONYA\"}]},{\"@type\":\"WebSite\",\"@id\":\"https:\/\/www.bob.webolatory.com\/hu\/#website\",\"url\":\"https:\/\/www.bob.webolatory.com\/hu\/\",\"name\":\"Bob Snail\",\"description\":\"\",\"potentialAction\":[{\"@type\":\"SearchAction\",\"target\":{\"@type\":\"EntryPoint\",\"urlTemplate\":\"https:\/\/www.bob.webolatory.com\/hu\/?s={search_term_string}\"},\"query-input\":{\"@type\":\"PropertyValueSpecification\",\"valueRequired\":true,\"valueName\":\"search_term_string\"}}],\"inLanguage\":\"en-US\"}]}<\/script>\n<!-- \/ Yoast SEO plugin. -->","yoast_head_json":{"title":"GY\u00dcM\u00d6LCSTEKERCS - ALMA-\u00c1FONYA - Bob Snail","description":"GY\u00dcM\u00d6LCSTEKERCS - ALMA-\u00c1FONYA. No added sugar, colourants, or preservatives. My treats are made from all things natural\ud83c\udf1f","robots":{"index":"noindex","follow":"follow","max-snippet":"max-snippet:-1","max-image-preview":"max-image-preview:large","max-video-preview":"max-video-preview:-1"},"og_locale":"en_US","og_type":"article","og_title":"GY\u00dcM\u00d6LCSTEKERCS - ALMA-\u00c1FONYA - Bob Snail","og_description":"GY\u00dcM\u00d6LCSTEKERCS - ALMA-\u00c1FONYA. No added sugar, colourants, or preservatives. My treats are made from all things natural\ud83c\udf1f","og_url":"https:\/\/www.bob.webolatory.com\/hu\/product\/gyumolcstekercs-alma-afonya\/","og_site_name":"Bob Snail","article_modified_time":"2025-10-09T12:24:09+00:00","og_image":[{"width":1280,"height":1280,"url":"https:\/\/www.bob.webolatory.com\/hu\/wp-content\/uploads\/sites\/25\/2025\/10\/Hu_roll_30_blue_-1-1.webp","type":"image\/webp"}],"twitter_card":"summary_large_image","twitter_misc":{"Est. reading time":"1 minute"},"schema":{"@context":"https:\/\/schema.org","@graph":[{"@type":"WebPage","@id":"https:\/\/www.bob.webolatory.com\/hu\/product\/gyumolcstekercs-alma-afonya\/","url":"https:\/\/www.bob.webolatory.com\/hu\/product\/gyumolcstekercs-alma-afonya\/","name":"GY\u00dcM\u00d6LCSTEKERCS - ALMA-\u00c1FONYA - Bob Snail","isPartOf":{"@id":"https:\/\/www.bob.webolatory.com\/hu\/#website"},"primaryImageOfPage":{"@id":"https:\/\/www.bob.webolatory.com\/hu\/product\/gyumolcstekercs-alma-afonya\/#primaryimage"},"image":{"@id":"https:\/\/www.bob.webolatory.com\/hu\/product\/gyumolcstekercs-alma-afonya\/#primaryimage"},"thumbnailUrl":"https:\/\/www.bob.webolatory.com\/hu\/wp-content\/uploads\/sites\/25\/2025\/10\/Hu_roll_30_blue_-1-1.webp","datePublished":"2025-10-01T05:18:08+00:00","dateModified":"2025-10-09T12:24:09+00:00","description":"GY\u00dcM\u00d6LCSTEKERCS - ALMA-\u00c1FONYA. No added sugar, colourants, or preservatives. My treats are made from all things natural\ud83c\udf1f","breadcrumb":{"@id":"https:\/\/www.bob.webolatory.com\/hu\/product\/gyumolcstekercs-alma-afonya\/#breadcrumb"},"inLanguage":"en-US","potentialAction":[{"@type":"ReadAction","target":["https:\/\/www.bob.webolatory.com\/hu\/product\/gyumolcstekercs-alma-afonya\/"]}]},{"@type":"ImageObject","inLanguage":"en-US","@id":"https:\/\/www.bob.webolatory.com\/hu\/product\/gyumolcstekercs-alma-afonya\/#primaryimage","url":"https:\/\/www.bob.webolatory.com\/hu\/wp-content\/uploads\/sites\/25\/2025\/10\/Hu_roll_30_blue_-1-1.webp","contentUrl":"https:\/\/www.bob.webolatory.com\/hu\/wp-content\/uploads\/sites\/25\/2025\/10\/Hu_roll_30_blue_-1-1.webp","width":1280,"height":1280},{"@type":"BreadcrumbList","@id":"https:\/\/www.bob.webolatory.com\/hu\/product\/gyumolcstekercs-alma-afonya\/#breadcrumb","itemListElement":[{"@type":"ListItem","position":1,"name":"Home","item":"https:\/\/www.bob.webolatory.com\/hu\/"},{"@type":"ListItem","position":2,"name":"Products","item":"https:\/\/www.bob.webolatory.com\/hu\/shop\/"},{"@type":"ListItem","position":3,"name":"GY\u00dcM\u00d6LCSTEKERCS &#8211; ALMA-\u00c1FONYA"}]},{"@type":"WebSite","@id":"https:\/\/www.bob.webolatory.com\/hu\/#website","url":"https:\/\/www.bob.webolatory.com\/hu\/","name":"Bob Snail","description":"","potentialAction":[{"@type":"SearchAction","target":{"@type":"EntryPoint","urlTemplate":"https:\/\/www.bob.webolatory.com\/hu\/?s={search_term_string}"},"query-input":{"@type":"PropertyValueSpecification","valueRequired":true,"valueName":"search_term_string"}}],"inLanguage":"en-US"}]}},"_links":{"self":[{"href":"https:\/\/www.bob.webolatory.com\/hu\/wp-json\/wp\/v2\/product\/2970","targetHints":{"allow":["GET"]}}],"collection":[{"href":"https:\/\/www.bob.webolatory.com\/hu\/wp-json\/wp\/v2\/product"}],"about":[{"href":"https:\/\/www.bob.webolatory.com\/hu\/wp-json\/wp\/v2\/types\/product"}],"replies":[{"embeddable":true,"href":"https:\/\/www.bob.webolatory.com\/hu\/wp-json\/wp\/v2\/comments?post=2970"}],"wp:featuredmedia":[{"embeddable":true,"href":"https:\/\/www.bob.webolatory.com\/hu\/wp-json\/wp\/v2\/media\/2971"}],"wp:attachment":[{"href":"https:\/\/www.bob.webolatory.com\/hu\/wp-json\/wp\/v2\/media?parent=2970"}],"wp:term":[{"taxonomy":"product_brand","embeddable":true,"href":"https:\/\/www.bob.webolatory.com\/hu\/wp-json\/wp\/v2\/product_brand?post=2970"},{"taxonomy":"product_cat","embeddable":true,"href":"https:\/\/www.bob.webolatory.com\/hu\/wp-json\/wp\/v2\/product_cat?post=2970"},{"taxonomy":"product_tag","embeddable":true,"href":"https:\/\/www.bob.webolatory.com\/hu\/wp-json\/wp\/v2\/product_tag?post=2970"}],"curies":[{"name":"wp","href":"https:\/\/api.w.org\/{rel}","templated":true}]}}