{"id":3057,"date":"2025-10-01T05:54:23","date_gmt":"2025-10-01T05:54:23","guid":{"rendered":"https:\/\/www.bob-snail.com\/hu\/?post_type=product&#038;p=3057"},"modified":"2025-10-09T12:33:26","modified_gmt":"2025-10-09T12:33:26","slug":"gyumolcszsele-alma-korte-citrom","status":"publish","type":"product","link":"https:\/\/www.bob.webolatory.com\/hu\/product\/gyumolcszsele-alma-korte-citrom\/","title":{"rendered":"GY\u00dcM\u00d6LCSZSEL\u00c9 ALMA-K\u00d6RTE-CITROM"},"content":{"rendered":"<p><span style=\"font-weight: 400;\">B\u0171ntudatmentes gy\u00fcm\u00f6lcs\u00f6s gumicukrot k\u00e9sz\u00edtek s\u0171r\u00edtett gy\u00fcm\u00f6lcsl\u00e9b\u0151l \u2013 nincs benne hozz\u00e1adott cukor, zselatin, glut\u00e9n. Csak tiszta, n\u00f6v\u00e9nyi alap\u00fa hozz\u00e1val\u00f3k, \u00e9s egy kis agaragar, hogy term\u00e9szetesen ruganyos legyen.<\/span><\/p>\n<p><span style=\"font-weight: 400;\">Darabonk\u00e9nt csomagolva k\u00e9sz\u00fcl \u2013 tedd az uzsonn\u00e1s dobozba, h\u00e1tizs\u00e1kba, vagy tarts bel\u0151le n\u00e9h\u00e1nyat az \u00edr\u00f3asztalodn\u00e1l.<\/span><\/p>\n<p><span style=\"font-weight: 400;\">L\u00e1gy, r\u00e1g\u00f3s, tele gy\u00fcm\u00f6lcs\u00f6s \u00edzzel \u2013 t\u00f6k\u00e9letes, ha valami \u00e9desre v\u00e1gysz, de k\u00f6nnyebb, eg\u00e9szs\u00e9gesebb opci\u00f3t keresel.<\/span><\/p>\n","protected":false},"excerpt":{"rendered":"<p>B\u0171ntudatmentes gy\u00fcm\u00f6lcs\u00f6s gumicukrot k\u00e9sz\u00edtek s\u0171r\u00edtett gy\u00fcm\u00f6lcsl\u00e9b\u0151l \u2013 nincs benne hozz\u00e1adott cukor, zselatin, glut\u00e9n. Csak tiszta, n\u00f6v\u00e9nyi alap\u00fa hozz\u00e1val\u00f3k, \u00e9s egy kis agaragar, hogy term\u00e9szetesen ruganyos legyen. Darabonk\u00e9nt csomagolva k\u00e9sz\u00fcl \u2013 tedd az uzsonn\u00e1s dobozba, h\u00e1tizs\u00e1kba, vagy tarts bel\u0151le n\u00e9h\u00e1nyat az \u00edr\u00f3asztalodn\u00e1l. L\u00e1gy, r\u00e1g\u00f3s, tele gy\u00fcm\u00f6lcs\u00f6s \u00edzzel \u2013 t\u00f6k\u00e9letes, ha valami \u00e9desre v\u00e1gysz, de k\u00f6nnyebb, eg\u00e9szs\u00e9gesebb [&hellip;]<\/p>\n","protected":false},"featured_media":3058,"comment_status":"open","ping_status":"closed","template":"","meta":[],"product_brand":[],"product_cat":[76],"product_tag":[],"class_list":{"0":"post-3057","1":"product","2":"type-product","3":"status-publish","4":"has-post-thumbnail","6":"product_cat-gyumolcszselek","7":"weight_taxonomy-27g","9":"first","10":"instock","11":"shipping-taxable","12":"purchasable","13":"product-type-simple"},"yoast_head":"<!-- This site is optimized with the Yoast SEO plugin v24.7 - https:\/\/yoast.com\/wordpress\/plugins\/seo\/ -->\n<title>GY\u00dcM\u00d6LCSZSEL\u00c9 ALMA-K\u00d6RTE-CITROM - Bob Snail<\/title>\n<meta name=\"description\" content=\"GY\u00dcM\u00d6LCSZSEL\u00c9 ALMA-K\u00d6RTE-CITROM. No added sugar, colourants, or preservatives. My treats are made from all things natural\ud83c\udf1f\" \/>\n<meta name=\"robots\" content=\"noindex, follow, max-snippet:-1, max-image-preview:large, max-video-preview:-1\" \/>\n<meta property=\"og:locale\" content=\"en_US\" \/>\n<meta property=\"og:type\" content=\"article\" \/>\n<meta property=\"og:title\" content=\"GY\u00dcM\u00d6LCSZSEL\u00c9 ALMA-K\u00d6RTE-CITROM - Bob Snail\" \/>\n<meta property=\"og:description\" content=\"GY\u00dcM\u00d6LCSZSEL\u00c9 ALMA-K\u00d6RTE-CITROM. No added sugar, colourants, or preservatives. My treats are made from all things natural\ud83c\udf1f\" \/>\n<meta property=\"og:url\" content=\"https:\/\/www.bob.webolatory.com\/hu\/product\/gyumolcszsele-alma-korte-citrom\/\" \/>\n<meta property=\"og:site_name\" content=\"Bob Snail\" \/>\n<meta property=\"article:modified_time\" content=\"2025-10-09T12:33:26+00:00\" \/>\n<meta property=\"og:image\" content=\"https:\/\/www.bob.webolatory.com\/hu\/wp-content\/uploads\/sites\/25\/2025\/10\/Hu_jelly_27_pear-lemon-1-1.webp\" \/>\n\t<meta property=\"og:image:width\" content=\"1280\" \/>\n\t<meta property=\"og:image:height\" content=\"1280\" \/>\n\t<meta property=\"og:image:type\" content=\"image\/webp\" \/>\n<meta name=\"twitter:card\" content=\"summary_large_image\" \/>\n<meta name=\"twitter:label1\" content=\"Est. reading time\" \/>\n\t<meta name=\"twitter:data1\" content=\"1 minute\" \/>\n<script type=\"application\/ld+json\" class=\"yoast-schema-graph\">{\"@context\":\"https:\/\/schema.org\",\"@graph\":[{\"@type\":\"WebPage\",\"@id\":\"https:\/\/www.bob.webolatory.com\/hu\/product\/gyumolcszsele-alma-korte-citrom\/\",\"url\":\"https:\/\/www.bob.webolatory.com\/hu\/product\/gyumolcszsele-alma-korte-citrom\/\",\"name\":\"GY\u00dcM\u00d6LCSZSEL\u00c9 ALMA-K\u00d6RTE-CITROM - Bob Snail\",\"isPartOf\":{\"@id\":\"https:\/\/www.bob.webolatory.com\/hu\/#website\"},\"primaryImageOfPage\":{\"@id\":\"https:\/\/www.bob.webolatory.com\/hu\/product\/gyumolcszsele-alma-korte-citrom\/#primaryimage\"},\"image\":{\"@id\":\"https:\/\/www.bob.webolatory.com\/hu\/product\/gyumolcszsele-alma-korte-citrom\/#primaryimage\"},\"thumbnailUrl\":\"https:\/\/www.bob.webolatory.com\/hu\/wp-content\/uploads\/sites\/25\/2025\/10\/Hu_jelly_27_pear-lemon-1-1.webp\",\"datePublished\":\"2025-10-01T05:54:23+00:00\",\"dateModified\":\"2025-10-09T12:33:26+00:00\",\"description\":\"GY\u00dcM\u00d6LCSZSEL\u00c9 ALMA-K\u00d6RTE-CITROM. No added sugar, colourants, or preservatives. My treats are made from all things natural\ud83c\udf1f\",\"breadcrumb\":{\"@id\":\"https:\/\/www.bob.webolatory.com\/hu\/product\/gyumolcszsele-alma-korte-citrom\/#breadcrumb\"},\"inLanguage\":\"en-US\",\"potentialAction\":[{\"@type\":\"ReadAction\",\"target\":[\"https:\/\/www.bob.webolatory.com\/hu\/product\/gyumolcszsele-alma-korte-citrom\/\"]}]},{\"@type\":\"ImageObject\",\"inLanguage\":\"en-US\",\"@id\":\"https:\/\/www.bob.webolatory.com\/hu\/product\/gyumolcszsele-alma-korte-citrom\/#primaryimage\",\"url\":\"https:\/\/www.bob.webolatory.com\/hu\/wp-content\/uploads\/sites\/25\/2025\/10\/Hu_jelly_27_pear-lemon-1-1.webp\",\"contentUrl\":\"https:\/\/www.bob.webolatory.com\/hu\/wp-content\/uploads\/sites\/25\/2025\/10\/Hu_jelly_27_pear-lemon-1-1.webp\",\"width\":1280,\"height\":1280},{\"@type\":\"BreadcrumbList\",\"@id\":\"https:\/\/www.bob.webolatory.com\/hu\/product\/gyumolcszsele-alma-korte-citrom\/#breadcrumb\",\"itemListElement\":[{\"@type\":\"ListItem\",\"position\":1,\"name\":\"Home\",\"item\":\"https:\/\/www.bob.webolatory.com\/hu\/\"},{\"@type\":\"ListItem\",\"position\":2,\"name\":\"Products\",\"item\":\"https:\/\/www.bob.webolatory.com\/hu\/shop\/\"},{\"@type\":\"ListItem\",\"position\":3,\"name\":\"GY\u00dcM\u00d6LCSZSEL\u00c9 ALMA-K\u00d6RTE-CITROM\"}]},{\"@type\":\"WebSite\",\"@id\":\"https:\/\/www.bob.webolatory.com\/hu\/#website\",\"url\":\"https:\/\/www.bob.webolatory.com\/hu\/\",\"name\":\"Bob Snail\",\"description\":\"\",\"potentialAction\":[{\"@type\":\"SearchAction\",\"target\":{\"@type\":\"EntryPoint\",\"urlTemplate\":\"https:\/\/www.bob.webolatory.com\/hu\/?s={search_term_string}\"},\"query-input\":{\"@type\":\"PropertyValueSpecification\",\"valueRequired\":true,\"valueName\":\"search_term_string\"}}],\"inLanguage\":\"en-US\"}]}<\/script>\n<!-- \/ Yoast SEO plugin. -->","yoast_head_json":{"title":"GY\u00dcM\u00d6LCSZSEL\u00c9 ALMA-K\u00d6RTE-CITROM - Bob Snail","description":"GY\u00dcM\u00d6LCSZSEL\u00c9 ALMA-K\u00d6RTE-CITROM. No added sugar, colourants, or preservatives. My treats are made from all things natural\ud83c\udf1f","robots":{"index":"noindex","follow":"follow","max-snippet":"max-snippet:-1","max-image-preview":"max-image-preview:large","max-video-preview":"max-video-preview:-1"},"og_locale":"en_US","og_type":"article","og_title":"GY\u00dcM\u00d6LCSZSEL\u00c9 ALMA-K\u00d6RTE-CITROM - Bob Snail","og_description":"GY\u00dcM\u00d6LCSZSEL\u00c9 ALMA-K\u00d6RTE-CITROM. No added sugar, colourants, or preservatives. My treats are made from all things natural\ud83c\udf1f","og_url":"https:\/\/www.bob.webolatory.com\/hu\/product\/gyumolcszsele-alma-korte-citrom\/","og_site_name":"Bob Snail","article_modified_time":"2025-10-09T12:33:26+00:00","og_image":[{"width":1280,"height":1280,"url":"https:\/\/www.bob.webolatory.com\/hu\/wp-content\/uploads\/sites\/25\/2025\/10\/Hu_jelly_27_pear-lemon-1-1.webp","type":"image\/webp"}],"twitter_card":"summary_large_image","twitter_misc":{"Est. reading time":"1 minute"},"schema":{"@context":"https:\/\/schema.org","@graph":[{"@type":"WebPage","@id":"https:\/\/www.bob.webolatory.com\/hu\/product\/gyumolcszsele-alma-korte-citrom\/","url":"https:\/\/www.bob.webolatory.com\/hu\/product\/gyumolcszsele-alma-korte-citrom\/","name":"GY\u00dcM\u00d6LCSZSEL\u00c9 ALMA-K\u00d6RTE-CITROM - Bob Snail","isPartOf":{"@id":"https:\/\/www.bob.webolatory.com\/hu\/#website"},"primaryImageOfPage":{"@id":"https:\/\/www.bob.webolatory.com\/hu\/product\/gyumolcszsele-alma-korte-citrom\/#primaryimage"},"image":{"@id":"https:\/\/www.bob.webolatory.com\/hu\/product\/gyumolcszsele-alma-korte-citrom\/#primaryimage"},"thumbnailUrl":"https:\/\/www.bob.webolatory.com\/hu\/wp-content\/uploads\/sites\/25\/2025\/10\/Hu_jelly_27_pear-lemon-1-1.webp","datePublished":"2025-10-01T05:54:23+00:00","dateModified":"2025-10-09T12:33:26+00:00","description":"GY\u00dcM\u00d6LCSZSEL\u00c9 ALMA-K\u00d6RTE-CITROM. No added sugar, colourants, or preservatives. My treats are made from all things natural\ud83c\udf1f","breadcrumb":{"@id":"https:\/\/www.bob.webolatory.com\/hu\/product\/gyumolcszsele-alma-korte-citrom\/#breadcrumb"},"inLanguage":"en-US","potentialAction":[{"@type":"ReadAction","target":["https:\/\/www.bob.webolatory.com\/hu\/product\/gyumolcszsele-alma-korte-citrom\/"]}]},{"@type":"ImageObject","inLanguage":"en-US","@id":"https:\/\/www.bob.webolatory.com\/hu\/product\/gyumolcszsele-alma-korte-citrom\/#primaryimage","url":"https:\/\/www.bob.webolatory.com\/hu\/wp-content\/uploads\/sites\/25\/2025\/10\/Hu_jelly_27_pear-lemon-1-1.webp","contentUrl":"https:\/\/www.bob.webolatory.com\/hu\/wp-content\/uploads\/sites\/25\/2025\/10\/Hu_jelly_27_pear-lemon-1-1.webp","width":1280,"height":1280},{"@type":"BreadcrumbList","@id":"https:\/\/www.bob.webolatory.com\/hu\/product\/gyumolcszsele-alma-korte-citrom\/#breadcrumb","itemListElement":[{"@type":"ListItem","position":1,"name":"Home","item":"https:\/\/www.bob.webolatory.com\/hu\/"},{"@type":"ListItem","position":2,"name":"Products","item":"https:\/\/www.bob.webolatory.com\/hu\/shop\/"},{"@type":"ListItem","position":3,"name":"GY\u00dcM\u00d6LCSZSEL\u00c9 ALMA-K\u00d6RTE-CITROM"}]},{"@type":"WebSite","@id":"https:\/\/www.bob.webolatory.com\/hu\/#website","url":"https:\/\/www.bob.webolatory.com\/hu\/","name":"Bob Snail","description":"","potentialAction":[{"@type":"SearchAction","target":{"@type":"EntryPoint","urlTemplate":"https:\/\/www.bob.webolatory.com\/hu\/?s={search_term_string}"},"query-input":{"@type":"PropertyValueSpecification","valueRequired":true,"valueName":"search_term_string"}}],"inLanguage":"en-US"}]}},"_links":{"self":[{"href":"https:\/\/www.bob.webolatory.com\/hu\/wp-json\/wp\/v2\/product\/3057","targetHints":{"allow":["GET"]}}],"collection":[{"href":"https:\/\/www.bob.webolatory.com\/hu\/wp-json\/wp\/v2\/product"}],"about":[{"href":"https:\/\/www.bob.webolatory.com\/hu\/wp-json\/wp\/v2\/types\/product"}],"replies":[{"embeddable":true,"href":"https:\/\/www.bob.webolatory.com\/hu\/wp-json\/wp\/v2\/comments?post=3057"}],"wp:featuredmedia":[{"embeddable":true,"href":"https:\/\/www.bob.webolatory.com\/hu\/wp-json\/wp\/v2\/media\/3058"}],"wp:attachment":[{"href":"https:\/\/www.bob.webolatory.com\/hu\/wp-json\/wp\/v2\/media?parent=3057"}],"wp:term":[{"taxonomy":"product_brand","embeddable":true,"href":"https:\/\/www.bob.webolatory.com\/hu\/wp-json\/wp\/v2\/product_brand?post=3057"},{"taxonomy":"product_cat","embeddable":true,"href":"https:\/\/www.bob.webolatory.com\/hu\/wp-json\/wp\/v2\/product_cat?post=3057"},{"taxonomy":"product_tag","embeddable":true,"href":"https:\/\/www.bob.webolatory.com\/hu\/wp-json\/wp\/v2\/product_tag?post=3057"}],"curies":[{"name":"wp","href":"https:\/\/api.w.org\/{rel}","templated":true}]}}