{"id":3230,"date":"2025-10-05T23:27:46","date_gmt":"2025-10-05T23:27:46","guid":{"rendered":"https:\/\/www.bob-snail.com\/hu\/?post_type=product&#038;p=3230"},"modified":"2025-10-13T12:23:08","modified_gmt":"2025-10-13T12:23:08","slug":"gyumolcsszelet-korte-mango","status":"publish","type":"product","link":"https:\/\/www.bob.webolatory.com\/hu\/product\/gyumolcsszelet-korte-mango\/","title":{"rendered":"GY\u00dcM\u00d6LCSSZELET &#8211; K\u00d6RTE-MANG\u00d3"},"content":{"rendered":"<p><span style=\"font-weight: 400;\">Csak k\u00e9t hozz\u00e1val\u00f3b\u00f3l k\u00e9sz\u00fclnek: gy\u00fcm\u00f6lcs \u00e9s bogy\u00f3s gy\u00fcm\u00f6lcsf\u00e9l\u00e9k. Nincs benn\u00fck hozz\u00e1adott cukor, tart\u00f3s\u00edt\u00f3szer, mesters\u00e9ges adal\u00e9k.<\/span><\/p>\n<p><span style=\"font-weight: 400;\">Allerg\u00e9nmentesek (igen, glut\u00e9n-, tej- \u00e9s mogyor\u00f3mentes is), \u00edgy gyerekeknek \u00e9s feln\u0151tteknek is biztons\u00e1gos nasik.<\/span><\/p>\n<p><span style=\"font-weight: 400;\">Mindegyik gy\u00fcm\u00f6lcsszelet k\u00fcl\u00f6n van csomagolva \u2013 dobd be a zsebedbe, uzsonn\u00e1s dobozba vagy a h\u00e1tizs\u00e1kodba. Nassolj iskol\u00e1ban, munkahelyen, kir\u00e1ndul\u00e1s k\u00f6zben vagy edz\u00e9s ut\u00e1n.<\/span><\/p>\n","protected":false},"excerpt":{"rendered":"<p>Csak k\u00e9t hozz\u00e1val\u00f3b\u00f3l k\u00e9sz\u00fclnek: gy\u00fcm\u00f6lcs \u00e9s bogy\u00f3s gy\u00fcm\u00f6lcsf\u00e9l\u00e9k. Nincs benn\u00fck hozz\u00e1adott cukor, tart\u00f3s\u00edt\u00f3szer, mesters\u00e9ges adal\u00e9k. Allerg\u00e9nmentesek (igen, glut\u00e9n-, tej- \u00e9s mogyor\u00f3mentes is), \u00edgy gyerekeknek \u00e9s feln\u0151tteknek is biztons\u00e1gos nasik. Mindegyik gy\u00fcm\u00f6lcsszelet k\u00fcl\u00f6n van csomagolva \u2013 dobd be a zsebedbe, uzsonn\u00e1s dobozba vagy a h\u00e1tizs\u00e1kodba. Nassolj iskol\u00e1ban, munkahelyen, kir\u00e1ndul\u00e1s k\u00f6zben vagy edz\u00e9s ut\u00e1n.<\/p>\n","protected":false},"featured_media":3231,"comment_status":"open","ping_status":"closed","template":"","meta":[],"product_brand":[],"product_cat":[75],"product_tag":[],"class_list":{"0":"post-3230","1":"product","2":"type-product","3":"status-publish","4":"has-post-thumbnail","6":"product_cat-gyumolcsszeletek","7":"weight_taxonomy-14g","9":"first","10":"instock","11":"shipping-taxable","12":"purchasable","13":"product-type-simple"},"yoast_head":"<!-- This site is optimized with the Yoast SEO plugin v24.7 - https:\/\/yoast.com\/wordpress\/plugins\/seo\/ -->\n<title>GY\u00dcM\u00d6LCSSZELET - K\u00d6RTE-MANG\u00d3 - Bob Snail<\/title>\n<meta name=\"description\" content=\"GY\u00dcM\u00d6LCSSZELET - K\u00d6RTE-MANG\u00d3. No added sugar, colourants, or preservatives. My treats are made from all things natural\ud83c\udf1f\" \/>\n<meta name=\"robots\" content=\"noindex, follow, max-snippet:-1, max-image-preview:large, max-video-preview:-1\" \/>\n<meta property=\"og:locale\" content=\"en_US\" \/>\n<meta property=\"og:type\" content=\"article\" \/>\n<meta property=\"og:title\" content=\"GY\u00dcM\u00d6LCSSZELET - K\u00d6RTE-MANG\u00d3 - Bob Snail\" \/>\n<meta property=\"og:description\" content=\"GY\u00dcM\u00d6LCSSZELET - K\u00d6RTE-MANG\u00d3. No added sugar, colourants, or preservatives. My treats are made from all things natural\ud83c\udf1f\" \/>\n<meta property=\"og:url\" content=\"https:\/\/www.bob.webolatory.com\/hu\/product\/gyumolcsszelet-korte-mango\/\" \/>\n<meta property=\"og:site_name\" content=\"Bob Snail\" \/>\n<meta property=\"article:modified_time\" content=\"2025-10-13T12:23:08+00:00\" \/>\n<meta property=\"og:image\" content=\"https:\/\/www.bob.webolatory.com\/hu\/wp-content\/uploads\/sites\/25\/2025\/10\/Hu_stripe_14_p-mango_-1-1.webp\" \/>\n\t<meta property=\"og:image:width\" content=\"1280\" \/>\n\t<meta property=\"og:image:height\" content=\"1280\" \/>\n\t<meta property=\"og:image:type\" content=\"image\/webp\" \/>\n<meta name=\"twitter:card\" content=\"summary_large_image\" \/>\n<meta name=\"twitter:label1\" content=\"Est. reading time\" \/>\n\t<meta name=\"twitter:data1\" content=\"1 minute\" \/>\n<script type=\"application\/ld+json\" class=\"yoast-schema-graph\">{\"@context\":\"https:\/\/schema.org\",\"@graph\":[{\"@type\":\"WebPage\",\"@id\":\"https:\/\/www.bob.webolatory.com\/hu\/product\/gyumolcsszelet-korte-mango\/\",\"url\":\"https:\/\/www.bob.webolatory.com\/hu\/product\/gyumolcsszelet-korte-mango\/\",\"name\":\"GY\u00dcM\u00d6LCSSZELET - K\u00d6RTE-MANG\u00d3 - Bob Snail\",\"isPartOf\":{\"@id\":\"https:\/\/www.bob.webolatory.com\/hu\/#website\"},\"primaryImageOfPage\":{\"@id\":\"https:\/\/www.bob.webolatory.com\/hu\/product\/gyumolcsszelet-korte-mango\/#primaryimage\"},\"image\":{\"@id\":\"https:\/\/www.bob.webolatory.com\/hu\/product\/gyumolcsszelet-korte-mango\/#primaryimage\"},\"thumbnailUrl\":\"https:\/\/www.bob.webolatory.com\/hu\/wp-content\/uploads\/sites\/25\/2025\/10\/Hu_stripe_14_p-mango_-1-1.webp\",\"datePublished\":\"2025-10-05T23:27:46+00:00\",\"dateModified\":\"2025-10-13T12:23:08+00:00\",\"description\":\"GY\u00dcM\u00d6LCSSZELET - K\u00d6RTE-MANG\u00d3. No added sugar, colourants, or preservatives. My treats are made from all things natural\ud83c\udf1f\",\"breadcrumb\":{\"@id\":\"https:\/\/www.bob.webolatory.com\/hu\/product\/gyumolcsszelet-korte-mango\/#breadcrumb\"},\"inLanguage\":\"en-US\",\"potentialAction\":[{\"@type\":\"ReadAction\",\"target\":[\"https:\/\/www.bob.webolatory.com\/hu\/product\/gyumolcsszelet-korte-mango\/\"]}]},{\"@type\":\"ImageObject\",\"inLanguage\":\"en-US\",\"@id\":\"https:\/\/www.bob.webolatory.com\/hu\/product\/gyumolcsszelet-korte-mango\/#primaryimage\",\"url\":\"https:\/\/www.bob.webolatory.com\/hu\/wp-content\/uploads\/sites\/25\/2025\/10\/Hu_stripe_14_p-mango_-1-1.webp\",\"contentUrl\":\"https:\/\/www.bob.webolatory.com\/hu\/wp-content\/uploads\/sites\/25\/2025\/10\/Hu_stripe_14_p-mango_-1-1.webp\",\"width\":1280,\"height\":1280},{\"@type\":\"BreadcrumbList\",\"@id\":\"https:\/\/www.bob.webolatory.com\/hu\/product\/gyumolcsszelet-korte-mango\/#breadcrumb\",\"itemListElement\":[{\"@type\":\"ListItem\",\"position\":1,\"name\":\"Home\",\"item\":\"https:\/\/www.bob.webolatory.com\/hu\/\"},{\"@type\":\"ListItem\",\"position\":2,\"name\":\"Products\",\"item\":\"https:\/\/www.bob.webolatory.com\/hu\/shop\/\"},{\"@type\":\"ListItem\",\"position\":3,\"name\":\"GY\u00dcM\u00d6LCSSZELET &#8211; K\u00d6RTE-MANG\u00d3\"}]},{\"@type\":\"WebSite\",\"@id\":\"https:\/\/www.bob.webolatory.com\/hu\/#website\",\"url\":\"https:\/\/www.bob.webolatory.com\/hu\/\",\"name\":\"Bob Snail\",\"description\":\"\",\"potentialAction\":[{\"@type\":\"SearchAction\",\"target\":{\"@type\":\"EntryPoint\",\"urlTemplate\":\"https:\/\/www.bob.webolatory.com\/hu\/?s={search_term_string}\"},\"query-input\":{\"@type\":\"PropertyValueSpecification\",\"valueRequired\":true,\"valueName\":\"search_term_string\"}}],\"inLanguage\":\"en-US\"}]}<\/script>\n<!-- \/ Yoast SEO plugin. -->","yoast_head_json":{"title":"GY\u00dcM\u00d6LCSSZELET - K\u00d6RTE-MANG\u00d3 - Bob Snail","description":"GY\u00dcM\u00d6LCSSZELET - K\u00d6RTE-MANG\u00d3. No added sugar, colourants, or preservatives. My treats are made from all things natural\ud83c\udf1f","robots":{"index":"noindex","follow":"follow","max-snippet":"max-snippet:-1","max-image-preview":"max-image-preview:large","max-video-preview":"max-video-preview:-1"},"og_locale":"en_US","og_type":"article","og_title":"GY\u00dcM\u00d6LCSSZELET - K\u00d6RTE-MANG\u00d3 - Bob Snail","og_description":"GY\u00dcM\u00d6LCSSZELET - K\u00d6RTE-MANG\u00d3. No added sugar, colourants, or preservatives. My treats are made from all things natural\ud83c\udf1f","og_url":"https:\/\/www.bob.webolatory.com\/hu\/product\/gyumolcsszelet-korte-mango\/","og_site_name":"Bob Snail","article_modified_time":"2025-10-13T12:23:08+00:00","og_image":[{"width":1280,"height":1280,"url":"https:\/\/www.bob.webolatory.com\/hu\/wp-content\/uploads\/sites\/25\/2025\/10\/Hu_stripe_14_p-mango_-1-1.webp","type":"image\/webp"}],"twitter_card":"summary_large_image","twitter_misc":{"Est. reading time":"1 minute"},"schema":{"@context":"https:\/\/schema.org","@graph":[{"@type":"WebPage","@id":"https:\/\/www.bob.webolatory.com\/hu\/product\/gyumolcsszelet-korte-mango\/","url":"https:\/\/www.bob.webolatory.com\/hu\/product\/gyumolcsszelet-korte-mango\/","name":"GY\u00dcM\u00d6LCSSZELET - K\u00d6RTE-MANG\u00d3 - Bob Snail","isPartOf":{"@id":"https:\/\/www.bob.webolatory.com\/hu\/#website"},"primaryImageOfPage":{"@id":"https:\/\/www.bob.webolatory.com\/hu\/product\/gyumolcsszelet-korte-mango\/#primaryimage"},"image":{"@id":"https:\/\/www.bob.webolatory.com\/hu\/product\/gyumolcsszelet-korte-mango\/#primaryimage"},"thumbnailUrl":"https:\/\/www.bob.webolatory.com\/hu\/wp-content\/uploads\/sites\/25\/2025\/10\/Hu_stripe_14_p-mango_-1-1.webp","datePublished":"2025-10-05T23:27:46+00:00","dateModified":"2025-10-13T12:23:08+00:00","description":"GY\u00dcM\u00d6LCSSZELET - K\u00d6RTE-MANG\u00d3. No added sugar, colourants, or preservatives. My treats are made from all things natural\ud83c\udf1f","breadcrumb":{"@id":"https:\/\/www.bob.webolatory.com\/hu\/product\/gyumolcsszelet-korte-mango\/#breadcrumb"},"inLanguage":"en-US","potentialAction":[{"@type":"ReadAction","target":["https:\/\/www.bob.webolatory.com\/hu\/product\/gyumolcsszelet-korte-mango\/"]}]},{"@type":"ImageObject","inLanguage":"en-US","@id":"https:\/\/www.bob.webolatory.com\/hu\/product\/gyumolcsszelet-korte-mango\/#primaryimage","url":"https:\/\/www.bob.webolatory.com\/hu\/wp-content\/uploads\/sites\/25\/2025\/10\/Hu_stripe_14_p-mango_-1-1.webp","contentUrl":"https:\/\/www.bob.webolatory.com\/hu\/wp-content\/uploads\/sites\/25\/2025\/10\/Hu_stripe_14_p-mango_-1-1.webp","width":1280,"height":1280},{"@type":"BreadcrumbList","@id":"https:\/\/www.bob.webolatory.com\/hu\/product\/gyumolcsszelet-korte-mango\/#breadcrumb","itemListElement":[{"@type":"ListItem","position":1,"name":"Home","item":"https:\/\/www.bob.webolatory.com\/hu\/"},{"@type":"ListItem","position":2,"name":"Products","item":"https:\/\/www.bob.webolatory.com\/hu\/shop\/"},{"@type":"ListItem","position":3,"name":"GY\u00dcM\u00d6LCSSZELET &#8211; K\u00d6RTE-MANG\u00d3"}]},{"@type":"WebSite","@id":"https:\/\/www.bob.webolatory.com\/hu\/#website","url":"https:\/\/www.bob.webolatory.com\/hu\/","name":"Bob Snail","description":"","potentialAction":[{"@type":"SearchAction","target":{"@type":"EntryPoint","urlTemplate":"https:\/\/www.bob.webolatory.com\/hu\/?s={search_term_string}"},"query-input":{"@type":"PropertyValueSpecification","valueRequired":true,"valueName":"search_term_string"}}],"inLanguage":"en-US"}]}},"_links":{"self":[{"href":"https:\/\/www.bob.webolatory.com\/hu\/wp-json\/wp\/v2\/product\/3230","targetHints":{"allow":["GET"]}}],"collection":[{"href":"https:\/\/www.bob.webolatory.com\/hu\/wp-json\/wp\/v2\/product"}],"about":[{"href":"https:\/\/www.bob.webolatory.com\/hu\/wp-json\/wp\/v2\/types\/product"}],"replies":[{"embeddable":true,"href":"https:\/\/www.bob.webolatory.com\/hu\/wp-json\/wp\/v2\/comments?post=3230"}],"wp:featuredmedia":[{"embeddable":true,"href":"https:\/\/www.bob.webolatory.com\/hu\/wp-json\/wp\/v2\/media\/3231"}],"wp:attachment":[{"href":"https:\/\/www.bob.webolatory.com\/hu\/wp-json\/wp\/v2\/media?parent=3230"}],"wp:term":[{"taxonomy":"product_brand","embeddable":true,"href":"https:\/\/www.bob.webolatory.com\/hu\/wp-json\/wp\/v2\/product_brand?post=3230"},{"taxonomy":"product_cat","embeddable":true,"href":"https:\/\/www.bob.webolatory.com\/hu\/wp-json\/wp\/v2\/product_cat?post=3230"},{"taxonomy":"product_tag","embeddable":true,"href":"https:\/\/www.bob.webolatory.com\/hu\/wp-json\/wp\/v2\/product_tag?post=3230"}],"curies":[{"name":"wp","href":"https:\/\/api.w.org\/{rel}","templated":true}]}}