{"id":3281,"date":"2025-10-05T23:55:39","date_gmt":"2025-10-05T23:55:39","guid":{"rendered":"https:\/\/www.bob-snail.com\/hu\/?post_type=product&#038;p=3281"},"modified":"2025-10-13T12:26:04","modified_gmt":"2025-10-13T12:26:04","slug":"smoothie-banan-ananasz-mango","status":"publish","type":"product","link":"https:\/\/www.bob.webolatory.com\/hu\/product\/smoothie-banan-ananasz-mango\/","title":{"rendered":"SMOOTHIE BAN\u00c1N-ANAN\u00c1SZ-MANG\u00d3 H\u0150KEZEL\u00c9SSEL TART\u00d3S\u00cdTVA"},"content":{"rendered":"<table>\n<tbody>\n<tr>\n<td><span style=\"font-weight: 400;\">Csak tiszta gy\u00fcm\u00f6lcsb\u0151l k\u00e9sz\u00edtem a smoothie-it \u2013 nincs benne hozz\u00e1adott cukor vagy mesters\u00e9ges anyag. Glut\u00e9nmentes, veg\u00e1nbar\u00e1t, \u00e9s t\u00f6k\u00e9letes snack \u00fatk\u00f6zben!<\/span><\/p>\n<p><span style=\"font-weight: 400;\">Gyors nasi b\u00e1rhol \u2013 iskol\u00e1ban, munkahelyen, s\u00e9ta k\u00f6zben, utaz\u00e1skor vagy edz\u00e9s el\u0151tt\/ut\u00e1n. S\u0171r\u0171, kr\u00e9mes \u00e1llag, gazdag gy\u00fcm\u00f6lcs\u00edz \u00e9s cs\u00e1b\u00edt\u00f3 illat.<\/span><\/p>\n<p><span style=\"font-weight: 400;\">Fogyaszd a kedvenc gy\u00fcm\u00f6lcs\u00f6det b\u00e1rmikor!<\/span><\/td>\n<\/tr>\n<\/tbody>\n<\/table>\n","protected":false},"excerpt":{"rendered":"<p>Csak tiszta gy\u00fcm\u00f6lcsb\u0151l k\u00e9sz\u00edtem a smoothie-it \u2013 nincs benne hozz\u00e1adott cukor vagy mesters\u00e9ges anyag. Glut\u00e9nmentes, veg\u00e1nbar\u00e1t, \u00e9s t\u00f6k\u00e9letes snack \u00fatk\u00f6zben! Gyors nasi b\u00e1rhol \u2013 iskol\u00e1ban, munkahelyen, s\u00e9ta k\u00f6zben, utaz\u00e1skor vagy edz\u00e9s el\u0151tt\/ut\u00e1n. S\u0171r\u0171, kr\u00e9mes \u00e1llag, gazdag gy\u00fcm\u00f6lcs\u00edz \u00e9s cs\u00e1b\u00edt\u00f3 illat. Fogyaszd a kedvenc gy\u00fcm\u00f6lcs\u00f6det b\u00e1rmikor!<\/p>\n","protected":false},"featured_media":3282,"comment_status":"open","ping_status":"closed","template":"","meta":[],"product_brand":[],"product_cat":[97],"product_tag":[],"class_list":{"0":"post-3281","1":"product","2":"type-product","3":"status-publish","4":"has-post-thumbnail","6":"product_cat-smoothiek","7":"weight_taxonomy-120g","9":"first","10":"instock","11":"shipping-taxable","12":"purchasable","13":"product-type-simple"},"yoast_head":"<!-- This site is optimized with the Yoast SEO plugin v24.7 - https:\/\/yoast.com\/wordpress\/plugins\/seo\/ -->\n<title>SMOOTHIE BAN\u00c1N-ANAN\u00c1SZ-MANG\u00d3 H\u0150KEZEL\u00c9SSEL TART\u00d3S\u00cdTVA - Bob Snail<\/title>\n<meta name=\"description\" content=\"SMOOTHIE BAN\u00c1N-ANAN\u00c1SZ-MANG\u00d3 H\u0150KEZEL\u00c9SSEL TART\u00d3S\u00cdTVA. No added sugar, colourants, or preservatives. My treats are made from all things natural\ud83c\udf1f\" \/>\n<meta name=\"robots\" content=\"noindex, follow, max-snippet:-1, max-image-preview:large, max-video-preview:-1\" \/>\n<meta property=\"og:locale\" content=\"en_US\" \/>\n<meta property=\"og:type\" content=\"article\" \/>\n<meta property=\"og:title\" content=\"SMOOTHIE BAN\u00c1N-ANAN\u00c1SZ-MANG\u00d3 H\u0150KEZEL\u00c9SSEL TART\u00d3S\u00cdTVA - Bob Snail\" \/>\n<meta property=\"og:description\" content=\"SMOOTHIE BAN\u00c1N-ANAN\u00c1SZ-MANG\u00d3 H\u0150KEZEL\u00c9SSEL TART\u00d3S\u00cdTVA. No added sugar, colourants, or preservatives. My treats are made from all things natural\ud83c\udf1f\" \/>\n<meta property=\"og:url\" content=\"https:\/\/www.bob.webolatory.com\/hu\/product\/smoothie-banan-ananasz-mango\/\" \/>\n<meta property=\"og:site_name\" content=\"Bob Snail\" \/>\n<meta property=\"article:modified_time\" content=\"2025-10-13T12:26:04+00:00\" \/>\n<meta property=\"og:image\" content=\"https:\/\/www.bob.webolatory.com\/hu\/wp-content\/uploads\/sites\/25\/2025\/10\/Hu_smoothie_120_tropic-1-1.webp\" \/>\n\t<meta property=\"og:image:width\" content=\"1280\" \/>\n\t<meta property=\"og:image:height\" content=\"1280\" \/>\n\t<meta property=\"og:image:type\" content=\"image\/webp\" \/>\n<meta name=\"twitter:card\" content=\"summary_large_image\" \/>\n<meta name=\"twitter:label1\" content=\"Est. reading time\" \/>\n\t<meta name=\"twitter:data1\" content=\"1 minute\" \/>\n<script type=\"application\/ld+json\" class=\"yoast-schema-graph\">{\"@context\":\"https:\/\/schema.org\",\"@graph\":[{\"@type\":\"WebPage\",\"@id\":\"https:\/\/www.bob.webolatory.com\/hu\/product\/smoothie-banan-ananasz-mango\/\",\"url\":\"https:\/\/www.bob.webolatory.com\/hu\/product\/smoothie-banan-ananasz-mango\/\",\"name\":\"SMOOTHIE BAN\u00c1N-ANAN\u00c1SZ-MANG\u00d3 H\u0150KEZEL\u00c9SSEL TART\u00d3S\u00cdTVA - Bob Snail\",\"isPartOf\":{\"@id\":\"https:\/\/www.bob.webolatory.com\/hu\/#website\"},\"primaryImageOfPage\":{\"@id\":\"https:\/\/www.bob.webolatory.com\/hu\/product\/smoothie-banan-ananasz-mango\/#primaryimage\"},\"image\":{\"@id\":\"https:\/\/www.bob.webolatory.com\/hu\/product\/smoothie-banan-ananasz-mango\/#primaryimage\"},\"thumbnailUrl\":\"https:\/\/www.bob.webolatory.com\/hu\/wp-content\/uploads\/sites\/25\/2025\/10\/Hu_smoothie_120_tropic-1-1.webp\",\"datePublished\":\"2025-10-05T23:55:39+00:00\",\"dateModified\":\"2025-10-13T12:26:04+00:00\",\"description\":\"SMOOTHIE BAN\u00c1N-ANAN\u00c1SZ-MANG\u00d3 H\u0150KEZEL\u00c9SSEL TART\u00d3S\u00cdTVA. No added sugar, colourants, or preservatives. My treats are made from all things natural\ud83c\udf1f\",\"breadcrumb\":{\"@id\":\"https:\/\/www.bob.webolatory.com\/hu\/product\/smoothie-banan-ananasz-mango\/#breadcrumb\"},\"inLanguage\":\"en-US\",\"potentialAction\":[{\"@type\":\"ReadAction\",\"target\":[\"https:\/\/www.bob.webolatory.com\/hu\/product\/smoothie-banan-ananasz-mango\/\"]}]},{\"@type\":\"ImageObject\",\"inLanguage\":\"en-US\",\"@id\":\"https:\/\/www.bob.webolatory.com\/hu\/product\/smoothie-banan-ananasz-mango\/#primaryimage\",\"url\":\"https:\/\/www.bob.webolatory.com\/hu\/wp-content\/uploads\/sites\/25\/2025\/10\/Hu_smoothie_120_tropic-1-1.webp\",\"contentUrl\":\"https:\/\/www.bob.webolatory.com\/hu\/wp-content\/uploads\/sites\/25\/2025\/10\/Hu_smoothie_120_tropic-1-1.webp\",\"width\":1280,\"height\":1280},{\"@type\":\"BreadcrumbList\",\"@id\":\"https:\/\/www.bob.webolatory.com\/hu\/product\/smoothie-banan-ananasz-mango\/#breadcrumb\",\"itemListElement\":[{\"@type\":\"ListItem\",\"position\":1,\"name\":\"Home\",\"item\":\"https:\/\/www.bob.webolatory.com\/hu\/\"},{\"@type\":\"ListItem\",\"position\":2,\"name\":\"Products\",\"item\":\"https:\/\/www.bob.webolatory.com\/hu\/shop\/\"},{\"@type\":\"ListItem\",\"position\":3,\"name\":\"SMOOTHIE BAN\u00c1N-ANAN\u00c1SZ-MANG\u00d3 H\u0150KEZEL\u00c9SSEL TART\u00d3S\u00cdTVA\"}]},{\"@type\":\"WebSite\",\"@id\":\"https:\/\/www.bob.webolatory.com\/hu\/#website\",\"url\":\"https:\/\/www.bob.webolatory.com\/hu\/\",\"name\":\"Bob Snail\",\"description\":\"\",\"potentialAction\":[{\"@type\":\"SearchAction\",\"target\":{\"@type\":\"EntryPoint\",\"urlTemplate\":\"https:\/\/www.bob.webolatory.com\/hu\/?s={search_term_string}\"},\"query-input\":{\"@type\":\"PropertyValueSpecification\",\"valueRequired\":true,\"valueName\":\"search_term_string\"}}],\"inLanguage\":\"en-US\"}]}<\/script>\n<!-- \/ Yoast SEO plugin. -->","yoast_head_json":{"title":"SMOOTHIE BAN\u00c1N-ANAN\u00c1SZ-MANG\u00d3 H\u0150KEZEL\u00c9SSEL TART\u00d3S\u00cdTVA - Bob Snail","description":"SMOOTHIE BAN\u00c1N-ANAN\u00c1SZ-MANG\u00d3 H\u0150KEZEL\u00c9SSEL TART\u00d3S\u00cdTVA. No added sugar, colourants, or preservatives. My treats are made from all things natural\ud83c\udf1f","robots":{"index":"noindex","follow":"follow","max-snippet":"max-snippet:-1","max-image-preview":"max-image-preview:large","max-video-preview":"max-video-preview:-1"},"og_locale":"en_US","og_type":"article","og_title":"SMOOTHIE BAN\u00c1N-ANAN\u00c1SZ-MANG\u00d3 H\u0150KEZEL\u00c9SSEL TART\u00d3S\u00cdTVA - Bob Snail","og_description":"SMOOTHIE BAN\u00c1N-ANAN\u00c1SZ-MANG\u00d3 H\u0150KEZEL\u00c9SSEL TART\u00d3S\u00cdTVA. No added sugar, colourants, or preservatives. My treats are made from all things natural\ud83c\udf1f","og_url":"https:\/\/www.bob.webolatory.com\/hu\/product\/smoothie-banan-ananasz-mango\/","og_site_name":"Bob Snail","article_modified_time":"2025-10-13T12:26:04+00:00","og_image":[{"width":1280,"height":1280,"url":"https:\/\/www.bob.webolatory.com\/hu\/wp-content\/uploads\/sites\/25\/2025\/10\/Hu_smoothie_120_tropic-1-1.webp","type":"image\/webp"}],"twitter_card":"summary_large_image","twitter_misc":{"Est. reading time":"1 minute"},"schema":{"@context":"https:\/\/schema.org","@graph":[{"@type":"WebPage","@id":"https:\/\/www.bob.webolatory.com\/hu\/product\/smoothie-banan-ananasz-mango\/","url":"https:\/\/www.bob.webolatory.com\/hu\/product\/smoothie-banan-ananasz-mango\/","name":"SMOOTHIE BAN\u00c1N-ANAN\u00c1SZ-MANG\u00d3 H\u0150KEZEL\u00c9SSEL TART\u00d3S\u00cdTVA - Bob Snail","isPartOf":{"@id":"https:\/\/www.bob.webolatory.com\/hu\/#website"},"primaryImageOfPage":{"@id":"https:\/\/www.bob.webolatory.com\/hu\/product\/smoothie-banan-ananasz-mango\/#primaryimage"},"image":{"@id":"https:\/\/www.bob.webolatory.com\/hu\/product\/smoothie-banan-ananasz-mango\/#primaryimage"},"thumbnailUrl":"https:\/\/www.bob.webolatory.com\/hu\/wp-content\/uploads\/sites\/25\/2025\/10\/Hu_smoothie_120_tropic-1-1.webp","datePublished":"2025-10-05T23:55:39+00:00","dateModified":"2025-10-13T12:26:04+00:00","description":"SMOOTHIE BAN\u00c1N-ANAN\u00c1SZ-MANG\u00d3 H\u0150KEZEL\u00c9SSEL TART\u00d3S\u00cdTVA. No added sugar, colourants, or preservatives. My treats are made from all things natural\ud83c\udf1f","breadcrumb":{"@id":"https:\/\/www.bob.webolatory.com\/hu\/product\/smoothie-banan-ananasz-mango\/#breadcrumb"},"inLanguage":"en-US","potentialAction":[{"@type":"ReadAction","target":["https:\/\/www.bob.webolatory.com\/hu\/product\/smoothie-banan-ananasz-mango\/"]}]},{"@type":"ImageObject","inLanguage":"en-US","@id":"https:\/\/www.bob.webolatory.com\/hu\/product\/smoothie-banan-ananasz-mango\/#primaryimage","url":"https:\/\/www.bob.webolatory.com\/hu\/wp-content\/uploads\/sites\/25\/2025\/10\/Hu_smoothie_120_tropic-1-1.webp","contentUrl":"https:\/\/www.bob.webolatory.com\/hu\/wp-content\/uploads\/sites\/25\/2025\/10\/Hu_smoothie_120_tropic-1-1.webp","width":1280,"height":1280},{"@type":"BreadcrumbList","@id":"https:\/\/www.bob.webolatory.com\/hu\/product\/smoothie-banan-ananasz-mango\/#breadcrumb","itemListElement":[{"@type":"ListItem","position":1,"name":"Home","item":"https:\/\/www.bob.webolatory.com\/hu\/"},{"@type":"ListItem","position":2,"name":"Products","item":"https:\/\/www.bob.webolatory.com\/hu\/shop\/"},{"@type":"ListItem","position":3,"name":"SMOOTHIE BAN\u00c1N-ANAN\u00c1SZ-MANG\u00d3 H\u0150KEZEL\u00c9SSEL TART\u00d3S\u00cdTVA"}]},{"@type":"WebSite","@id":"https:\/\/www.bob.webolatory.com\/hu\/#website","url":"https:\/\/www.bob.webolatory.com\/hu\/","name":"Bob Snail","description":"","potentialAction":[{"@type":"SearchAction","target":{"@type":"EntryPoint","urlTemplate":"https:\/\/www.bob.webolatory.com\/hu\/?s={search_term_string}"},"query-input":{"@type":"PropertyValueSpecification","valueRequired":true,"valueName":"search_term_string"}}],"inLanguage":"en-US"}]}},"_links":{"self":[{"href":"https:\/\/www.bob.webolatory.com\/hu\/wp-json\/wp\/v2\/product\/3281","targetHints":{"allow":["GET"]}}],"collection":[{"href":"https:\/\/www.bob.webolatory.com\/hu\/wp-json\/wp\/v2\/product"}],"about":[{"href":"https:\/\/www.bob.webolatory.com\/hu\/wp-json\/wp\/v2\/types\/product"}],"replies":[{"embeddable":true,"href":"https:\/\/www.bob.webolatory.com\/hu\/wp-json\/wp\/v2\/comments?post=3281"}],"wp:featuredmedia":[{"embeddable":true,"href":"https:\/\/www.bob.webolatory.com\/hu\/wp-json\/wp\/v2\/media\/3282"}],"wp:attachment":[{"href":"https:\/\/www.bob.webolatory.com\/hu\/wp-json\/wp\/v2\/media?parent=3281"}],"wp:term":[{"taxonomy":"product_brand","embeddable":true,"href":"https:\/\/www.bob.webolatory.com\/hu\/wp-json\/wp\/v2\/product_brand?post=3281"},{"taxonomy":"product_cat","embeddable":true,"href":"https:\/\/www.bob.webolatory.com\/hu\/wp-json\/wp\/v2\/product_cat?post=3281"},{"taxonomy":"product_tag","embeddable":true,"href":"https:\/\/www.bob.webolatory.com\/hu\/wp-json\/wp\/v2\/product_tag?post=3281"}],"curies":[{"name":"wp","href":"https:\/\/api.w.org\/{rel}","templated":true}]}}