{"id":3331,"date":"2025-10-09T11:38:29","date_gmt":"2025-10-09T11:38:29","guid":{"rendered":"https:\/\/www.bob-snail.com\/hu\/?post_type=product&#038;p=3331"},"modified":"2025-10-13T12:26:53","modified_gmt":"2025-10-13T12:26:53","slug":"eatplay-disco","status":"publish","type":"product","link":"https:\/\/www.bob.webolatory.com\/hu\/product\/eatplay-disco\/","title":{"rendered":"EAT&#038;PLAY DISCO"},"content":{"rendered":"<p><span style=\"font-weight: 400;\">\u00d6tv\u00f6z\u00f6m az igazi gy\u00fcm\u00f6lcs snackeket gy\u0171jthet\u0151 j\u00e1t\u00e9kokkal, hogy a nassol\u00e1s m\u00e9g sz\u00f3rakoztat\u00f3bb legyen!<\/span><\/p>\n<p><span style=\"font-weight: 400;\">Minden Eat &amp; Play doboz tartalmaz:<\/span><\/p>\n<p><span style=\"font-weight: 400;\">\u2013 K\u00e9t gy\u00fcm\u00f6lcs tekercset (nincs benne cukor, csak gy\u00fcm\u00f6lcs)<\/span><\/p>\n<p><span style=\"font-weight: 400;\">\u2013 Egy meglepet\u00e9s j\u00e1t\u00e9kot saj\u00e1t n\u00e9vvel \u00e9s szem\u00e9lyis\u00e9ggel \u2013 gy\u0171jtsd \u00f6ssze mindet!<\/span><\/p>\n<p><span style=\"font-weight: 400;\">\u2013 Egy gy\u0171jt\u0151k\u00e1rty\u00e1t, hogy k\u00f6vethesd a kis csigabrig\u00e1dot!<\/span><\/p>\n<p><span style=\"font-weight: 400;\">Az Eat &amp; Play Disco t\u00f6k\u00e9letes gyerekzs\u00farokra, jutalomk\u00e9nt vagy a mindennapi \u00f6r\u00f6m\u00f6k r\u00e9szek\u00e9nt.<\/span><\/p>\n","protected":false},"excerpt":{"rendered":"<p>\u00d6tv\u00f6z\u00f6m az igazi gy\u00fcm\u00f6lcs snackeket gy\u0171jthet\u0151 j\u00e1t\u00e9kokkal, hogy a nassol\u00e1s m\u00e9g sz\u00f3rakoztat\u00f3bb legyen! Minden Eat &amp; Play doboz tartalmaz: \u2013 K\u00e9t gy\u00fcm\u00f6lcs tekercset (nincs benne cukor, csak gy\u00fcm\u00f6lcs) \u2013 Egy meglepet\u00e9s j\u00e1t\u00e9kot saj\u00e1t n\u00e9vvel \u00e9s szem\u00e9lyis\u00e9ggel \u2013 gy\u0171jtsd \u00f6ssze mindet! \u2013 Egy gy\u0171jt\u0151k\u00e1rty\u00e1t, hogy k\u00f6vethesd a kis csigabrig\u00e1dot! Az Eat &amp; Play Disco t\u00f6k\u00e9letes gyerekzs\u00farokra, [&hellip;]<\/p>\n","protected":false},"featured_media":3332,"comment_status":"open","ping_status":"closed","template":"","meta":[],"product_brand":[],"product_cat":[80],"product_tag":[],"class_list":{"0":"post-3331","1":"product","2":"type-product","3":"status-publish","4":"has-post-thumbnail","6":"product_cat-eatplay","7":"weight_taxonomy-20g","9":"first","10":"instock","11":"shipping-taxable","12":"purchasable","13":"product-type-simple"},"yoast_head":"<!-- This site is optimized with the Yoast SEO plugin v24.7 - https:\/\/yoast.com\/wordpress\/plugins\/seo\/ -->\n<title>EAT&amp;PLAY DISCO - Bob Snail<\/title>\n<meta name=\"description\" content=\"EAT&amp;PLAY DISCO. No added sugar, colourants, or preservatives. My treats are made from all things natural\ud83c\udf1f\" \/>\n<meta name=\"robots\" content=\"noindex, follow, max-snippet:-1, max-image-preview:large, max-video-preview:-1\" \/>\n<meta property=\"og:locale\" content=\"en_US\" \/>\n<meta property=\"og:type\" content=\"article\" \/>\n<meta property=\"og:title\" content=\"EAT&amp;PLAY DISCO - Bob Snail\" \/>\n<meta property=\"og:description\" content=\"EAT&amp;PLAY DISCO. No added sugar, colourants, or preservatives. My treats are made from all things natural\ud83c\udf1f\" \/>\n<meta property=\"og:url\" content=\"https:\/\/www.bob.webolatory.com\/hu\/product\/eatplay-disco\/\" \/>\n<meta property=\"og:site_name\" content=\"Bob Snail\" \/>\n<meta property=\"article:modified_time\" content=\"2025-10-13T12:26:53+00:00\" \/>\n<meta property=\"og:image\" content=\"https:\/\/www.bob.webolatory.com\/hu\/wp-content\/uploads\/sites\/25\/2025\/10\/Hu_eat-play_disco_-1.webp\" \/>\n\t<meta property=\"og:image:width\" content=\"1280\" \/>\n\t<meta property=\"og:image:height\" content=\"1280\" \/>\n\t<meta property=\"og:image:type\" content=\"image\/webp\" \/>\n<meta name=\"twitter:card\" content=\"summary_large_image\" \/>\n<meta name=\"twitter:label1\" content=\"Est. reading time\" \/>\n\t<meta name=\"twitter:data1\" content=\"1 minute\" \/>\n<script type=\"application\/ld+json\" class=\"yoast-schema-graph\">{\"@context\":\"https:\/\/schema.org\",\"@graph\":[{\"@type\":\"WebPage\",\"@id\":\"https:\/\/www.bob.webolatory.com\/hu\/product\/eatplay-disco\/\",\"url\":\"https:\/\/www.bob.webolatory.com\/hu\/product\/eatplay-disco\/\",\"name\":\"EAT&PLAY DISCO - Bob Snail\",\"isPartOf\":{\"@id\":\"https:\/\/www.bob.webolatory.com\/hu\/#website\"},\"primaryImageOfPage\":{\"@id\":\"https:\/\/www.bob.webolatory.com\/hu\/product\/eatplay-disco\/#primaryimage\"},\"image\":{\"@id\":\"https:\/\/www.bob.webolatory.com\/hu\/product\/eatplay-disco\/#primaryimage\"},\"thumbnailUrl\":\"https:\/\/www.bob.webolatory.com\/hu\/wp-content\/uploads\/sites\/25\/2025\/10\/Hu_eat-play_disco_-1.webp\",\"datePublished\":\"2025-10-09T11:38:29+00:00\",\"dateModified\":\"2025-10-13T12:26:53+00:00\",\"description\":\"EAT&PLAY DISCO. No added sugar, colourants, or preservatives. My treats are made from all things natural\ud83c\udf1f\",\"breadcrumb\":{\"@id\":\"https:\/\/www.bob.webolatory.com\/hu\/product\/eatplay-disco\/#breadcrumb\"},\"inLanguage\":\"en-US\",\"potentialAction\":[{\"@type\":\"ReadAction\",\"target\":[\"https:\/\/www.bob.webolatory.com\/hu\/product\/eatplay-disco\/\"]}]},{\"@type\":\"ImageObject\",\"inLanguage\":\"en-US\",\"@id\":\"https:\/\/www.bob.webolatory.com\/hu\/product\/eatplay-disco\/#primaryimage\",\"url\":\"https:\/\/www.bob.webolatory.com\/hu\/wp-content\/uploads\/sites\/25\/2025\/10\/Hu_eat-play_disco_-1.webp\",\"contentUrl\":\"https:\/\/www.bob.webolatory.com\/hu\/wp-content\/uploads\/sites\/25\/2025\/10\/Hu_eat-play_disco_-1.webp\",\"width\":1280,\"height\":1280},{\"@type\":\"BreadcrumbList\",\"@id\":\"https:\/\/www.bob.webolatory.com\/hu\/product\/eatplay-disco\/#breadcrumb\",\"itemListElement\":[{\"@type\":\"ListItem\",\"position\":1,\"name\":\"Home\",\"item\":\"https:\/\/www.bob.webolatory.com\/hu\/\"},{\"@type\":\"ListItem\",\"position\":2,\"name\":\"Products\",\"item\":\"https:\/\/www.bob.webolatory.com\/hu\/shop\/\"},{\"@type\":\"ListItem\",\"position\":3,\"name\":\"EAT&#038;PLAY DISCO\"}]},{\"@type\":\"WebSite\",\"@id\":\"https:\/\/www.bob.webolatory.com\/hu\/#website\",\"url\":\"https:\/\/www.bob.webolatory.com\/hu\/\",\"name\":\"Bob Snail\",\"description\":\"\",\"potentialAction\":[{\"@type\":\"SearchAction\",\"target\":{\"@type\":\"EntryPoint\",\"urlTemplate\":\"https:\/\/www.bob.webolatory.com\/hu\/?s={search_term_string}\"},\"query-input\":{\"@type\":\"PropertyValueSpecification\",\"valueRequired\":true,\"valueName\":\"search_term_string\"}}],\"inLanguage\":\"en-US\"}]}<\/script>\n<!-- \/ Yoast SEO plugin. -->","yoast_head_json":{"title":"EAT&PLAY DISCO - Bob Snail","description":"EAT&PLAY DISCO. No added sugar, colourants, or preservatives. My treats are made from all things natural\ud83c\udf1f","robots":{"index":"noindex","follow":"follow","max-snippet":"max-snippet:-1","max-image-preview":"max-image-preview:large","max-video-preview":"max-video-preview:-1"},"og_locale":"en_US","og_type":"article","og_title":"EAT&PLAY DISCO - Bob Snail","og_description":"EAT&PLAY DISCO. No added sugar, colourants, or preservatives. My treats are made from all things natural\ud83c\udf1f","og_url":"https:\/\/www.bob.webolatory.com\/hu\/product\/eatplay-disco\/","og_site_name":"Bob Snail","article_modified_time":"2025-10-13T12:26:53+00:00","og_image":[{"width":1280,"height":1280,"url":"https:\/\/www.bob.webolatory.com\/hu\/wp-content\/uploads\/sites\/25\/2025\/10\/Hu_eat-play_disco_-1.webp","type":"image\/webp"}],"twitter_card":"summary_large_image","twitter_misc":{"Est. reading time":"1 minute"},"schema":{"@context":"https:\/\/schema.org","@graph":[{"@type":"WebPage","@id":"https:\/\/www.bob.webolatory.com\/hu\/product\/eatplay-disco\/","url":"https:\/\/www.bob.webolatory.com\/hu\/product\/eatplay-disco\/","name":"EAT&PLAY DISCO - Bob Snail","isPartOf":{"@id":"https:\/\/www.bob.webolatory.com\/hu\/#website"},"primaryImageOfPage":{"@id":"https:\/\/www.bob.webolatory.com\/hu\/product\/eatplay-disco\/#primaryimage"},"image":{"@id":"https:\/\/www.bob.webolatory.com\/hu\/product\/eatplay-disco\/#primaryimage"},"thumbnailUrl":"https:\/\/www.bob.webolatory.com\/hu\/wp-content\/uploads\/sites\/25\/2025\/10\/Hu_eat-play_disco_-1.webp","datePublished":"2025-10-09T11:38:29+00:00","dateModified":"2025-10-13T12:26:53+00:00","description":"EAT&PLAY DISCO. No added sugar, colourants, or preservatives. My treats are made from all things natural\ud83c\udf1f","breadcrumb":{"@id":"https:\/\/www.bob.webolatory.com\/hu\/product\/eatplay-disco\/#breadcrumb"},"inLanguage":"en-US","potentialAction":[{"@type":"ReadAction","target":["https:\/\/www.bob.webolatory.com\/hu\/product\/eatplay-disco\/"]}]},{"@type":"ImageObject","inLanguage":"en-US","@id":"https:\/\/www.bob.webolatory.com\/hu\/product\/eatplay-disco\/#primaryimage","url":"https:\/\/www.bob.webolatory.com\/hu\/wp-content\/uploads\/sites\/25\/2025\/10\/Hu_eat-play_disco_-1.webp","contentUrl":"https:\/\/www.bob.webolatory.com\/hu\/wp-content\/uploads\/sites\/25\/2025\/10\/Hu_eat-play_disco_-1.webp","width":1280,"height":1280},{"@type":"BreadcrumbList","@id":"https:\/\/www.bob.webolatory.com\/hu\/product\/eatplay-disco\/#breadcrumb","itemListElement":[{"@type":"ListItem","position":1,"name":"Home","item":"https:\/\/www.bob.webolatory.com\/hu\/"},{"@type":"ListItem","position":2,"name":"Products","item":"https:\/\/www.bob.webolatory.com\/hu\/shop\/"},{"@type":"ListItem","position":3,"name":"EAT&#038;PLAY DISCO"}]},{"@type":"WebSite","@id":"https:\/\/www.bob.webolatory.com\/hu\/#website","url":"https:\/\/www.bob.webolatory.com\/hu\/","name":"Bob Snail","description":"","potentialAction":[{"@type":"SearchAction","target":{"@type":"EntryPoint","urlTemplate":"https:\/\/www.bob.webolatory.com\/hu\/?s={search_term_string}"},"query-input":{"@type":"PropertyValueSpecification","valueRequired":true,"valueName":"search_term_string"}}],"inLanguage":"en-US"}]}},"_links":{"self":[{"href":"https:\/\/www.bob.webolatory.com\/hu\/wp-json\/wp\/v2\/product\/3331","targetHints":{"allow":["GET"]}}],"collection":[{"href":"https:\/\/www.bob.webolatory.com\/hu\/wp-json\/wp\/v2\/product"}],"about":[{"href":"https:\/\/www.bob.webolatory.com\/hu\/wp-json\/wp\/v2\/types\/product"}],"replies":[{"embeddable":true,"href":"https:\/\/www.bob.webolatory.com\/hu\/wp-json\/wp\/v2\/comments?post=3331"}],"wp:featuredmedia":[{"embeddable":true,"href":"https:\/\/www.bob.webolatory.com\/hu\/wp-json\/wp\/v2\/media\/3332"}],"wp:attachment":[{"href":"https:\/\/www.bob.webolatory.com\/hu\/wp-json\/wp\/v2\/media?parent=3331"}],"wp:term":[{"taxonomy":"product_brand","embeddable":true,"href":"https:\/\/www.bob.webolatory.com\/hu\/wp-json\/wp\/v2\/product_brand?post=3331"},{"taxonomy":"product_cat","embeddable":true,"href":"https:\/\/www.bob.webolatory.com\/hu\/wp-json\/wp\/v2\/product_cat?post=3331"},{"taxonomy":"product_tag","embeddable":true,"href":"https:\/\/www.bob.webolatory.com\/hu\/wp-json\/wp\/v2\/product_tag?post=3331"}],"curies":[{"name":"wp","href":"https:\/\/api.w.org\/{rel}","templated":true}]}}