{"id":2821,"date":"2025-05-14T20:29:06","date_gmt":"2025-05-14T20:29:06","guid":{"rendered":"https:\/\/www.bob-snail.com\/pl\/?post_type=product&#038;p=2821"},"modified":"2025-07-27T22:37:38","modified_gmt":"2025-07-27T20:37:38","slug":"rollsy-owocowe-jablko-truskawka","status":"publish","type":"product","link":"https:\/\/www.bob.webolatory.com\/pl\/product\/rollsy-owocowe-jablko-truskawka\/","title":{"rendered":"Rollsy Owocowe Jab\u0142ko-Truskawka"},"content":{"rendered":"<p>Moje rollsy powstaj\u0105 wy\u0142\u0105cznie z owoc\u00f3w. Bez dodatku cukru i dziwnych sk\u0142adnik\u00f3w. Nie zawieraj\u0105 glutenu, nabia\u0142u, orzech\u00f3w ziemnych i innych powszechnych alergen\u00f3w. To bezpieczna i zabawna przek\u0105ska dla niemal ka\u017cdego!<br \/>\nMoje rollsy s\u0105 \u0142atwe do zabrania ze sob\u0105 \u2014 idealnie mieszcz\u0105 si\u0119 w \u015bniadani\u00f3wce, torbie na si\u0142owni\u0119, schowku w aucie czy plecaku.<br \/>\nA ich jedzenie to sama frajda! Gry\u017a, odrywaj kawa\u0142ek po kawa\u0142ku lub rozwijaj, aby owocowa przyjemno\u015b\u0107 trwa\u0142a jeszcze d\u0142u\u017cej!<\/p>\n","protected":false},"excerpt":{"rendered":"<p>Moje rollsy powstaj\u0105 wy\u0142\u0105cznie z owoc\u00f3w. Bez dodatku cukru i dziwnych sk\u0142adnik\u00f3w. Nie zawieraj\u0105 glutenu, nabia\u0142u, orzech\u00f3w ziemnych i innych powszechnych alergen\u00f3w. To bezpieczna i zabawna przek\u0105ska dla niemal ka\u017cdego! Moje rollsy s\u0105 \u0142atwe do zabrania ze sob\u0105 \u2014 idealnie mieszcz\u0105 si\u0119 w \u015bniadani\u00f3wce, torbie na si\u0142owni\u0119, schowku w aucie czy plecaku. A ich jedzenie [&hellip;]<\/p>\n","protected":false},"featured_media":2822,"comment_status":"open","ping_status":"closed","template":"","meta":[],"product_brand":[],"product_cat":[17],"product_tag":[],"class_list":{"0":"post-2821","1":"product","2":"type-product","3":"status-publish","4":"has-post-thumbnail","6":"product_cat-rollsy","7":"weight_taxonomy-30-g","9":"first","10":"instock","11":"shipping-taxable","12":"purchasable","13":"product-type-simple"},"yoast_head":"<!-- This site is optimized with the Yoast SEO plugin v24.7 - https:\/\/yoast.com\/wordpress\/plugins\/seo\/ -->\n<title>Rollsy Owocowe Jab\u0142ko-Truskawka - Bob Snail<\/title>\n<meta name=\"description\" content=\"Rollsy Owocowe Jab\u0142ko-Truskawka. No added sugar, colourants, or preservatives. My treats are made from all things natural\ud83c\udf1f\" \/>\n<meta name=\"robots\" content=\"noindex, follow, max-snippet:-1, max-image-preview:large, max-video-preview:-1\" \/>\n<meta property=\"og:locale\" content=\"pl_PL\" \/>\n<meta property=\"og:type\" content=\"article\" \/>\n<meta property=\"og:title\" content=\"Rollsy Owocowe Jab\u0142ko-Truskawka - Bob Snail\" \/>\n<meta property=\"og:description\" content=\"Rollsy Owocowe Jab\u0142ko-Truskawka. No added sugar, colourants, or preservatives. My treats are made from all things natural\ud83c\udf1f\" \/>\n<meta property=\"og:url\" content=\"https:\/\/www.bob.webolatory.com\/pl\/product\/rollsy-owocowe-jablko-truskawka\/\" \/>\n<meta property=\"og:site_name\" content=\"Bob Snail\" \/>\n<meta property=\"article:modified_time\" content=\"2025-07-27T20:37:38+00:00\" \/>\n<meta property=\"og:image\" content=\"https:\/\/www.bob.webolatory.com\/pl\/wp-content\/uploads\/sites\/23\/2025\/05\/PL_roll_30_straw_-1.webp\" \/>\n\t<meta property=\"og:image:width\" content=\"1280\" \/>\n\t<meta property=\"og:image:height\" content=\"1280\" \/>\n\t<meta property=\"og:image:type\" content=\"image\/webp\" \/>\n<meta name=\"twitter:card\" content=\"summary_large_image\" \/>\n<meta name=\"twitter:label1\" content=\"Szacowany czas czytania\" \/>\n\t<meta name=\"twitter:data1\" content=\"1 minuta\" \/>\n<script type=\"application\/ld+json\" class=\"yoast-schema-graph\">{\"@context\":\"https:\/\/schema.org\",\"@graph\":[{\"@type\":\"WebPage\",\"@id\":\"https:\/\/www.bob.webolatory.com\/pl\/product\/rollsy-owocowe-jablko-truskawka\/\",\"url\":\"https:\/\/www.bob.webolatory.com\/pl\/product\/rollsy-owocowe-jablko-truskawka\/\",\"name\":\"Rollsy Owocowe Jab\u0142ko-Truskawka - Bob Snail\",\"isPartOf\":{\"@id\":\"https:\/\/www.bob.webolatory.com\/pl\/#website\"},\"primaryImageOfPage\":{\"@id\":\"https:\/\/www.bob.webolatory.com\/pl\/product\/rollsy-owocowe-jablko-truskawka\/#primaryimage\"},\"image\":{\"@id\":\"https:\/\/www.bob.webolatory.com\/pl\/product\/rollsy-owocowe-jablko-truskawka\/#primaryimage\"},\"thumbnailUrl\":\"https:\/\/www.bob.webolatory.com\/pl\/wp-content\/uploads\/sites\/23\/2025\/05\/PL_roll_30_straw_-1.webp\",\"datePublished\":\"2025-05-14T20:29:06+00:00\",\"dateModified\":\"2025-07-27T20:37:38+00:00\",\"description\":\"Rollsy Owocowe Jab\u0142ko-Truskawka. No added sugar, colourants, or preservatives. My treats are made from all things natural\ud83c\udf1f\",\"breadcrumb\":{\"@id\":\"https:\/\/www.bob.webolatory.com\/pl\/product\/rollsy-owocowe-jablko-truskawka\/#breadcrumb\"},\"inLanguage\":\"pl-PL\",\"potentialAction\":[{\"@type\":\"ReadAction\",\"target\":[\"https:\/\/www.bob.webolatory.com\/pl\/product\/rollsy-owocowe-jablko-truskawka\/\"]}]},{\"@type\":\"ImageObject\",\"inLanguage\":\"pl-PL\",\"@id\":\"https:\/\/www.bob.webolatory.com\/pl\/product\/rollsy-owocowe-jablko-truskawka\/#primaryimage\",\"url\":\"https:\/\/www.bob.webolatory.com\/pl\/wp-content\/uploads\/sites\/23\/2025\/05\/PL_roll_30_straw_-1.webp\",\"contentUrl\":\"https:\/\/www.bob.webolatory.com\/pl\/wp-content\/uploads\/sites\/23\/2025\/05\/PL_roll_30_straw_-1.webp\",\"width\":1280,\"height\":1280},{\"@type\":\"BreadcrumbList\",\"@id\":\"https:\/\/www.bob.webolatory.com\/pl\/product\/rollsy-owocowe-jablko-truskawka\/#breadcrumb\",\"itemListElement\":[{\"@type\":\"ListItem\",\"position\":1,\"name\":\"Home\",\"item\":\"https:\/\/www.bob.webolatory.com\/pl\/\"},{\"@type\":\"ListItem\",\"position\":2,\"name\":\"Products\",\"item\":\"https:\/\/www.bob.webolatory.com\/pl\/shop\/\"},{\"@type\":\"ListItem\",\"position\":3,\"name\":\"Rollsy Owocowe Jab\u0142ko-Truskawka\"}]},{\"@type\":\"WebSite\",\"@id\":\"https:\/\/www.bob.webolatory.com\/pl\/#website\",\"url\":\"https:\/\/www.bob.webolatory.com\/pl\/\",\"name\":\"Bob Snail\",\"description\":\"\",\"potentialAction\":[{\"@type\":\"SearchAction\",\"target\":{\"@type\":\"EntryPoint\",\"urlTemplate\":\"https:\/\/www.bob.webolatory.com\/pl\/?s={search_term_string}\"},\"query-input\":{\"@type\":\"PropertyValueSpecification\",\"valueRequired\":true,\"valueName\":\"search_term_string\"}}],\"inLanguage\":\"pl-PL\"}]}<\/script>\n<!-- \/ Yoast SEO plugin. -->","yoast_head_json":{"title":"Rollsy Owocowe Jab\u0142ko-Truskawka - Bob Snail","description":"Rollsy Owocowe Jab\u0142ko-Truskawka. No added sugar, colourants, or preservatives. My treats are made from all things natural\ud83c\udf1f","robots":{"index":"noindex","follow":"follow","max-snippet":"max-snippet:-1","max-image-preview":"max-image-preview:large","max-video-preview":"max-video-preview:-1"},"og_locale":"pl_PL","og_type":"article","og_title":"Rollsy Owocowe Jab\u0142ko-Truskawka - Bob Snail","og_description":"Rollsy Owocowe Jab\u0142ko-Truskawka. No added sugar, colourants, or preservatives. My treats are made from all things natural\ud83c\udf1f","og_url":"https:\/\/www.bob.webolatory.com\/pl\/product\/rollsy-owocowe-jablko-truskawka\/","og_site_name":"Bob Snail","article_modified_time":"2025-07-27T20:37:38+00:00","og_image":[{"width":1280,"height":1280,"url":"https:\/\/www.bob.webolatory.com\/pl\/wp-content\/uploads\/sites\/23\/2025\/05\/PL_roll_30_straw_-1.webp","type":"image\/webp"}],"twitter_card":"summary_large_image","twitter_misc":{"Szacowany czas czytania":"1 minuta"},"schema":{"@context":"https:\/\/schema.org","@graph":[{"@type":"WebPage","@id":"https:\/\/www.bob.webolatory.com\/pl\/product\/rollsy-owocowe-jablko-truskawka\/","url":"https:\/\/www.bob.webolatory.com\/pl\/product\/rollsy-owocowe-jablko-truskawka\/","name":"Rollsy Owocowe Jab\u0142ko-Truskawka - Bob Snail","isPartOf":{"@id":"https:\/\/www.bob.webolatory.com\/pl\/#website"},"primaryImageOfPage":{"@id":"https:\/\/www.bob.webolatory.com\/pl\/product\/rollsy-owocowe-jablko-truskawka\/#primaryimage"},"image":{"@id":"https:\/\/www.bob.webolatory.com\/pl\/product\/rollsy-owocowe-jablko-truskawka\/#primaryimage"},"thumbnailUrl":"https:\/\/www.bob.webolatory.com\/pl\/wp-content\/uploads\/sites\/23\/2025\/05\/PL_roll_30_straw_-1.webp","datePublished":"2025-05-14T20:29:06+00:00","dateModified":"2025-07-27T20:37:38+00:00","description":"Rollsy Owocowe Jab\u0142ko-Truskawka. No added sugar, colourants, or preservatives. My treats are made from all things natural\ud83c\udf1f","breadcrumb":{"@id":"https:\/\/www.bob.webolatory.com\/pl\/product\/rollsy-owocowe-jablko-truskawka\/#breadcrumb"},"inLanguage":"pl-PL","potentialAction":[{"@type":"ReadAction","target":["https:\/\/www.bob.webolatory.com\/pl\/product\/rollsy-owocowe-jablko-truskawka\/"]}]},{"@type":"ImageObject","inLanguage":"pl-PL","@id":"https:\/\/www.bob.webolatory.com\/pl\/product\/rollsy-owocowe-jablko-truskawka\/#primaryimage","url":"https:\/\/www.bob.webolatory.com\/pl\/wp-content\/uploads\/sites\/23\/2025\/05\/PL_roll_30_straw_-1.webp","contentUrl":"https:\/\/www.bob.webolatory.com\/pl\/wp-content\/uploads\/sites\/23\/2025\/05\/PL_roll_30_straw_-1.webp","width":1280,"height":1280},{"@type":"BreadcrumbList","@id":"https:\/\/www.bob.webolatory.com\/pl\/product\/rollsy-owocowe-jablko-truskawka\/#breadcrumb","itemListElement":[{"@type":"ListItem","position":1,"name":"Home","item":"https:\/\/www.bob.webolatory.com\/pl\/"},{"@type":"ListItem","position":2,"name":"Products","item":"https:\/\/www.bob.webolatory.com\/pl\/shop\/"},{"@type":"ListItem","position":3,"name":"Rollsy Owocowe Jab\u0142ko-Truskawka"}]},{"@type":"WebSite","@id":"https:\/\/www.bob.webolatory.com\/pl\/#website","url":"https:\/\/www.bob.webolatory.com\/pl\/","name":"Bob Snail","description":"","potentialAction":[{"@type":"SearchAction","target":{"@type":"EntryPoint","urlTemplate":"https:\/\/www.bob.webolatory.com\/pl\/?s={search_term_string}"},"query-input":{"@type":"PropertyValueSpecification","valueRequired":true,"valueName":"search_term_string"}}],"inLanguage":"pl-PL"}]}},"_links":{"self":[{"href":"https:\/\/www.bob.webolatory.com\/pl\/wp-json\/wp\/v2\/product\/2821","targetHints":{"allow":["GET"]}}],"collection":[{"href":"https:\/\/www.bob.webolatory.com\/pl\/wp-json\/wp\/v2\/product"}],"about":[{"href":"https:\/\/www.bob.webolatory.com\/pl\/wp-json\/wp\/v2\/types\/product"}],"replies":[{"embeddable":true,"href":"https:\/\/www.bob.webolatory.com\/pl\/wp-json\/wp\/v2\/comments?post=2821"}],"wp:featuredmedia":[{"embeddable":true,"href":"https:\/\/www.bob.webolatory.com\/pl\/wp-json\/wp\/v2\/media\/2822"}],"wp:attachment":[{"href":"https:\/\/www.bob.webolatory.com\/pl\/wp-json\/wp\/v2\/media?parent=2821"}],"wp:term":[{"taxonomy":"product_brand","embeddable":true,"href":"https:\/\/www.bob.webolatory.com\/pl\/wp-json\/wp\/v2\/product_brand?post=2821"},{"taxonomy":"product_cat","embeddable":true,"href":"https:\/\/www.bob.webolatory.com\/pl\/wp-json\/wp\/v2\/product_cat?post=2821"},{"taxonomy":"product_tag","embeddable":true,"href":"https:\/\/www.bob.webolatory.com\/pl\/wp-json\/wp\/v2\/product_tag?post=2821"}],"curies":[{"name":"wp","href":"https:\/\/api.w.org\/{rel}","templated":true}]}}