{"id":2972,"date":"2025-05-18T19:06:44","date_gmt":"2025-05-18T19:06:44","guid":{"rendered":"https:\/\/www.bob-snail.com\/pl\/?post_type=product&#038;p=2972"},"modified":"2025-05-20T15:35:22","modified_gmt":"2025-05-20T15:35:22","slug":"stripesy-jablko-jablko-gruszka-borowka","status":"publish","type":"product","link":"https:\/\/www.bob.webolatory.com\/pl\/product\/stripesy-jablko-jablko-gruszka-borowka\/","title":{"rendered":"Stripesy Jab\u0142ko-Gruszka-Bor\u00f3wka"},"content":{"rendered":"<p><span style=\"font-weight: 400;\">Moje stripesy powstaj\u0105 tylko z owoc\u00f3w. Bez dodatku cukru, konserwant\u00f3w czy sztucznych dodatk\u00f3w.\u00a0<\/span><\/p>\n<p><span style=\"font-weight: 400;\">S\u0105 wolne od 8 najpopularniejszych alergen\u00f3w (w tym glutenu, nabia\u0142u i orzech\u00f3w ziemnych). Dzi\u0119ki temu s\u0105 bezpieczne i wywo\u0142uj\u0105 u\u015bmiech zar\u00f3wno u dzieci, jak i doros\u0142ych.<\/span><\/p>\n<p><span style=\"font-weight: 400;\">Ka\u017cdy stripes jest osobno zapakowany i gotowy do zabrania ze sob\u0105. Wrzu\u0107 go do kieszeni, \u015bniadani\u00f3wki lub torby. Idealna przek\u0105ska w szkole, w biurze, na spacerze lub po treningu.<\/span><\/p>\n","protected":false},"excerpt":{"rendered":"<p>Moje stripesy powstaj\u0105 tylko z owoc\u00f3w. Bez dodatku cukru, konserwant\u00f3w czy sztucznych dodatk\u00f3w.\u00a0 S\u0105 wolne od 8 najpopularniejszych alergen\u00f3w (w tym glutenu, nabia\u0142u i orzech\u00f3w ziemnych). Dzi\u0119ki temu s\u0105 bezpieczne i wywo\u0142uj\u0105 u\u015bmiech zar\u00f3wno u dzieci, jak i doros\u0142ych. Ka\u017cdy stripes jest osobno zapakowany i gotowy do zabrania ze sob\u0105. Wrzu\u0107 go do kieszeni, \u015bniadani\u00f3wki [&hellip;]<\/p>\n","protected":false},"featured_media":2973,"comment_status":"open","ping_status":"closed","template":"","meta":[],"product_brand":[],"product_cat":[75],"product_tag":[],"class_list":{"0":"post-2972","1":"product","2":"type-product","3":"status-publish","4":"has-post-thumbnail","6":"product_cat-stripesy","7":"weight_taxonomy-14g","9":"first","10":"instock","11":"shipping-taxable","12":"purchasable","13":"product-type-simple"},"yoast_head":"<!-- This site is optimized with the Yoast SEO plugin v24.7 - https:\/\/yoast.com\/wordpress\/plugins\/seo\/ -->\n<title>Stripesy Jab\u0142ko-Gruszka-Bor\u00f3wka - Bob Snail<\/title>\n<meta name=\"description\" content=\"Stripesy Jab\u0142ko-Gruszka-Bor\u00f3wka. No added sugar, colourants, or preservatives. My treats are made from all things natural\ud83c\udf1f\" \/>\n<meta name=\"robots\" content=\"noindex, follow, max-snippet:-1, max-image-preview:large, max-video-preview:-1\" \/>\n<meta property=\"og:locale\" content=\"pl_PL\" \/>\n<meta property=\"og:type\" content=\"article\" \/>\n<meta property=\"og:title\" content=\"Stripesy Jab\u0142ko-Gruszka-Bor\u00f3wka - Bob Snail\" \/>\n<meta property=\"og:description\" content=\"Stripesy Jab\u0142ko-Gruszka-Bor\u00f3wka. No added sugar, colourants, or preservatives. My treats are made from all things natural\ud83c\udf1f\" \/>\n<meta property=\"og:url\" content=\"https:\/\/www.bob.webolatory.com\/pl\/product\/stripesy-jablko-jablko-gruszka-borowka\/\" \/>\n<meta property=\"og:site_name\" content=\"Bob Snail\" \/>\n<meta property=\"article:modified_time\" content=\"2025-05-20T15:35:22+00:00\" \/>\n<meta property=\"og:image\" content=\"https:\/\/www.bob.webolatory.com\/pl\/wp-content\/uploads\/sites\/23\/2025\/05\/PL_stripe_14_blue_-1.webp\" \/>\n\t<meta property=\"og:image:width\" content=\"1280\" \/>\n\t<meta property=\"og:image:height\" content=\"1280\" \/>\n\t<meta property=\"og:image:type\" content=\"image\/webp\" \/>\n<meta name=\"twitter:card\" content=\"summary_large_image\" \/>\n<meta name=\"twitter:label1\" content=\"Szacowany czas czytania\" \/>\n\t<meta name=\"twitter:data1\" content=\"1 minuta\" \/>\n<script type=\"application\/ld+json\" class=\"yoast-schema-graph\">{\"@context\":\"https:\/\/schema.org\",\"@graph\":[{\"@type\":\"WebPage\",\"@id\":\"https:\/\/www.bob.webolatory.com\/pl\/product\/stripesy-jablko-jablko-gruszka-borowka\/\",\"url\":\"https:\/\/www.bob.webolatory.com\/pl\/product\/stripesy-jablko-jablko-gruszka-borowka\/\",\"name\":\"Stripesy Jab\u0142ko-Gruszka-Bor\u00f3wka - Bob Snail\",\"isPartOf\":{\"@id\":\"https:\/\/www.bob.webolatory.com\/pl\/#website\"},\"primaryImageOfPage\":{\"@id\":\"https:\/\/www.bob.webolatory.com\/pl\/product\/stripesy-jablko-jablko-gruszka-borowka\/#primaryimage\"},\"image\":{\"@id\":\"https:\/\/www.bob.webolatory.com\/pl\/product\/stripesy-jablko-jablko-gruszka-borowka\/#primaryimage\"},\"thumbnailUrl\":\"https:\/\/www.bob.webolatory.com\/pl\/wp-content\/uploads\/sites\/23\/2025\/05\/PL_stripe_14_blue_-1.webp\",\"datePublished\":\"2025-05-18T19:06:44+00:00\",\"dateModified\":\"2025-05-20T15:35:22+00:00\",\"description\":\"Stripesy Jab\u0142ko-Gruszka-Bor\u00f3wka. No added sugar, colourants, or preservatives. My treats are made from all things natural\ud83c\udf1f\",\"breadcrumb\":{\"@id\":\"https:\/\/www.bob.webolatory.com\/pl\/product\/stripesy-jablko-jablko-gruszka-borowka\/#breadcrumb\"},\"inLanguage\":\"pl-PL\",\"potentialAction\":[{\"@type\":\"ReadAction\",\"target\":[\"https:\/\/www.bob.webolatory.com\/pl\/product\/stripesy-jablko-jablko-gruszka-borowka\/\"]}]},{\"@type\":\"ImageObject\",\"inLanguage\":\"pl-PL\",\"@id\":\"https:\/\/www.bob.webolatory.com\/pl\/product\/stripesy-jablko-jablko-gruszka-borowka\/#primaryimage\",\"url\":\"https:\/\/www.bob.webolatory.com\/pl\/wp-content\/uploads\/sites\/23\/2025\/05\/PL_stripe_14_blue_-1.webp\",\"contentUrl\":\"https:\/\/www.bob.webolatory.com\/pl\/wp-content\/uploads\/sites\/23\/2025\/05\/PL_stripe_14_blue_-1.webp\",\"width\":1280,\"height\":1280},{\"@type\":\"BreadcrumbList\",\"@id\":\"https:\/\/www.bob.webolatory.com\/pl\/product\/stripesy-jablko-jablko-gruszka-borowka\/#breadcrumb\",\"itemListElement\":[{\"@type\":\"ListItem\",\"position\":1,\"name\":\"Home\",\"item\":\"https:\/\/www.bob.webolatory.com\/pl\/\"},{\"@type\":\"ListItem\",\"position\":2,\"name\":\"Products\",\"item\":\"https:\/\/www.bob.webolatory.com\/pl\/shop\/\"},{\"@type\":\"ListItem\",\"position\":3,\"name\":\"Stripesy Jab\u0142ko-Gruszka-Bor\u00f3wka\"}]},{\"@type\":\"WebSite\",\"@id\":\"https:\/\/www.bob.webolatory.com\/pl\/#website\",\"url\":\"https:\/\/www.bob.webolatory.com\/pl\/\",\"name\":\"Bob Snail\",\"description\":\"\",\"potentialAction\":[{\"@type\":\"SearchAction\",\"target\":{\"@type\":\"EntryPoint\",\"urlTemplate\":\"https:\/\/www.bob.webolatory.com\/pl\/?s={search_term_string}\"},\"query-input\":{\"@type\":\"PropertyValueSpecification\",\"valueRequired\":true,\"valueName\":\"search_term_string\"}}],\"inLanguage\":\"pl-PL\"}]}<\/script>\n<!-- \/ Yoast SEO plugin. -->","yoast_head_json":{"title":"Stripesy Jab\u0142ko-Gruszka-Bor\u00f3wka - Bob Snail","description":"Stripesy Jab\u0142ko-Gruszka-Bor\u00f3wka. No added sugar, colourants, or preservatives. My treats are made from all things natural\ud83c\udf1f","robots":{"index":"noindex","follow":"follow","max-snippet":"max-snippet:-1","max-image-preview":"max-image-preview:large","max-video-preview":"max-video-preview:-1"},"og_locale":"pl_PL","og_type":"article","og_title":"Stripesy Jab\u0142ko-Gruszka-Bor\u00f3wka - Bob Snail","og_description":"Stripesy Jab\u0142ko-Gruszka-Bor\u00f3wka. No added sugar, colourants, or preservatives. My treats are made from all things natural\ud83c\udf1f","og_url":"https:\/\/www.bob.webolatory.com\/pl\/product\/stripesy-jablko-jablko-gruszka-borowka\/","og_site_name":"Bob Snail","article_modified_time":"2025-05-20T15:35:22+00:00","og_image":[{"width":1280,"height":1280,"url":"https:\/\/www.bob.webolatory.com\/pl\/wp-content\/uploads\/sites\/23\/2025\/05\/PL_stripe_14_blue_-1.webp","type":"image\/webp"}],"twitter_card":"summary_large_image","twitter_misc":{"Szacowany czas czytania":"1 minuta"},"schema":{"@context":"https:\/\/schema.org","@graph":[{"@type":"WebPage","@id":"https:\/\/www.bob.webolatory.com\/pl\/product\/stripesy-jablko-jablko-gruszka-borowka\/","url":"https:\/\/www.bob.webolatory.com\/pl\/product\/stripesy-jablko-jablko-gruszka-borowka\/","name":"Stripesy Jab\u0142ko-Gruszka-Bor\u00f3wka - Bob Snail","isPartOf":{"@id":"https:\/\/www.bob.webolatory.com\/pl\/#website"},"primaryImageOfPage":{"@id":"https:\/\/www.bob.webolatory.com\/pl\/product\/stripesy-jablko-jablko-gruszka-borowka\/#primaryimage"},"image":{"@id":"https:\/\/www.bob.webolatory.com\/pl\/product\/stripesy-jablko-jablko-gruszka-borowka\/#primaryimage"},"thumbnailUrl":"https:\/\/www.bob.webolatory.com\/pl\/wp-content\/uploads\/sites\/23\/2025\/05\/PL_stripe_14_blue_-1.webp","datePublished":"2025-05-18T19:06:44+00:00","dateModified":"2025-05-20T15:35:22+00:00","description":"Stripesy Jab\u0142ko-Gruszka-Bor\u00f3wka. No added sugar, colourants, or preservatives. My treats are made from all things natural\ud83c\udf1f","breadcrumb":{"@id":"https:\/\/www.bob.webolatory.com\/pl\/product\/stripesy-jablko-jablko-gruszka-borowka\/#breadcrumb"},"inLanguage":"pl-PL","potentialAction":[{"@type":"ReadAction","target":["https:\/\/www.bob.webolatory.com\/pl\/product\/stripesy-jablko-jablko-gruszka-borowka\/"]}]},{"@type":"ImageObject","inLanguage":"pl-PL","@id":"https:\/\/www.bob.webolatory.com\/pl\/product\/stripesy-jablko-jablko-gruszka-borowka\/#primaryimage","url":"https:\/\/www.bob.webolatory.com\/pl\/wp-content\/uploads\/sites\/23\/2025\/05\/PL_stripe_14_blue_-1.webp","contentUrl":"https:\/\/www.bob.webolatory.com\/pl\/wp-content\/uploads\/sites\/23\/2025\/05\/PL_stripe_14_blue_-1.webp","width":1280,"height":1280},{"@type":"BreadcrumbList","@id":"https:\/\/www.bob.webolatory.com\/pl\/product\/stripesy-jablko-jablko-gruszka-borowka\/#breadcrumb","itemListElement":[{"@type":"ListItem","position":1,"name":"Home","item":"https:\/\/www.bob.webolatory.com\/pl\/"},{"@type":"ListItem","position":2,"name":"Products","item":"https:\/\/www.bob.webolatory.com\/pl\/shop\/"},{"@type":"ListItem","position":3,"name":"Stripesy Jab\u0142ko-Gruszka-Bor\u00f3wka"}]},{"@type":"WebSite","@id":"https:\/\/www.bob.webolatory.com\/pl\/#website","url":"https:\/\/www.bob.webolatory.com\/pl\/","name":"Bob Snail","description":"","potentialAction":[{"@type":"SearchAction","target":{"@type":"EntryPoint","urlTemplate":"https:\/\/www.bob.webolatory.com\/pl\/?s={search_term_string}"},"query-input":{"@type":"PropertyValueSpecification","valueRequired":true,"valueName":"search_term_string"}}],"inLanguage":"pl-PL"}]}},"_links":{"self":[{"href":"https:\/\/www.bob.webolatory.com\/pl\/wp-json\/wp\/v2\/product\/2972","targetHints":{"allow":["GET"]}}],"collection":[{"href":"https:\/\/www.bob.webolatory.com\/pl\/wp-json\/wp\/v2\/product"}],"about":[{"href":"https:\/\/www.bob.webolatory.com\/pl\/wp-json\/wp\/v2\/types\/product"}],"replies":[{"embeddable":true,"href":"https:\/\/www.bob.webolatory.com\/pl\/wp-json\/wp\/v2\/comments?post=2972"}],"wp:featuredmedia":[{"embeddable":true,"href":"https:\/\/www.bob.webolatory.com\/pl\/wp-json\/wp\/v2\/media\/2973"}],"wp:attachment":[{"href":"https:\/\/www.bob.webolatory.com\/pl\/wp-json\/wp\/v2\/media?parent=2972"}],"wp:term":[{"taxonomy":"product_brand","embeddable":true,"href":"https:\/\/www.bob.webolatory.com\/pl\/wp-json\/wp\/v2\/product_brand?post=2972"},{"taxonomy":"product_cat","embeddable":true,"href":"https:\/\/www.bob.webolatory.com\/pl\/wp-json\/wp\/v2\/product_cat?post=2972"},{"taxonomy":"product_tag","embeddable":true,"href":"https:\/\/www.bob.webolatory.com\/pl\/wp-json\/wp\/v2\/product_tag?post=2972"}],"curies":[{"name":"wp","href":"https:\/\/api.w.org\/{rel}","templated":true}]}}