{"id":3045,"date":"2025-05-18T19:33:25","date_gmt":"2025-05-18T19:33:25","guid":{"rendered":"https:\/\/www.bob-snail.com\/pl\/?post_type=product&#038;p=3045"},"modified":"2025-05-18T19:36:18","modified_gmt":"2025-05-18T19:36:18","slug":"galaretki-owocowe-gruszka-pomarancza","status":"publish","type":"product","link":"https:\/\/www.bob.webolatory.com\/pl\/product\/galaretki-owocowe-gruszka-pomarancza\/","title":{"rendered":"Galaretki Owocowe Gruszka-Pomara\u0144cza"},"content":{"rendered":"<p><span style=\"font-weight: 400;\">Tworz\u0119 galaretki z zag\u0119szczonego soku owocowego \u2014 bez dodatku cukru, \u017celatyny i glutenu. Tylko czyste, ro\u015blinne sk\u0142adniki i odrobina agaru, by by\u0142y naturalnie spr\u0119\u017cyste.<\/span><\/p>\n<p><span style=\"font-weight: 400;\">Ka\u017cda galaretka jest osobno zapakowana, wi\u0119c mo\u017cesz j\u0105 zabra\u0107 ze sob\u0105 wsz\u0119dzie \u2014 wrzuci\u0107 do \u015bniadani\u00f3wki, plecaka lub trzyma\u0107 kilka na biurku.<\/span><\/p>\n<p><span style=\"font-weight: 400;\">Galaretki owocowe s\u0105 mi\u0119kkie, spr\u0119\u017cyste i pe\u0142ne owocowego smaku \u2014 idealne, gdy masz ochot\u0119 na co\u015b s\u0142odkiego, ale chcesz wybra\u0107 zdrowsz\u0105 opcj\u0119.<\/span><\/p>\n","protected":false},"excerpt":{"rendered":"<p>Tworz\u0119 galaretki z zag\u0119szczonego soku owocowego \u2014 bez dodatku cukru, \u017celatyny i glutenu. Tylko czyste, ro\u015blinne sk\u0142adniki i odrobina agaru, by by\u0142y naturalnie spr\u0119\u017cyste. Ka\u017cda galaretka jest osobno zapakowana, wi\u0119c mo\u017cesz j\u0105 zabra\u0107 ze sob\u0105 wsz\u0119dzie \u2014 wrzuci\u0107 do \u015bniadani\u00f3wki, plecaka lub trzyma\u0107 kilka na biurku. Galaretki owocowe s\u0105 mi\u0119kkie, spr\u0119\u017cyste i pe\u0142ne owocowego smaku [&hellip;]<\/p>\n","protected":false},"featured_media":3046,"comment_status":"open","ping_status":"closed","template":"","meta":[],"product_brand":[],"product_cat":[76],"product_tag":[],"class_list":{"0":"post-3045","1":"product","2":"type-product","3":"status-publish","4":"has-post-thumbnail","6":"product_cat-galaretki","7":"weight_taxonomy-27g","9":"first","10":"instock","11":"shipping-taxable","12":"purchasable","13":"product-type-simple"},"yoast_head":"<!-- This site is optimized with the Yoast SEO plugin v24.7 - https:\/\/yoast.com\/wordpress\/plugins\/seo\/ -->\n<title>Galaretki Owocowe Gruszka-Pomara\u0144cza - Bob Snail<\/title>\n<meta name=\"description\" content=\"Galaretki Owocowe Gruszka-Pomara\u0144cza. No added sugar, colourants, or preservatives. My treats are made from all things natural\ud83c\udf1f\" \/>\n<meta name=\"robots\" content=\"noindex, follow, max-snippet:-1, max-image-preview:large, max-video-preview:-1\" \/>\n<meta property=\"og:locale\" content=\"pl_PL\" \/>\n<meta property=\"og:type\" content=\"article\" \/>\n<meta property=\"og:title\" content=\"Galaretki Owocowe Gruszka-Pomara\u0144cza - Bob Snail\" \/>\n<meta property=\"og:description\" content=\"Galaretki Owocowe Gruszka-Pomara\u0144cza. No added sugar, colourants, or preservatives. My treats are made from all things natural\ud83c\udf1f\" \/>\n<meta property=\"og:url\" content=\"https:\/\/www.bob.webolatory.com\/pl\/product\/galaretki-owocowe-gruszka-pomarancza\/\" \/>\n<meta property=\"og:site_name\" content=\"Bob Snail\" \/>\n<meta property=\"article:modified_time\" content=\"2025-05-18T19:36:18+00:00\" \/>\n<meta property=\"og:image\" content=\"https:\/\/www.bob.webolatory.com\/pl\/wp-content\/uploads\/sites\/23\/2025\/05\/PL_Jelly_27_pear_orange_-1.webp\" \/>\n\t<meta property=\"og:image:width\" content=\"1280\" \/>\n\t<meta property=\"og:image:height\" content=\"1280\" \/>\n\t<meta property=\"og:image:type\" content=\"image\/webp\" \/>\n<meta name=\"twitter:card\" content=\"summary_large_image\" \/>\n<meta name=\"twitter:label1\" content=\"Szacowany czas czytania\" \/>\n\t<meta name=\"twitter:data1\" content=\"1 minuta\" \/>\n<script type=\"application\/ld+json\" class=\"yoast-schema-graph\">{\"@context\":\"https:\/\/schema.org\",\"@graph\":[{\"@type\":\"WebPage\",\"@id\":\"https:\/\/www.bob.webolatory.com\/pl\/product\/galaretki-owocowe-gruszka-pomarancza\/\",\"url\":\"https:\/\/www.bob.webolatory.com\/pl\/product\/galaretki-owocowe-gruszka-pomarancza\/\",\"name\":\"Galaretki Owocowe Gruszka-Pomara\u0144cza - Bob Snail\",\"isPartOf\":{\"@id\":\"https:\/\/www.bob.webolatory.com\/pl\/#website\"},\"primaryImageOfPage\":{\"@id\":\"https:\/\/www.bob.webolatory.com\/pl\/product\/galaretki-owocowe-gruszka-pomarancza\/#primaryimage\"},\"image\":{\"@id\":\"https:\/\/www.bob.webolatory.com\/pl\/product\/galaretki-owocowe-gruszka-pomarancza\/#primaryimage\"},\"thumbnailUrl\":\"https:\/\/www.bob.webolatory.com\/pl\/wp-content\/uploads\/sites\/23\/2025\/05\/PL_Jelly_27_pear_orange_-1.webp\",\"datePublished\":\"2025-05-18T19:33:25+00:00\",\"dateModified\":\"2025-05-18T19:36:18+00:00\",\"description\":\"Galaretki Owocowe Gruszka-Pomara\u0144cza. No added sugar, colourants, or preservatives. My treats are made from all things natural\ud83c\udf1f\",\"breadcrumb\":{\"@id\":\"https:\/\/www.bob.webolatory.com\/pl\/product\/galaretki-owocowe-gruszka-pomarancza\/#breadcrumb\"},\"inLanguage\":\"pl-PL\",\"potentialAction\":[{\"@type\":\"ReadAction\",\"target\":[\"https:\/\/www.bob.webolatory.com\/pl\/product\/galaretki-owocowe-gruszka-pomarancza\/\"]}]},{\"@type\":\"ImageObject\",\"inLanguage\":\"pl-PL\",\"@id\":\"https:\/\/www.bob.webolatory.com\/pl\/product\/galaretki-owocowe-gruszka-pomarancza\/#primaryimage\",\"url\":\"https:\/\/www.bob.webolatory.com\/pl\/wp-content\/uploads\/sites\/23\/2025\/05\/PL_Jelly_27_pear_orange_-1.webp\",\"contentUrl\":\"https:\/\/www.bob.webolatory.com\/pl\/wp-content\/uploads\/sites\/23\/2025\/05\/PL_Jelly_27_pear_orange_-1.webp\",\"width\":1280,\"height\":1280},{\"@type\":\"BreadcrumbList\",\"@id\":\"https:\/\/www.bob.webolatory.com\/pl\/product\/galaretki-owocowe-gruszka-pomarancza\/#breadcrumb\",\"itemListElement\":[{\"@type\":\"ListItem\",\"position\":1,\"name\":\"Home\",\"item\":\"https:\/\/www.bob.webolatory.com\/pl\/\"},{\"@type\":\"ListItem\",\"position\":2,\"name\":\"Products\",\"item\":\"https:\/\/www.bob.webolatory.com\/pl\/shop\/\"},{\"@type\":\"ListItem\",\"position\":3,\"name\":\"Galaretki Owocowe Gruszka-Pomara\u0144cza\"}]},{\"@type\":\"WebSite\",\"@id\":\"https:\/\/www.bob.webolatory.com\/pl\/#website\",\"url\":\"https:\/\/www.bob.webolatory.com\/pl\/\",\"name\":\"Bob Snail\",\"description\":\"\",\"potentialAction\":[{\"@type\":\"SearchAction\",\"target\":{\"@type\":\"EntryPoint\",\"urlTemplate\":\"https:\/\/www.bob.webolatory.com\/pl\/?s={search_term_string}\"},\"query-input\":{\"@type\":\"PropertyValueSpecification\",\"valueRequired\":true,\"valueName\":\"search_term_string\"}}],\"inLanguage\":\"pl-PL\"}]}<\/script>\n<!-- \/ Yoast SEO plugin. -->","yoast_head_json":{"title":"Galaretki Owocowe Gruszka-Pomara\u0144cza - Bob Snail","description":"Galaretki Owocowe Gruszka-Pomara\u0144cza. No added sugar, colourants, or preservatives. My treats are made from all things natural\ud83c\udf1f","robots":{"index":"noindex","follow":"follow","max-snippet":"max-snippet:-1","max-image-preview":"max-image-preview:large","max-video-preview":"max-video-preview:-1"},"og_locale":"pl_PL","og_type":"article","og_title":"Galaretki Owocowe Gruszka-Pomara\u0144cza - Bob Snail","og_description":"Galaretki Owocowe Gruszka-Pomara\u0144cza. No added sugar, colourants, or preservatives. My treats are made from all things natural\ud83c\udf1f","og_url":"https:\/\/www.bob.webolatory.com\/pl\/product\/galaretki-owocowe-gruszka-pomarancza\/","og_site_name":"Bob Snail","article_modified_time":"2025-05-18T19:36:18+00:00","og_image":[{"width":1280,"height":1280,"url":"https:\/\/www.bob.webolatory.com\/pl\/wp-content\/uploads\/sites\/23\/2025\/05\/PL_Jelly_27_pear_orange_-1.webp","type":"image\/webp"}],"twitter_card":"summary_large_image","twitter_misc":{"Szacowany czas czytania":"1 minuta"},"schema":{"@context":"https:\/\/schema.org","@graph":[{"@type":"WebPage","@id":"https:\/\/www.bob.webolatory.com\/pl\/product\/galaretki-owocowe-gruszka-pomarancza\/","url":"https:\/\/www.bob.webolatory.com\/pl\/product\/galaretki-owocowe-gruszka-pomarancza\/","name":"Galaretki Owocowe Gruszka-Pomara\u0144cza - Bob Snail","isPartOf":{"@id":"https:\/\/www.bob.webolatory.com\/pl\/#website"},"primaryImageOfPage":{"@id":"https:\/\/www.bob.webolatory.com\/pl\/product\/galaretki-owocowe-gruszka-pomarancza\/#primaryimage"},"image":{"@id":"https:\/\/www.bob.webolatory.com\/pl\/product\/galaretki-owocowe-gruszka-pomarancza\/#primaryimage"},"thumbnailUrl":"https:\/\/www.bob.webolatory.com\/pl\/wp-content\/uploads\/sites\/23\/2025\/05\/PL_Jelly_27_pear_orange_-1.webp","datePublished":"2025-05-18T19:33:25+00:00","dateModified":"2025-05-18T19:36:18+00:00","description":"Galaretki Owocowe Gruszka-Pomara\u0144cza. No added sugar, colourants, or preservatives. My treats are made from all things natural\ud83c\udf1f","breadcrumb":{"@id":"https:\/\/www.bob.webolatory.com\/pl\/product\/galaretki-owocowe-gruszka-pomarancza\/#breadcrumb"},"inLanguage":"pl-PL","potentialAction":[{"@type":"ReadAction","target":["https:\/\/www.bob.webolatory.com\/pl\/product\/galaretki-owocowe-gruszka-pomarancza\/"]}]},{"@type":"ImageObject","inLanguage":"pl-PL","@id":"https:\/\/www.bob.webolatory.com\/pl\/product\/galaretki-owocowe-gruszka-pomarancza\/#primaryimage","url":"https:\/\/www.bob.webolatory.com\/pl\/wp-content\/uploads\/sites\/23\/2025\/05\/PL_Jelly_27_pear_orange_-1.webp","contentUrl":"https:\/\/www.bob.webolatory.com\/pl\/wp-content\/uploads\/sites\/23\/2025\/05\/PL_Jelly_27_pear_orange_-1.webp","width":1280,"height":1280},{"@type":"BreadcrumbList","@id":"https:\/\/www.bob.webolatory.com\/pl\/product\/galaretki-owocowe-gruszka-pomarancza\/#breadcrumb","itemListElement":[{"@type":"ListItem","position":1,"name":"Home","item":"https:\/\/www.bob.webolatory.com\/pl\/"},{"@type":"ListItem","position":2,"name":"Products","item":"https:\/\/www.bob.webolatory.com\/pl\/shop\/"},{"@type":"ListItem","position":3,"name":"Galaretki Owocowe Gruszka-Pomara\u0144cza"}]},{"@type":"WebSite","@id":"https:\/\/www.bob.webolatory.com\/pl\/#website","url":"https:\/\/www.bob.webolatory.com\/pl\/","name":"Bob Snail","description":"","potentialAction":[{"@type":"SearchAction","target":{"@type":"EntryPoint","urlTemplate":"https:\/\/www.bob.webolatory.com\/pl\/?s={search_term_string}"},"query-input":{"@type":"PropertyValueSpecification","valueRequired":true,"valueName":"search_term_string"}}],"inLanguage":"pl-PL"}]}},"_links":{"self":[{"href":"https:\/\/www.bob.webolatory.com\/pl\/wp-json\/wp\/v2\/product\/3045","targetHints":{"allow":["GET"]}}],"collection":[{"href":"https:\/\/www.bob.webolatory.com\/pl\/wp-json\/wp\/v2\/product"}],"about":[{"href":"https:\/\/www.bob.webolatory.com\/pl\/wp-json\/wp\/v2\/types\/product"}],"replies":[{"embeddable":true,"href":"https:\/\/www.bob.webolatory.com\/pl\/wp-json\/wp\/v2\/comments?post=3045"}],"wp:featuredmedia":[{"embeddable":true,"href":"https:\/\/www.bob.webolatory.com\/pl\/wp-json\/wp\/v2\/media\/3046"}],"wp:attachment":[{"href":"https:\/\/www.bob.webolatory.com\/pl\/wp-json\/wp\/v2\/media?parent=3045"}],"wp:term":[{"taxonomy":"product_brand","embeddable":true,"href":"https:\/\/www.bob.webolatory.com\/pl\/wp-json\/wp\/v2\/product_brand?post=3045"},{"taxonomy":"product_cat","embeddable":true,"href":"https:\/\/www.bob.webolatory.com\/pl\/wp-json\/wp\/v2\/product_cat?post=3045"},{"taxonomy":"product_tag","embeddable":true,"href":"https:\/\/www.bob.webolatory.com\/pl\/wp-json\/wp\/v2\/product_tag?post=3045"}],"curies":[{"name":"wp","href":"https:\/\/api.w.org\/{rel}","templated":true}]}}