{"id":3114,"date":"2025-05-20T19:16:15","date_gmt":"2025-05-20T19:16:15","guid":{"rendered":"https:\/\/www.bob-snail.com\/pl\/?post_type=product&#038;p=3114"},"modified":"2025-05-20T19:18:01","modified_gmt":"2025-05-20T19:18:01","slug":"zelki-malina","status":"publish","type":"product","link":"https:\/\/www.bob.webolatory.com\/pl\/product\/zelki-malina\/","title":{"rendered":"\u017belki Owocowe Malina"},"content":{"rendered":"<p><span style=\"font-weight: 400;\">Moje \u017celki owocowe powstaj\u0105 wy\u0142\u0105cznie z owoc\u00f3w \u2014 bez dodatku cukru i sztucznych sk\u0142adnik\u00f3w. Nie zawieraj\u0105 glutenu, nabia\u0142u, orzech\u00f3w ziemnych ani innych popularnych alergen\u00f3w, co czyni je bezpieczn\u0105 przek\u0105sk\u0105 dla niemal ka\u017cdego!<\/span><\/p>\n<p><span style=\"font-weight: 400;\">Mo\u017cna je \u0142atwo zabra\u0107 ze sob\u0105 wsz\u0119dzie \u2014 do szko\u0142y, na plac zabaw, do biura, na spacery i wycieczki.<\/span><\/p>\n<p><span style=\"font-weight: 400;\">Zabawne kszta\u0142ty owoc\u00f3w i \u015blimaczk\u00f3w sprawiaj\u0105, \u017ce \u017celki owocowe zamieniaj\u0105 ka\u017cdy k\u0119s w prawdziw\u0105 przygod\u0119!<\/span><\/p>\n","protected":false},"excerpt":{"rendered":"<p>Moje \u017celki owocowe powstaj\u0105 wy\u0142\u0105cznie z owoc\u00f3w \u2014 bez dodatku cukru i sztucznych sk\u0142adnik\u00f3w. Nie zawieraj\u0105 glutenu, nabia\u0142u, orzech\u00f3w ziemnych ani innych popularnych alergen\u00f3w, co czyni je bezpieczn\u0105 przek\u0105sk\u0105 dla niemal ka\u017cdego! Mo\u017cna je \u0142atwo zabra\u0107 ze sob\u0105 wsz\u0119dzie \u2014 do szko\u0142y, na plac zabaw, do biura, na spacery i wycieczki. Zabawne kszta\u0142ty owoc\u00f3w i [&hellip;]<\/p>\n","protected":false},"featured_media":3115,"comment_status":"open","ping_status":"closed","template":"","meta":[],"product_brand":[],"product_cat":[79],"product_tag":[],"class_list":{"0":"post-3114","1":"product","2":"type-product","3":"status-publish","4":"has-post-thumbnail","6":"product_cat-zelki_owocowe","7":"weight_taxonomy-40g","9":"first","10":"instock","11":"shipping-taxable","12":"purchasable","13":"product-type-simple"},"yoast_head":"<!-- This site is optimized with the Yoast SEO plugin v24.7 - https:\/\/yoast.com\/wordpress\/plugins\/seo\/ -->\n<title>\u017belki Owocowe Malina - Bob Snail<\/title>\n<meta name=\"description\" content=\"\u017belki Owocowe Malina. No added sugar, colourants, or preservatives. My treats are made from all things natural\ud83c\udf1f\" \/>\n<meta name=\"robots\" content=\"noindex, follow, max-snippet:-1, max-image-preview:large, max-video-preview:-1\" \/>\n<meta property=\"og:locale\" content=\"pl_PL\" \/>\n<meta property=\"og:type\" content=\"article\" \/>\n<meta property=\"og:title\" content=\"\u017belki Owocowe Malina - Bob Snail\" \/>\n<meta property=\"og:description\" content=\"\u017belki Owocowe Malina. No added sugar, colourants, or preservatives. My treats are made from all things natural\ud83c\udf1f\" \/>\n<meta property=\"og:url\" content=\"https:\/\/www.bob.webolatory.com\/pl\/product\/zelki-malina\/\" \/>\n<meta property=\"og:site_name\" content=\"Bob Snail\" \/>\n<meta property=\"article:modified_time\" content=\"2025-05-20T19:18:01+00:00\" \/>\n<meta property=\"og:image\" content=\"https:\/\/www.bob.webolatory.com\/pl\/wp-content\/uploads\/sites\/23\/2025\/05\/PL_fruit_snack_40-raspb_-1.webp\" \/>\n\t<meta property=\"og:image:width\" content=\"1280\" \/>\n\t<meta property=\"og:image:height\" content=\"1280\" \/>\n\t<meta property=\"og:image:type\" content=\"image\/webp\" \/>\n<meta name=\"twitter:card\" content=\"summary_large_image\" \/>\n<meta name=\"twitter:label1\" content=\"Szacowany czas czytania\" \/>\n\t<meta name=\"twitter:data1\" content=\"1 minuta\" \/>\n<script type=\"application\/ld+json\" class=\"yoast-schema-graph\">{\"@context\":\"https:\/\/schema.org\",\"@graph\":[{\"@type\":\"WebPage\",\"@id\":\"https:\/\/www.bob.webolatory.com\/pl\/product\/zelki-malina\/\",\"url\":\"https:\/\/www.bob.webolatory.com\/pl\/product\/zelki-malina\/\",\"name\":\"\u017belki Owocowe Malina - Bob Snail\",\"isPartOf\":{\"@id\":\"https:\/\/www.bob.webolatory.com\/pl\/#website\"},\"primaryImageOfPage\":{\"@id\":\"https:\/\/www.bob.webolatory.com\/pl\/product\/zelki-malina\/#primaryimage\"},\"image\":{\"@id\":\"https:\/\/www.bob.webolatory.com\/pl\/product\/zelki-malina\/#primaryimage\"},\"thumbnailUrl\":\"https:\/\/www.bob.webolatory.com\/pl\/wp-content\/uploads\/sites\/23\/2025\/05\/PL_fruit_snack_40-raspb_-1.webp\",\"datePublished\":\"2025-05-20T19:16:15+00:00\",\"dateModified\":\"2025-05-20T19:18:01+00:00\",\"description\":\"\u017belki Owocowe Malina. No added sugar, colourants, or preservatives. My treats are made from all things natural\ud83c\udf1f\",\"breadcrumb\":{\"@id\":\"https:\/\/www.bob.webolatory.com\/pl\/product\/zelki-malina\/#breadcrumb\"},\"inLanguage\":\"pl-PL\",\"potentialAction\":[{\"@type\":\"ReadAction\",\"target\":[\"https:\/\/www.bob.webolatory.com\/pl\/product\/zelki-malina\/\"]}]},{\"@type\":\"ImageObject\",\"inLanguage\":\"pl-PL\",\"@id\":\"https:\/\/www.bob.webolatory.com\/pl\/product\/zelki-malina\/#primaryimage\",\"url\":\"https:\/\/www.bob.webolatory.com\/pl\/wp-content\/uploads\/sites\/23\/2025\/05\/PL_fruit_snack_40-raspb_-1.webp\",\"contentUrl\":\"https:\/\/www.bob.webolatory.com\/pl\/wp-content\/uploads\/sites\/23\/2025\/05\/PL_fruit_snack_40-raspb_-1.webp\",\"width\":1280,\"height\":1280},{\"@type\":\"BreadcrumbList\",\"@id\":\"https:\/\/www.bob.webolatory.com\/pl\/product\/zelki-malina\/#breadcrumb\",\"itemListElement\":[{\"@type\":\"ListItem\",\"position\":1,\"name\":\"Home\",\"item\":\"https:\/\/www.bob.webolatory.com\/pl\/\"},{\"@type\":\"ListItem\",\"position\":2,\"name\":\"Products\",\"item\":\"https:\/\/www.bob.webolatory.com\/pl\/shop\/\"},{\"@type\":\"ListItem\",\"position\":3,\"name\":\"\u017belki Owocowe Malina\"}]},{\"@type\":\"WebSite\",\"@id\":\"https:\/\/www.bob.webolatory.com\/pl\/#website\",\"url\":\"https:\/\/www.bob.webolatory.com\/pl\/\",\"name\":\"Bob Snail\",\"description\":\"\",\"potentialAction\":[{\"@type\":\"SearchAction\",\"target\":{\"@type\":\"EntryPoint\",\"urlTemplate\":\"https:\/\/www.bob.webolatory.com\/pl\/?s={search_term_string}\"},\"query-input\":{\"@type\":\"PropertyValueSpecification\",\"valueRequired\":true,\"valueName\":\"search_term_string\"}}],\"inLanguage\":\"pl-PL\"}]}<\/script>\n<!-- \/ Yoast SEO plugin. -->","yoast_head_json":{"title":"\u017belki Owocowe Malina - Bob Snail","description":"\u017belki Owocowe Malina. No added sugar, colourants, or preservatives. My treats are made from all things natural\ud83c\udf1f","robots":{"index":"noindex","follow":"follow","max-snippet":"max-snippet:-1","max-image-preview":"max-image-preview:large","max-video-preview":"max-video-preview:-1"},"og_locale":"pl_PL","og_type":"article","og_title":"\u017belki Owocowe Malina - Bob Snail","og_description":"\u017belki Owocowe Malina. No added sugar, colourants, or preservatives. My treats are made from all things natural\ud83c\udf1f","og_url":"https:\/\/www.bob.webolatory.com\/pl\/product\/zelki-malina\/","og_site_name":"Bob Snail","article_modified_time":"2025-05-20T19:18:01+00:00","og_image":[{"width":1280,"height":1280,"url":"https:\/\/www.bob.webolatory.com\/pl\/wp-content\/uploads\/sites\/23\/2025\/05\/PL_fruit_snack_40-raspb_-1.webp","type":"image\/webp"}],"twitter_card":"summary_large_image","twitter_misc":{"Szacowany czas czytania":"1 minuta"},"schema":{"@context":"https:\/\/schema.org","@graph":[{"@type":"WebPage","@id":"https:\/\/www.bob.webolatory.com\/pl\/product\/zelki-malina\/","url":"https:\/\/www.bob.webolatory.com\/pl\/product\/zelki-malina\/","name":"\u017belki Owocowe Malina - Bob Snail","isPartOf":{"@id":"https:\/\/www.bob.webolatory.com\/pl\/#website"},"primaryImageOfPage":{"@id":"https:\/\/www.bob.webolatory.com\/pl\/product\/zelki-malina\/#primaryimage"},"image":{"@id":"https:\/\/www.bob.webolatory.com\/pl\/product\/zelki-malina\/#primaryimage"},"thumbnailUrl":"https:\/\/www.bob.webolatory.com\/pl\/wp-content\/uploads\/sites\/23\/2025\/05\/PL_fruit_snack_40-raspb_-1.webp","datePublished":"2025-05-20T19:16:15+00:00","dateModified":"2025-05-20T19:18:01+00:00","description":"\u017belki Owocowe Malina. No added sugar, colourants, or preservatives. My treats are made from all things natural\ud83c\udf1f","breadcrumb":{"@id":"https:\/\/www.bob.webolatory.com\/pl\/product\/zelki-malina\/#breadcrumb"},"inLanguage":"pl-PL","potentialAction":[{"@type":"ReadAction","target":["https:\/\/www.bob.webolatory.com\/pl\/product\/zelki-malina\/"]}]},{"@type":"ImageObject","inLanguage":"pl-PL","@id":"https:\/\/www.bob.webolatory.com\/pl\/product\/zelki-malina\/#primaryimage","url":"https:\/\/www.bob.webolatory.com\/pl\/wp-content\/uploads\/sites\/23\/2025\/05\/PL_fruit_snack_40-raspb_-1.webp","contentUrl":"https:\/\/www.bob.webolatory.com\/pl\/wp-content\/uploads\/sites\/23\/2025\/05\/PL_fruit_snack_40-raspb_-1.webp","width":1280,"height":1280},{"@type":"BreadcrumbList","@id":"https:\/\/www.bob.webolatory.com\/pl\/product\/zelki-malina\/#breadcrumb","itemListElement":[{"@type":"ListItem","position":1,"name":"Home","item":"https:\/\/www.bob.webolatory.com\/pl\/"},{"@type":"ListItem","position":2,"name":"Products","item":"https:\/\/www.bob.webolatory.com\/pl\/shop\/"},{"@type":"ListItem","position":3,"name":"\u017belki Owocowe Malina"}]},{"@type":"WebSite","@id":"https:\/\/www.bob.webolatory.com\/pl\/#website","url":"https:\/\/www.bob.webolatory.com\/pl\/","name":"Bob Snail","description":"","potentialAction":[{"@type":"SearchAction","target":{"@type":"EntryPoint","urlTemplate":"https:\/\/www.bob.webolatory.com\/pl\/?s={search_term_string}"},"query-input":{"@type":"PropertyValueSpecification","valueRequired":true,"valueName":"search_term_string"}}],"inLanguage":"pl-PL"}]}},"_links":{"self":[{"href":"https:\/\/www.bob.webolatory.com\/pl\/wp-json\/wp\/v2\/product\/3114","targetHints":{"allow":["GET"]}}],"collection":[{"href":"https:\/\/www.bob.webolatory.com\/pl\/wp-json\/wp\/v2\/product"}],"about":[{"href":"https:\/\/www.bob.webolatory.com\/pl\/wp-json\/wp\/v2\/types\/product"}],"replies":[{"embeddable":true,"href":"https:\/\/www.bob.webolatory.com\/pl\/wp-json\/wp\/v2\/comments?post=3114"}],"wp:featuredmedia":[{"embeddable":true,"href":"https:\/\/www.bob.webolatory.com\/pl\/wp-json\/wp\/v2\/media\/3115"}],"wp:attachment":[{"href":"https:\/\/www.bob.webolatory.com\/pl\/wp-json\/wp\/v2\/media?parent=3114"}],"wp:term":[{"taxonomy":"product_brand","embeddable":true,"href":"https:\/\/www.bob.webolatory.com\/pl\/wp-json\/wp\/v2\/product_brand?post=3114"},{"taxonomy":"product_cat","embeddable":true,"href":"https:\/\/www.bob.webolatory.com\/pl\/wp-json\/wp\/v2\/product_cat?post=3114"},{"taxonomy":"product_tag","embeddable":true,"href":"https:\/\/www.bob.webolatory.com\/pl\/wp-json\/wp\/v2\/product_tag?post=3114"}],"curies":[{"name":"wp","href":"https:\/\/api.w.org\/{rel}","templated":true}]}}