{"id":3148,"date":"2025-05-20T19:29:53","date_gmt":"2025-05-20T19:29:53","guid":{"rendered":"https:\/\/www.bob-snail.com\/pl\/?post_type=product&#038;p=3148"},"modified":"2025-07-29T01:19:42","modified_gmt":"2025-07-28T23:19:42","slug":"smoothies-jablko-czarna-porzeczka","status":"publish","type":"product","link":"https:\/\/www.bob.webolatory.com\/pl\/product\/smoothies-jablko-czarna-porzeczka\/","title":{"rendered":"Smoothies Jab\u0142ko-Czarna Porzeczka"},"content":{"rendered":"<p><span style=\"font-weight: 400;\">Moje smoothies powstaj\u0105 wy\u0142\u0105cznie z owoc\u00f3w \u2014 bez dodatku cukru i sztucznych sk\u0142adnik\u00f3w. S\u0105 bezglutenowe, odpowiednie dla wegan i idealne jako szybka przek\u0105ska w biegu!<\/span><\/p>\n<p><span style=\"font-weight: 400;\">To szybka przek\u0105ska gdziekolwiek jeste\u015b \u2014 w szkole, w biurze, na spacerze, w podr\u00f3\u017cy, przed lub po treningu. Ma g\u0119st\u0105, aksamitn\u0105 konsystencj\u0119, intensywny owocowy smak i cudowny aromat. Pij swoje ulubione owoce w dowolnym momencie!\u00a0<\/span><\/p>\n","protected":false},"excerpt":{"rendered":"<p>Moje smoothies powstaj\u0105 wy\u0142\u0105cznie z owoc\u00f3w \u2014 bez dodatku cukru i sztucznych sk\u0142adnik\u00f3w. S\u0105 bezglutenowe, odpowiednie dla wegan i idealne jako szybka przek\u0105ska w biegu! To szybka przek\u0105ska gdziekolwiek jeste\u015b \u2014 w szkole, w biurze, na spacerze, w podr\u00f3\u017cy, przed lub po treningu. Ma g\u0119st\u0105, aksamitn\u0105 konsystencj\u0119, intensywny owocowy smak i cudowny aromat. Pij swoje [&hellip;]<\/p>\n","protected":false},"featured_media":3149,"comment_status":"open","ping_status":"closed","template":"","meta":[],"product_brand":[],"product_cat":[91],"product_tag":[],"class_list":{"0":"post-3148","1":"product","2":"type-product","3":"status-publish","4":"has-post-thumbnail","6":"product_cat-smoothies","7":"weight_taxonomy-120g","9":"first","10":"instock","11":"shipping-taxable","12":"purchasable","13":"product-type-simple"},"yoast_head":"<!-- This site is optimized with the Yoast SEO plugin v24.7 - https:\/\/yoast.com\/wordpress\/plugins\/seo\/ -->\n<title>Smoothies Jab\u0142ko-Czarna Porzeczka - Bob Snail<\/title>\n<meta name=\"description\" content=\"Smoothies Jab\u0142ko-Czarna Porzeczka. No added sugar, colourants, or preservatives. My treats are made from all things natural\ud83c\udf1f\" \/>\n<meta name=\"robots\" content=\"noindex, follow, max-snippet:-1, max-image-preview:large, max-video-preview:-1\" \/>\n<meta property=\"og:locale\" content=\"pl_PL\" \/>\n<meta property=\"og:type\" content=\"article\" \/>\n<meta property=\"og:title\" content=\"Smoothies Jab\u0142ko-Czarna Porzeczka - Bob Snail\" \/>\n<meta property=\"og:description\" content=\"Smoothies Jab\u0142ko-Czarna Porzeczka. No added sugar, colourants, or preservatives. My treats are made from all things natural\ud83c\udf1f\" \/>\n<meta property=\"og:url\" content=\"https:\/\/www.bob.webolatory.com\/pl\/product\/smoothies-jablko-czarna-porzeczka\/\" \/>\n<meta property=\"og:site_name\" content=\"Bob Snail\" \/>\n<meta property=\"article:modified_time\" content=\"2025-07-28T23:19:42+00:00\" \/>\n<meta property=\"og:image\" content=\"https:\/\/www.bob.webolatory.com\/pl\/wp-content\/uploads\/sites\/23\/2025\/05\/PL_smoothie_120_currant_apple_-1-1.webp\" \/>\n\t<meta property=\"og:image:width\" content=\"1280\" \/>\n\t<meta property=\"og:image:height\" content=\"1280\" \/>\n\t<meta property=\"og:image:type\" content=\"image\/webp\" \/>\n<meta name=\"twitter:card\" content=\"summary_large_image\" \/>\n<meta name=\"twitter:label1\" content=\"Szacowany czas czytania\" \/>\n\t<meta name=\"twitter:data1\" content=\"1 minuta\" \/>\n<script type=\"application\/ld+json\" class=\"yoast-schema-graph\">{\"@context\":\"https:\/\/schema.org\",\"@graph\":[{\"@type\":\"WebPage\",\"@id\":\"https:\/\/www.bob.webolatory.com\/pl\/product\/smoothies-jablko-czarna-porzeczka\/\",\"url\":\"https:\/\/www.bob.webolatory.com\/pl\/product\/smoothies-jablko-czarna-porzeczka\/\",\"name\":\"Smoothies Jab\u0142ko-Czarna Porzeczka - Bob Snail\",\"isPartOf\":{\"@id\":\"https:\/\/www.bob.webolatory.com\/pl\/#website\"},\"primaryImageOfPage\":{\"@id\":\"https:\/\/www.bob.webolatory.com\/pl\/product\/smoothies-jablko-czarna-porzeczka\/#primaryimage\"},\"image\":{\"@id\":\"https:\/\/www.bob.webolatory.com\/pl\/product\/smoothies-jablko-czarna-porzeczka\/#primaryimage\"},\"thumbnailUrl\":\"https:\/\/www.bob.webolatory.com\/pl\/wp-content\/uploads\/sites\/23\/2025\/05\/PL_smoothie_120_currant_apple_-1-1.webp\",\"datePublished\":\"2025-05-20T19:29:53+00:00\",\"dateModified\":\"2025-07-28T23:19:42+00:00\",\"description\":\"Smoothies Jab\u0142ko-Czarna Porzeczka. No added sugar, colourants, or preservatives. My treats are made from all things natural\ud83c\udf1f\",\"breadcrumb\":{\"@id\":\"https:\/\/www.bob.webolatory.com\/pl\/product\/smoothies-jablko-czarna-porzeczka\/#breadcrumb\"},\"inLanguage\":\"pl-PL\",\"potentialAction\":[{\"@type\":\"ReadAction\",\"target\":[\"https:\/\/www.bob.webolatory.com\/pl\/product\/smoothies-jablko-czarna-porzeczka\/\"]}]},{\"@type\":\"ImageObject\",\"inLanguage\":\"pl-PL\",\"@id\":\"https:\/\/www.bob.webolatory.com\/pl\/product\/smoothies-jablko-czarna-porzeczka\/#primaryimage\",\"url\":\"https:\/\/www.bob.webolatory.com\/pl\/wp-content\/uploads\/sites\/23\/2025\/05\/PL_smoothie_120_currant_apple_-1-1.webp\",\"contentUrl\":\"https:\/\/www.bob.webolatory.com\/pl\/wp-content\/uploads\/sites\/23\/2025\/05\/PL_smoothie_120_currant_apple_-1-1.webp\",\"width\":1280,\"height\":1280},{\"@type\":\"BreadcrumbList\",\"@id\":\"https:\/\/www.bob.webolatory.com\/pl\/product\/smoothies-jablko-czarna-porzeczka\/#breadcrumb\",\"itemListElement\":[{\"@type\":\"ListItem\",\"position\":1,\"name\":\"Home\",\"item\":\"https:\/\/www.bob.webolatory.com\/pl\/\"},{\"@type\":\"ListItem\",\"position\":2,\"name\":\"Products\",\"item\":\"https:\/\/www.bob.webolatory.com\/pl\/shop\/\"},{\"@type\":\"ListItem\",\"position\":3,\"name\":\"Smoothies Jab\u0142ko-Czarna Porzeczka\"}]},{\"@type\":\"WebSite\",\"@id\":\"https:\/\/www.bob.webolatory.com\/pl\/#website\",\"url\":\"https:\/\/www.bob.webolatory.com\/pl\/\",\"name\":\"Bob Snail\",\"description\":\"\",\"potentialAction\":[{\"@type\":\"SearchAction\",\"target\":{\"@type\":\"EntryPoint\",\"urlTemplate\":\"https:\/\/www.bob.webolatory.com\/pl\/?s={search_term_string}\"},\"query-input\":{\"@type\":\"PropertyValueSpecification\",\"valueRequired\":true,\"valueName\":\"search_term_string\"}}],\"inLanguage\":\"pl-PL\"}]}<\/script>\n<!-- \/ Yoast SEO plugin. -->","yoast_head_json":{"title":"Smoothies Jab\u0142ko-Czarna Porzeczka - Bob Snail","description":"Smoothies Jab\u0142ko-Czarna Porzeczka. No added sugar, colourants, or preservatives. My treats are made from all things natural\ud83c\udf1f","robots":{"index":"noindex","follow":"follow","max-snippet":"max-snippet:-1","max-image-preview":"max-image-preview:large","max-video-preview":"max-video-preview:-1"},"og_locale":"pl_PL","og_type":"article","og_title":"Smoothies Jab\u0142ko-Czarna Porzeczka - Bob Snail","og_description":"Smoothies Jab\u0142ko-Czarna Porzeczka. No added sugar, colourants, or preservatives. My treats are made from all things natural\ud83c\udf1f","og_url":"https:\/\/www.bob.webolatory.com\/pl\/product\/smoothies-jablko-czarna-porzeczka\/","og_site_name":"Bob Snail","article_modified_time":"2025-07-28T23:19:42+00:00","og_image":[{"width":1280,"height":1280,"url":"https:\/\/www.bob.webolatory.com\/pl\/wp-content\/uploads\/sites\/23\/2025\/05\/PL_smoothie_120_currant_apple_-1-1.webp","type":"image\/webp"}],"twitter_card":"summary_large_image","twitter_misc":{"Szacowany czas czytania":"1 minuta"},"schema":{"@context":"https:\/\/schema.org","@graph":[{"@type":"WebPage","@id":"https:\/\/www.bob.webolatory.com\/pl\/product\/smoothies-jablko-czarna-porzeczka\/","url":"https:\/\/www.bob.webolatory.com\/pl\/product\/smoothies-jablko-czarna-porzeczka\/","name":"Smoothies Jab\u0142ko-Czarna Porzeczka - Bob Snail","isPartOf":{"@id":"https:\/\/www.bob.webolatory.com\/pl\/#website"},"primaryImageOfPage":{"@id":"https:\/\/www.bob.webolatory.com\/pl\/product\/smoothies-jablko-czarna-porzeczka\/#primaryimage"},"image":{"@id":"https:\/\/www.bob.webolatory.com\/pl\/product\/smoothies-jablko-czarna-porzeczka\/#primaryimage"},"thumbnailUrl":"https:\/\/www.bob.webolatory.com\/pl\/wp-content\/uploads\/sites\/23\/2025\/05\/PL_smoothie_120_currant_apple_-1-1.webp","datePublished":"2025-05-20T19:29:53+00:00","dateModified":"2025-07-28T23:19:42+00:00","description":"Smoothies Jab\u0142ko-Czarna Porzeczka. No added sugar, colourants, or preservatives. My treats are made from all things natural\ud83c\udf1f","breadcrumb":{"@id":"https:\/\/www.bob.webolatory.com\/pl\/product\/smoothies-jablko-czarna-porzeczka\/#breadcrumb"},"inLanguage":"pl-PL","potentialAction":[{"@type":"ReadAction","target":["https:\/\/www.bob.webolatory.com\/pl\/product\/smoothies-jablko-czarna-porzeczka\/"]}]},{"@type":"ImageObject","inLanguage":"pl-PL","@id":"https:\/\/www.bob.webolatory.com\/pl\/product\/smoothies-jablko-czarna-porzeczka\/#primaryimage","url":"https:\/\/www.bob.webolatory.com\/pl\/wp-content\/uploads\/sites\/23\/2025\/05\/PL_smoothie_120_currant_apple_-1-1.webp","contentUrl":"https:\/\/www.bob.webolatory.com\/pl\/wp-content\/uploads\/sites\/23\/2025\/05\/PL_smoothie_120_currant_apple_-1-1.webp","width":1280,"height":1280},{"@type":"BreadcrumbList","@id":"https:\/\/www.bob.webolatory.com\/pl\/product\/smoothies-jablko-czarna-porzeczka\/#breadcrumb","itemListElement":[{"@type":"ListItem","position":1,"name":"Home","item":"https:\/\/www.bob.webolatory.com\/pl\/"},{"@type":"ListItem","position":2,"name":"Products","item":"https:\/\/www.bob.webolatory.com\/pl\/shop\/"},{"@type":"ListItem","position":3,"name":"Smoothies Jab\u0142ko-Czarna Porzeczka"}]},{"@type":"WebSite","@id":"https:\/\/www.bob.webolatory.com\/pl\/#website","url":"https:\/\/www.bob.webolatory.com\/pl\/","name":"Bob Snail","description":"","potentialAction":[{"@type":"SearchAction","target":{"@type":"EntryPoint","urlTemplate":"https:\/\/www.bob.webolatory.com\/pl\/?s={search_term_string}"},"query-input":{"@type":"PropertyValueSpecification","valueRequired":true,"valueName":"search_term_string"}}],"inLanguage":"pl-PL"}]}},"_links":{"self":[{"href":"https:\/\/www.bob.webolatory.com\/pl\/wp-json\/wp\/v2\/product\/3148","targetHints":{"allow":["GET"]}}],"collection":[{"href":"https:\/\/www.bob.webolatory.com\/pl\/wp-json\/wp\/v2\/product"}],"about":[{"href":"https:\/\/www.bob.webolatory.com\/pl\/wp-json\/wp\/v2\/types\/product"}],"replies":[{"embeddable":true,"href":"https:\/\/www.bob.webolatory.com\/pl\/wp-json\/wp\/v2\/comments?post=3148"}],"wp:featuredmedia":[{"embeddable":true,"href":"https:\/\/www.bob.webolatory.com\/pl\/wp-json\/wp\/v2\/media\/3149"}],"wp:attachment":[{"href":"https:\/\/www.bob.webolatory.com\/pl\/wp-json\/wp\/v2\/media?parent=3148"}],"wp:term":[{"taxonomy":"product_brand","embeddable":true,"href":"https:\/\/www.bob.webolatory.com\/pl\/wp-json\/wp\/v2\/product_brand?post=3148"},{"taxonomy":"product_cat","embeddable":true,"href":"https:\/\/www.bob.webolatory.com\/pl\/wp-json\/wp\/v2\/product_cat?post=3148"},{"taxonomy":"product_tag","embeddable":true,"href":"https:\/\/www.bob.webolatory.com\/pl\/wp-json\/wp\/v2\/product_tag?post=3148"}],"curies":[{"name":"wp","href":"https:\/\/api.w.org\/{rel}","templated":true}]}}