{"id":3255,"date":"2025-05-20T20:01:26","date_gmt":"2025-05-20T20:01:26","guid":{"rendered":"https:\/\/www.bob-snail.com\/pl\/?post_type=product&#038;p=3255"},"modified":"2025-06-30T15:56:25","modified_gmt":"2025-06-30T13:56:25","slug":"mus-owocowy-gruszka","status":"publish","type":"product","link":"https:\/\/www.bob.webolatory.com\/pl\/product\/mus-owocowy-gruszka\/","title":{"rendered":"Mus owocowy &#8211; Chef&#8217;s Puree Gruszka"},"content":{"rendered":"<p><span style=\"font-weight: 400;\">Chef Puree to pyszny i zdrowy sk\u0142adnik do kulinarnych eksperyment\u00f3w. Tworz\u0119 go w 100% z owoc\u00f3w \u2014 bez dodatku cukru, glutenu i sztucznych sk\u0142adnik\u00f3w.<\/span><\/p>\n<p><span style=\"font-weight: 400;\">Aby przygotowa\u0107 1 kg Chef Puree, u\u017cywam 3 kg owoc\u00f3w \u2014 dlatego ma tak g\u0119st\u0105 konsystencj\u0119 i intensywny owocowy aromat.<\/span><\/p>\n<p><span style=\"font-weight: 400;\">Mo\u017cesz wykorzysta\u0107 Chef Puree do zdrowych wypiek\u00f3w, domowych lod\u00f3w i smoothies. \u015awietnie sprawdzi si\u0119 r\u00f3wnie\u017c jako sos do sera, nale\u015bnik\u00f3w oraz jako nadzienie do deser\u00f3w. <\/span><\/p>\n","protected":false},"excerpt":{"rendered":"<p>Chef Puree to pyszny i zdrowy sk\u0142adnik do kulinarnych eksperyment\u00f3w. Tworz\u0119 go w 100% z owoc\u00f3w \u2014 bez dodatku cukru, glutenu i sztucznych sk\u0142adnik\u00f3w. Aby przygotowa\u0107 1 kg Chef Puree, u\u017cywam 3 kg owoc\u00f3w \u2014 dlatego ma tak g\u0119st\u0105 konsystencj\u0119 i intensywny owocowy aromat. Mo\u017cesz wykorzysta\u0107 Chef Puree do zdrowych wypiek\u00f3w, domowych lod\u00f3w i smoothies. [&hellip;]<\/p>\n","protected":false},"featured_media":3256,"comment_status":"open","ping_status":"closed","template":"","meta":[],"product_brand":[],"product_cat":[92],"product_tag":[],"class_list":{"0":"post-3255","1":"product","2":"type-product","3":"status-publish","4":"has-post-thumbnail","6":"product_cat-musy-owocowe-chefs-puree","7":"weight_taxonomy-250g","9":"first","10":"instock","11":"shipping-taxable","12":"purchasable","13":"product-type-simple"},"yoast_head":"<!-- This site is optimized with the Yoast SEO plugin v24.7 - https:\/\/yoast.com\/wordpress\/plugins\/seo\/ -->\n<title>Mus owocowy - Chef&#039;s Puree Gruszka - Bob Snail<\/title>\n<meta name=\"description\" content=\"Mus owocowy - Chef&#039;s Puree Gruszka. No added sugar, colourants, or preservatives. My treats are made from all things natural\ud83c\udf1f\" \/>\n<meta name=\"robots\" content=\"noindex, follow, max-snippet:-1, max-image-preview:large, max-video-preview:-1\" \/>\n<meta property=\"og:locale\" content=\"pl_PL\" \/>\n<meta property=\"og:type\" content=\"article\" \/>\n<meta property=\"og:title\" content=\"Mus owocowy - Chef&#039;s Puree Gruszka - Bob Snail\" \/>\n<meta property=\"og:description\" content=\"Mus owocowy - Chef&#039;s Puree Gruszka. No added sugar, colourants, or preservatives. My treats are made from all things natural\ud83c\udf1f\" \/>\n<meta property=\"og:url\" content=\"https:\/\/www.bob.webolatory.com\/pl\/product\/mus-owocowy-gruszka\/\" \/>\n<meta property=\"og:site_name\" content=\"Bob Snail\" \/>\n<meta property=\"article:modified_time\" content=\"2025-06-30T13:56:25+00:00\" \/>\n<meta property=\"og:image\" content=\"https:\/\/www.bob.webolatory.com\/pl\/wp-content\/uploads\/sites\/23\/2025\/05\/PL_Chef_puree_250_pear_-1.webp\" \/>\n\t<meta property=\"og:image:width\" content=\"1280\" \/>\n\t<meta property=\"og:image:height\" content=\"1280\" \/>\n\t<meta property=\"og:image:type\" content=\"image\/webp\" \/>\n<meta name=\"twitter:card\" content=\"summary_large_image\" \/>\n<meta name=\"twitter:label1\" content=\"Szacowany czas czytania\" \/>\n\t<meta name=\"twitter:data1\" content=\"1 minuta\" \/>\n<script type=\"application\/ld+json\" class=\"yoast-schema-graph\">{\"@context\":\"https:\/\/schema.org\",\"@graph\":[{\"@type\":\"WebPage\",\"@id\":\"https:\/\/www.bob.webolatory.com\/pl\/product\/mus-owocowy-gruszka\/\",\"url\":\"https:\/\/www.bob.webolatory.com\/pl\/product\/mus-owocowy-gruszka\/\",\"name\":\"Mus owocowy - Chef's Puree Gruszka - Bob Snail\",\"isPartOf\":{\"@id\":\"https:\/\/www.bob.webolatory.com\/pl\/#website\"},\"primaryImageOfPage\":{\"@id\":\"https:\/\/www.bob.webolatory.com\/pl\/product\/mus-owocowy-gruszka\/#primaryimage\"},\"image\":{\"@id\":\"https:\/\/www.bob.webolatory.com\/pl\/product\/mus-owocowy-gruszka\/#primaryimage\"},\"thumbnailUrl\":\"https:\/\/www.bob.webolatory.com\/pl\/wp-content\/uploads\/sites\/23\/2025\/05\/PL_Chef_puree_250_pear_-1.webp\",\"datePublished\":\"2025-05-20T20:01:26+00:00\",\"dateModified\":\"2025-06-30T13:56:25+00:00\",\"description\":\"Mus owocowy - Chef's Puree Gruszka. No added sugar, colourants, or preservatives. My treats are made from all things natural\ud83c\udf1f\",\"breadcrumb\":{\"@id\":\"https:\/\/www.bob.webolatory.com\/pl\/product\/mus-owocowy-gruszka\/#breadcrumb\"},\"inLanguage\":\"pl-PL\",\"potentialAction\":[{\"@type\":\"ReadAction\",\"target\":[\"https:\/\/www.bob.webolatory.com\/pl\/product\/mus-owocowy-gruszka\/\"]}]},{\"@type\":\"ImageObject\",\"inLanguage\":\"pl-PL\",\"@id\":\"https:\/\/www.bob.webolatory.com\/pl\/product\/mus-owocowy-gruszka\/#primaryimage\",\"url\":\"https:\/\/www.bob.webolatory.com\/pl\/wp-content\/uploads\/sites\/23\/2025\/05\/PL_Chef_puree_250_pear_-1.webp\",\"contentUrl\":\"https:\/\/www.bob.webolatory.com\/pl\/wp-content\/uploads\/sites\/23\/2025\/05\/PL_Chef_puree_250_pear_-1.webp\",\"width\":1280,\"height\":1280},{\"@type\":\"BreadcrumbList\",\"@id\":\"https:\/\/www.bob.webolatory.com\/pl\/product\/mus-owocowy-gruszka\/#breadcrumb\",\"itemListElement\":[{\"@type\":\"ListItem\",\"position\":1,\"name\":\"Home\",\"item\":\"https:\/\/www.bob.webolatory.com\/pl\/\"},{\"@type\":\"ListItem\",\"position\":2,\"name\":\"Products\",\"item\":\"https:\/\/www.bob.webolatory.com\/pl\/shop\/\"},{\"@type\":\"ListItem\",\"position\":3,\"name\":\"Mus owocowy &#8211; Chef&#8217;s Puree Gruszka\"}]},{\"@type\":\"WebSite\",\"@id\":\"https:\/\/www.bob.webolatory.com\/pl\/#website\",\"url\":\"https:\/\/www.bob.webolatory.com\/pl\/\",\"name\":\"Bob Snail\",\"description\":\"\",\"potentialAction\":[{\"@type\":\"SearchAction\",\"target\":{\"@type\":\"EntryPoint\",\"urlTemplate\":\"https:\/\/www.bob.webolatory.com\/pl\/?s={search_term_string}\"},\"query-input\":{\"@type\":\"PropertyValueSpecification\",\"valueRequired\":true,\"valueName\":\"search_term_string\"}}],\"inLanguage\":\"pl-PL\"}]}<\/script>\n<!-- \/ Yoast SEO plugin. -->","yoast_head_json":{"title":"Mus owocowy - Chef's Puree Gruszka - Bob Snail","description":"Mus owocowy - Chef's Puree Gruszka. No added sugar, colourants, or preservatives. My treats are made from all things natural\ud83c\udf1f","robots":{"index":"noindex","follow":"follow","max-snippet":"max-snippet:-1","max-image-preview":"max-image-preview:large","max-video-preview":"max-video-preview:-1"},"og_locale":"pl_PL","og_type":"article","og_title":"Mus owocowy - Chef's Puree Gruszka - Bob Snail","og_description":"Mus owocowy - Chef's Puree Gruszka. No added sugar, colourants, or preservatives. My treats are made from all things natural\ud83c\udf1f","og_url":"https:\/\/www.bob.webolatory.com\/pl\/product\/mus-owocowy-gruszka\/","og_site_name":"Bob Snail","article_modified_time":"2025-06-30T13:56:25+00:00","og_image":[{"width":1280,"height":1280,"url":"https:\/\/www.bob.webolatory.com\/pl\/wp-content\/uploads\/sites\/23\/2025\/05\/PL_Chef_puree_250_pear_-1.webp","type":"image\/webp"}],"twitter_card":"summary_large_image","twitter_misc":{"Szacowany czas czytania":"1 minuta"},"schema":{"@context":"https:\/\/schema.org","@graph":[{"@type":"WebPage","@id":"https:\/\/www.bob.webolatory.com\/pl\/product\/mus-owocowy-gruszka\/","url":"https:\/\/www.bob.webolatory.com\/pl\/product\/mus-owocowy-gruszka\/","name":"Mus owocowy - Chef's Puree Gruszka - Bob Snail","isPartOf":{"@id":"https:\/\/www.bob.webolatory.com\/pl\/#website"},"primaryImageOfPage":{"@id":"https:\/\/www.bob.webolatory.com\/pl\/product\/mus-owocowy-gruszka\/#primaryimage"},"image":{"@id":"https:\/\/www.bob.webolatory.com\/pl\/product\/mus-owocowy-gruszka\/#primaryimage"},"thumbnailUrl":"https:\/\/www.bob.webolatory.com\/pl\/wp-content\/uploads\/sites\/23\/2025\/05\/PL_Chef_puree_250_pear_-1.webp","datePublished":"2025-05-20T20:01:26+00:00","dateModified":"2025-06-30T13:56:25+00:00","description":"Mus owocowy - Chef's Puree Gruszka. No added sugar, colourants, or preservatives. My treats are made from all things natural\ud83c\udf1f","breadcrumb":{"@id":"https:\/\/www.bob.webolatory.com\/pl\/product\/mus-owocowy-gruszka\/#breadcrumb"},"inLanguage":"pl-PL","potentialAction":[{"@type":"ReadAction","target":["https:\/\/www.bob.webolatory.com\/pl\/product\/mus-owocowy-gruszka\/"]}]},{"@type":"ImageObject","inLanguage":"pl-PL","@id":"https:\/\/www.bob.webolatory.com\/pl\/product\/mus-owocowy-gruszka\/#primaryimage","url":"https:\/\/www.bob.webolatory.com\/pl\/wp-content\/uploads\/sites\/23\/2025\/05\/PL_Chef_puree_250_pear_-1.webp","contentUrl":"https:\/\/www.bob.webolatory.com\/pl\/wp-content\/uploads\/sites\/23\/2025\/05\/PL_Chef_puree_250_pear_-1.webp","width":1280,"height":1280},{"@type":"BreadcrumbList","@id":"https:\/\/www.bob.webolatory.com\/pl\/product\/mus-owocowy-gruszka\/#breadcrumb","itemListElement":[{"@type":"ListItem","position":1,"name":"Home","item":"https:\/\/www.bob.webolatory.com\/pl\/"},{"@type":"ListItem","position":2,"name":"Products","item":"https:\/\/www.bob.webolatory.com\/pl\/shop\/"},{"@type":"ListItem","position":3,"name":"Mus owocowy &#8211; Chef&#8217;s Puree Gruszka"}]},{"@type":"WebSite","@id":"https:\/\/www.bob.webolatory.com\/pl\/#website","url":"https:\/\/www.bob.webolatory.com\/pl\/","name":"Bob Snail","description":"","potentialAction":[{"@type":"SearchAction","target":{"@type":"EntryPoint","urlTemplate":"https:\/\/www.bob.webolatory.com\/pl\/?s={search_term_string}"},"query-input":{"@type":"PropertyValueSpecification","valueRequired":true,"valueName":"search_term_string"}}],"inLanguage":"pl-PL"}]}},"_links":{"self":[{"href":"https:\/\/www.bob.webolatory.com\/pl\/wp-json\/wp\/v2\/product\/3255","targetHints":{"allow":["GET"]}}],"collection":[{"href":"https:\/\/www.bob.webolatory.com\/pl\/wp-json\/wp\/v2\/product"}],"about":[{"href":"https:\/\/www.bob.webolatory.com\/pl\/wp-json\/wp\/v2\/types\/product"}],"replies":[{"embeddable":true,"href":"https:\/\/www.bob.webolatory.com\/pl\/wp-json\/wp\/v2\/comments?post=3255"}],"wp:featuredmedia":[{"embeddable":true,"href":"https:\/\/www.bob.webolatory.com\/pl\/wp-json\/wp\/v2\/media\/3256"}],"wp:attachment":[{"href":"https:\/\/www.bob.webolatory.com\/pl\/wp-json\/wp\/v2\/media?parent=3255"}],"wp:term":[{"taxonomy":"product_brand","embeddable":true,"href":"https:\/\/www.bob.webolatory.com\/pl\/wp-json\/wp\/v2\/product_brand?post=3255"},{"taxonomy":"product_cat","embeddable":true,"href":"https:\/\/www.bob.webolatory.com\/pl\/wp-json\/wp\/v2\/product_cat?post=3255"},{"taxonomy":"product_tag","embeddable":true,"href":"https:\/\/www.bob.webolatory.com\/pl\/wp-json\/wp\/v2\/product_tag?post=3255"}],"curies":[{"name":"wp","href":"https:\/\/api.w.org\/{rel}","templated":true}]}}