{"id":3292,"date":"2025-05-20T20:14:51","date_gmt":"2025-05-20T20:14:51","guid":{"rendered":"https:\/\/www.bob-snail.com\/pl\/?post_type=product&#038;p=3292"},"modified":"2025-07-30T21:28:36","modified_gmt":"2025-07-30T19:28:36","slug":"ciasteczka-w-czekoladzie-jablko-truskawka","status":"publish","type":"product","link":"https:\/\/www.bob.webolatory.com\/pl\/product\/ciasteczka-w-czekoladzie-jablko-truskawka\/","title":{"rendered":"Ciasteczka owocowe w belgijskiej czekoladzie Jab\u0142ko-Truskawka"},"content":{"rendered":"<p><span style=\"font-weight: 400;\">Tworz\u0119 pyszne ciasteczka oblane belgijsk\u0105 czekolad\u0105, kt\u00f3re mo\u017cna je\u015b\u0107 bez wyrzut\u00f3w sumienia. Nie zawieraj\u0105 dodatku cukru \u2014 nawet w czekoladzie! Bez konserwant\u00f3w, barwnik\u00f3w i glutenu.<\/span><\/p>\n<p><span style=\"font-weight: 400;\">Ciasteczka maj\u0105 intensywny owocowy smak z wyrazist\u0105 czekoladow\u0105 nut\u0105. S\u0105 ta-a-ak pyszne, \u017ce trudno im si\u0119 oprze\u0107 \u2014 ale po co? To idealna alternatywa dla zwyk\u0142ych s\u0142odyczy, stworzona z my\u015bl\u0105 o wszystkich \u0142asuchach! <\/span><\/p>\n","protected":false},"excerpt":{"rendered":"<p>Tworz\u0119 pyszne ciasteczka oblane belgijsk\u0105 czekolad\u0105, kt\u00f3re mo\u017cna je\u015b\u0107 bez wyrzut\u00f3w sumienia. Nie zawieraj\u0105 dodatku cukru \u2014 nawet w czekoladzie! Bez konserwant\u00f3w, barwnik\u00f3w i glutenu. Ciasteczka maj\u0105 intensywny owocowy smak z wyrazist\u0105 czekoladow\u0105 nut\u0105. S\u0105 ta-a-ak pyszne, \u017ce trudno im si\u0119 oprze\u0107 \u2014 ale po co? To idealna alternatywa dla zwyk\u0142ych s\u0142odyczy, stworzona z my\u015bl\u0105 [&hellip;]<\/p>\n","protected":false},"featured_media":3293,"comment_status":"open","ping_status":"closed","template":"","meta":[],"product_brand":[],"product_cat":[99],"product_tag":[],"class_list":{"0":"post-3292","1":"product","2":"type-product","3":"status-publish","4":"has-post-thumbnail","6":"product_cat-ciasteczka-w-czekoladzie","7":"weight_taxonomy-60g","9":"first","10":"instock","11":"shipping-taxable","12":"purchasable","13":"product-type-simple"},"yoast_head":"<!-- This site is optimized with the Yoast SEO plugin v24.7 - https:\/\/yoast.com\/wordpress\/plugins\/seo\/ -->\n<title>Ciasteczka owocowe w belgijskiej czekoladzie Jab\u0142ko-Truskawka - Bob Snail<\/title>\n<meta name=\"description\" content=\"Ciasteczka owocowe w belgijskiej czekoladzie Jab\u0142ko-Truskawka. No added sugar, colourants, or preservatives. My treats are made from all things natural\ud83c\udf1f\" \/>\n<meta name=\"robots\" content=\"noindex, follow, max-snippet:-1, max-image-preview:large, max-video-preview:-1\" \/>\n<meta property=\"og:locale\" content=\"pl_PL\" \/>\n<meta property=\"og:type\" content=\"article\" \/>\n<meta property=\"og:title\" content=\"Ciasteczka owocowe w belgijskiej czekoladzie Jab\u0142ko-Truskawka - Bob Snail\" \/>\n<meta property=\"og:description\" content=\"Ciasteczka owocowe w belgijskiej czekoladzie Jab\u0142ko-Truskawka. No added sugar, colourants, or preservatives. My treats are made from all things natural\ud83c\udf1f\" \/>\n<meta property=\"og:url\" content=\"https:\/\/www.bob.webolatory.com\/pl\/product\/ciasteczka-w-czekoladzie-jablko-truskawka\/\" \/>\n<meta property=\"og:site_name\" content=\"Bob Snail\" \/>\n<meta property=\"article:modified_time\" content=\"2025-07-30T19:28:36+00:00\" \/>\n<meta property=\"og:image\" content=\"https:\/\/www.bob.webolatory.com\/pl\/wp-content\/uploads\/sites\/23\/2025\/05\/PL_Choco_60_straw_-1.webp\" \/>\n\t<meta property=\"og:image:width\" content=\"1280\" \/>\n\t<meta property=\"og:image:height\" content=\"1280\" \/>\n\t<meta property=\"og:image:type\" content=\"image\/webp\" \/>\n<meta name=\"twitter:card\" content=\"summary_large_image\" \/>\n<meta name=\"twitter:label1\" content=\"Szacowany czas czytania\" \/>\n\t<meta name=\"twitter:data1\" content=\"1 minuta\" \/>\n<script type=\"application\/ld+json\" class=\"yoast-schema-graph\">{\"@context\":\"https:\/\/schema.org\",\"@graph\":[{\"@type\":\"WebPage\",\"@id\":\"https:\/\/www.bob.webolatory.com\/pl\/product\/ciasteczka-w-czekoladzie-jablko-truskawka\/\",\"url\":\"https:\/\/www.bob.webolatory.com\/pl\/product\/ciasteczka-w-czekoladzie-jablko-truskawka\/\",\"name\":\"Ciasteczka owocowe w belgijskiej czekoladzie Jab\u0142ko-Truskawka - Bob Snail\",\"isPartOf\":{\"@id\":\"https:\/\/www.bob.webolatory.com\/pl\/#website\"},\"primaryImageOfPage\":{\"@id\":\"https:\/\/www.bob.webolatory.com\/pl\/product\/ciasteczka-w-czekoladzie-jablko-truskawka\/#primaryimage\"},\"image\":{\"@id\":\"https:\/\/www.bob.webolatory.com\/pl\/product\/ciasteczka-w-czekoladzie-jablko-truskawka\/#primaryimage\"},\"thumbnailUrl\":\"https:\/\/www.bob.webolatory.com\/pl\/wp-content\/uploads\/sites\/23\/2025\/05\/PL_Choco_60_straw_-1.webp\",\"datePublished\":\"2025-05-20T20:14:51+00:00\",\"dateModified\":\"2025-07-30T19:28:36+00:00\",\"description\":\"Ciasteczka owocowe w belgijskiej czekoladzie Jab\u0142ko-Truskawka. No added sugar, colourants, or preservatives. My treats are made from all things natural\ud83c\udf1f\",\"breadcrumb\":{\"@id\":\"https:\/\/www.bob.webolatory.com\/pl\/product\/ciasteczka-w-czekoladzie-jablko-truskawka\/#breadcrumb\"},\"inLanguage\":\"pl-PL\",\"potentialAction\":[{\"@type\":\"ReadAction\",\"target\":[\"https:\/\/www.bob.webolatory.com\/pl\/product\/ciasteczka-w-czekoladzie-jablko-truskawka\/\"]}]},{\"@type\":\"ImageObject\",\"inLanguage\":\"pl-PL\",\"@id\":\"https:\/\/www.bob.webolatory.com\/pl\/product\/ciasteczka-w-czekoladzie-jablko-truskawka\/#primaryimage\",\"url\":\"https:\/\/www.bob.webolatory.com\/pl\/wp-content\/uploads\/sites\/23\/2025\/05\/PL_Choco_60_straw_-1.webp\",\"contentUrl\":\"https:\/\/www.bob.webolatory.com\/pl\/wp-content\/uploads\/sites\/23\/2025\/05\/PL_Choco_60_straw_-1.webp\",\"width\":1280,\"height\":1280},{\"@type\":\"BreadcrumbList\",\"@id\":\"https:\/\/www.bob.webolatory.com\/pl\/product\/ciasteczka-w-czekoladzie-jablko-truskawka\/#breadcrumb\",\"itemListElement\":[{\"@type\":\"ListItem\",\"position\":1,\"name\":\"Home\",\"item\":\"https:\/\/www.bob.webolatory.com\/pl\/\"},{\"@type\":\"ListItem\",\"position\":2,\"name\":\"Products\",\"item\":\"https:\/\/www.bob.webolatory.com\/pl\/shop\/\"},{\"@type\":\"ListItem\",\"position\":3,\"name\":\"Ciasteczka owocowe w belgijskiej czekoladzie Jab\u0142ko-Truskawka\"}]},{\"@type\":\"WebSite\",\"@id\":\"https:\/\/www.bob.webolatory.com\/pl\/#website\",\"url\":\"https:\/\/www.bob.webolatory.com\/pl\/\",\"name\":\"Bob Snail\",\"description\":\"\",\"potentialAction\":[{\"@type\":\"SearchAction\",\"target\":{\"@type\":\"EntryPoint\",\"urlTemplate\":\"https:\/\/www.bob.webolatory.com\/pl\/?s={search_term_string}\"},\"query-input\":{\"@type\":\"PropertyValueSpecification\",\"valueRequired\":true,\"valueName\":\"search_term_string\"}}],\"inLanguage\":\"pl-PL\"}]}<\/script>\n<!-- \/ Yoast SEO plugin. -->","yoast_head_json":{"title":"Ciasteczka owocowe w belgijskiej czekoladzie Jab\u0142ko-Truskawka - Bob Snail","description":"Ciasteczka owocowe w belgijskiej czekoladzie Jab\u0142ko-Truskawka. No added sugar, colourants, or preservatives. My treats are made from all things natural\ud83c\udf1f","robots":{"index":"noindex","follow":"follow","max-snippet":"max-snippet:-1","max-image-preview":"max-image-preview:large","max-video-preview":"max-video-preview:-1"},"og_locale":"pl_PL","og_type":"article","og_title":"Ciasteczka owocowe w belgijskiej czekoladzie Jab\u0142ko-Truskawka - Bob Snail","og_description":"Ciasteczka owocowe w belgijskiej czekoladzie Jab\u0142ko-Truskawka. No added sugar, colourants, or preservatives. My treats are made from all things natural\ud83c\udf1f","og_url":"https:\/\/www.bob.webolatory.com\/pl\/product\/ciasteczka-w-czekoladzie-jablko-truskawka\/","og_site_name":"Bob Snail","article_modified_time":"2025-07-30T19:28:36+00:00","og_image":[{"width":1280,"height":1280,"url":"https:\/\/www.bob.webolatory.com\/pl\/wp-content\/uploads\/sites\/23\/2025\/05\/PL_Choco_60_straw_-1.webp","type":"image\/webp"}],"twitter_card":"summary_large_image","twitter_misc":{"Szacowany czas czytania":"1 minuta"},"schema":{"@context":"https:\/\/schema.org","@graph":[{"@type":"WebPage","@id":"https:\/\/www.bob.webolatory.com\/pl\/product\/ciasteczka-w-czekoladzie-jablko-truskawka\/","url":"https:\/\/www.bob.webolatory.com\/pl\/product\/ciasteczka-w-czekoladzie-jablko-truskawka\/","name":"Ciasteczka owocowe w belgijskiej czekoladzie Jab\u0142ko-Truskawka - Bob Snail","isPartOf":{"@id":"https:\/\/www.bob.webolatory.com\/pl\/#website"},"primaryImageOfPage":{"@id":"https:\/\/www.bob.webolatory.com\/pl\/product\/ciasteczka-w-czekoladzie-jablko-truskawka\/#primaryimage"},"image":{"@id":"https:\/\/www.bob.webolatory.com\/pl\/product\/ciasteczka-w-czekoladzie-jablko-truskawka\/#primaryimage"},"thumbnailUrl":"https:\/\/www.bob.webolatory.com\/pl\/wp-content\/uploads\/sites\/23\/2025\/05\/PL_Choco_60_straw_-1.webp","datePublished":"2025-05-20T20:14:51+00:00","dateModified":"2025-07-30T19:28:36+00:00","description":"Ciasteczka owocowe w belgijskiej czekoladzie Jab\u0142ko-Truskawka. No added sugar, colourants, or preservatives. My treats are made from all things natural\ud83c\udf1f","breadcrumb":{"@id":"https:\/\/www.bob.webolatory.com\/pl\/product\/ciasteczka-w-czekoladzie-jablko-truskawka\/#breadcrumb"},"inLanguage":"pl-PL","potentialAction":[{"@type":"ReadAction","target":["https:\/\/www.bob.webolatory.com\/pl\/product\/ciasteczka-w-czekoladzie-jablko-truskawka\/"]}]},{"@type":"ImageObject","inLanguage":"pl-PL","@id":"https:\/\/www.bob.webolatory.com\/pl\/product\/ciasteczka-w-czekoladzie-jablko-truskawka\/#primaryimage","url":"https:\/\/www.bob.webolatory.com\/pl\/wp-content\/uploads\/sites\/23\/2025\/05\/PL_Choco_60_straw_-1.webp","contentUrl":"https:\/\/www.bob.webolatory.com\/pl\/wp-content\/uploads\/sites\/23\/2025\/05\/PL_Choco_60_straw_-1.webp","width":1280,"height":1280},{"@type":"BreadcrumbList","@id":"https:\/\/www.bob.webolatory.com\/pl\/product\/ciasteczka-w-czekoladzie-jablko-truskawka\/#breadcrumb","itemListElement":[{"@type":"ListItem","position":1,"name":"Home","item":"https:\/\/www.bob.webolatory.com\/pl\/"},{"@type":"ListItem","position":2,"name":"Products","item":"https:\/\/www.bob.webolatory.com\/pl\/shop\/"},{"@type":"ListItem","position":3,"name":"Ciasteczka owocowe w belgijskiej czekoladzie Jab\u0142ko-Truskawka"}]},{"@type":"WebSite","@id":"https:\/\/www.bob.webolatory.com\/pl\/#website","url":"https:\/\/www.bob.webolatory.com\/pl\/","name":"Bob Snail","description":"","potentialAction":[{"@type":"SearchAction","target":{"@type":"EntryPoint","urlTemplate":"https:\/\/www.bob.webolatory.com\/pl\/?s={search_term_string}"},"query-input":{"@type":"PropertyValueSpecification","valueRequired":true,"valueName":"search_term_string"}}],"inLanguage":"pl-PL"}]}},"_links":{"self":[{"href":"https:\/\/www.bob.webolatory.com\/pl\/wp-json\/wp\/v2\/product\/3292","targetHints":{"allow":["GET"]}}],"collection":[{"href":"https:\/\/www.bob.webolatory.com\/pl\/wp-json\/wp\/v2\/product"}],"about":[{"href":"https:\/\/www.bob.webolatory.com\/pl\/wp-json\/wp\/v2\/types\/product"}],"replies":[{"embeddable":true,"href":"https:\/\/www.bob.webolatory.com\/pl\/wp-json\/wp\/v2\/comments?post=3292"}],"wp:featuredmedia":[{"embeddable":true,"href":"https:\/\/www.bob.webolatory.com\/pl\/wp-json\/wp\/v2\/media\/3293"}],"wp:attachment":[{"href":"https:\/\/www.bob.webolatory.com\/pl\/wp-json\/wp\/v2\/media?parent=3292"}],"wp:term":[{"taxonomy":"product_brand","embeddable":true,"href":"https:\/\/www.bob.webolatory.com\/pl\/wp-json\/wp\/v2\/product_brand?post=3292"},{"taxonomy":"product_cat","embeddable":true,"href":"https:\/\/www.bob.webolatory.com\/pl\/wp-json\/wp\/v2\/product_cat?post=3292"},{"taxonomy":"product_tag","embeddable":true,"href":"https:\/\/www.bob.webolatory.com\/pl\/wp-json\/wp\/v2\/product_tag?post=3292"}],"curies":[{"name":"wp","href":"https:\/\/api.w.org\/{rel}","templated":true}]}}