{"id":3642,"date":"2025-10-14T16:07:24","date_gmt":"2025-10-14T14:07:24","guid":{"rendered":"https:\/\/www.bob-snail.com\/pl\/?post_type=product&#038;p=3642"},"modified":"2025-10-14T17:20:45","modified_gmt":"2025-10-14T15:20:45","slug":"play-music-fest","status":"publish","type":"product","link":"https:\/\/www.bob.webolatory.com\/pl\/product\/play-music-fest\/","title":{"rendered":"Bob Snail Play Music Fest"},"content":{"rendered":"<p><span style=\"font-weight: 400;\">Bob Snail Play Music Fest to nowa kolekcja zabawek na spr\u0119\u017cynie. Dotknij \u2014 a zaczn\u0105 ta\u0144czy\u0107!\u00a0<\/span><\/p>\n<p><span style=\"font-weight: 400;\">Ka\u017cdy bohater ma swoje imi\u0119, histori\u0119 i reprezentuje w\u0142asny styl muzyczny. Aby rozpakowywanie by\u0142o jeszcze bardziej ekscytuj\u0105ce, w zestawach ukry\u0142em 2 tajemnicze zabawki. Spr\u00f3buj je znale\u017a\u0107 i uzupe\u0142nij swoj\u0105 kolekcj\u0119 wyj\u0105tkowymi postaciami!\u00a0<\/span><\/p>\n<p><b>W zestawie:<\/b><\/p>\n<ul>\n<li style=\"font-weight: 400;\" aria-level=\"1\"><span style=\"font-weight: 400;\">1 z 12 kolekcjonerskich zabawek<\/span><\/li>\n<li style=\"font-weight: 400;\" aria-level=\"1\"><span style=\"font-weight: 400;\">2 owocowe rollsy jab\u0142ko-gruszka bez dodatku cukru, konserwant\u00f3w, glutenu i barwnik\u00f3w<\/span><\/li>\n<li style=\"font-weight: 400;\" aria-level=\"1\"><span style=\"font-weight: 400;\">karta kolekcjonera ze wszystkimi bohaterami\u00a0<\/span><\/li>\n<\/ul>\n<p><span style=\"font-weight: 400;\">Bob Snail Play Music Fest to podw\u00f3jna dawka zabawy! Zbierz ca\u0142\u0105 kolekcj\u0119 muzyk\u00f3w i zorganizuj w\u0142asny koncert!<\/span><\/p>\n","protected":false},"excerpt":{"rendered":"<p>Bob Snail Play Music Fest to nowa kolekcja zabawek na spr\u0119\u017cynie. Dotknij \u2014 a zaczn\u0105 ta\u0144czy\u0107!\u00a0 Ka\u017cdy bohater ma swoje imi\u0119, histori\u0119 i reprezentuje w\u0142asny styl muzyczny. Aby rozpakowywanie by\u0142o jeszcze bardziej ekscytuj\u0105ce, w zestawach ukry\u0142em 2 tajemnicze zabawki. Spr\u00f3buj je znale\u017a\u0107 i uzupe\u0142nij swoj\u0105 kolekcj\u0119 wyj\u0105tkowymi postaciami!\u00a0 W zestawie: 1 z 12 kolekcjonerskich zabawek [&hellip;]<\/p>\n","protected":false},"featured_media":3644,"comment_status":"open","ping_status":"closed","template":"","meta":[],"product_brand":[],"product_cat":[80],"product_tag":[],"class_list":{"0":"post-3642","1":"product","2":"type-product","3":"status-publish","4":"has-post-thumbnail","6":"product_cat-eatplay","7":"weight_taxonomy-20g","9":"first","10":"instock","11":"shipping-taxable","12":"purchasable","13":"product-type-simple"},"yoast_head":"<!-- This site is optimized with the Yoast SEO plugin v24.7 - https:\/\/yoast.com\/wordpress\/plugins\/seo\/ -->\n<title>Bob Snail Play Music Fest - Bob Snail<\/title>\n<meta name=\"description\" content=\"Bob Snail Play Music Fest. No added sugar, colourants, or preservatives. My treats are made from all things natural\ud83c\udf1f\" \/>\n<meta name=\"robots\" content=\"noindex, follow, max-snippet:-1, max-image-preview:large, max-video-preview:-1\" \/>\n<meta property=\"og:locale\" content=\"pl_PL\" \/>\n<meta property=\"og:type\" content=\"article\" \/>\n<meta property=\"og:title\" content=\"Bob Snail Play Music Fest - Bob Snail\" \/>\n<meta property=\"og:description\" content=\"Bob Snail Play Music Fest. No added sugar, colourants, or preservatives. My treats are made from all things natural\ud83c\udf1f\" \/>\n<meta property=\"og:url\" content=\"https:\/\/www.bob.webolatory.com\/pl\/product\/play-music-fest\/\" \/>\n<meta property=\"og:site_name\" content=\"Bob Snail\" \/>\n<meta property=\"article:modified_time\" content=\"2025-10-14T15:20:45+00:00\" \/>\n<meta property=\"og:image\" content=\"https:\/\/www.bob.webolatory.com\/pl\/wp-content\/uploads\/sites\/23\/2025\/10\/PL_eatplay_Music_-2.webp\" \/>\n\t<meta property=\"og:image:width\" content=\"1280\" \/>\n\t<meta property=\"og:image:height\" content=\"1280\" \/>\n\t<meta property=\"og:image:type\" content=\"image\/webp\" \/>\n<meta name=\"twitter:card\" content=\"summary_large_image\" \/>\n<meta name=\"twitter:label1\" content=\"Szacowany czas czytania\" \/>\n\t<meta name=\"twitter:data1\" content=\"1 minuta\" \/>\n<script type=\"application\/ld+json\" class=\"yoast-schema-graph\">{\"@context\":\"https:\/\/schema.org\",\"@graph\":[{\"@type\":\"WebPage\",\"@id\":\"https:\/\/www.bob.webolatory.com\/pl\/product\/play-music-fest\/\",\"url\":\"https:\/\/www.bob.webolatory.com\/pl\/product\/play-music-fest\/\",\"name\":\"Bob Snail Play Music Fest - Bob Snail\",\"isPartOf\":{\"@id\":\"https:\/\/www.bob.webolatory.com\/pl\/#website\"},\"primaryImageOfPage\":{\"@id\":\"https:\/\/www.bob.webolatory.com\/pl\/product\/play-music-fest\/#primaryimage\"},\"image\":{\"@id\":\"https:\/\/www.bob.webolatory.com\/pl\/product\/play-music-fest\/#primaryimage\"},\"thumbnailUrl\":\"https:\/\/www.bob.webolatory.com\/pl\/wp-content\/uploads\/sites\/23\/2025\/10\/PL_eatplay_Music_-2.webp\",\"datePublished\":\"2025-10-14T14:07:24+00:00\",\"dateModified\":\"2025-10-14T15:20:45+00:00\",\"description\":\"Bob Snail Play Music Fest. No added sugar, colourants, or preservatives. My treats are made from all things natural\ud83c\udf1f\",\"breadcrumb\":{\"@id\":\"https:\/\/www.bob.webolatory.com\/pl\/product\/play-music-fest\/#breadcrumb\"},\"inLanguage\":\"pl-PL\",\"potentialAction\":[{\"@type\":\"ReadAction\",\"target\":[\"https:\/\/www.bob.webolatory.com\/pl\/product\/play-music-fest\/\"]}]},{\"@type\":\"ImageObject\",\"inLanguage\":\"pl-PL\",\"@id\":\"https:\/\/www.bob.webolatory.com\/pl\/product\/play-music-fest\/#primaryimage\",\"url\":\"https:\/\/www.bob.webolatory.com\/pl\/wp-content\/uploads\/sites\/23\/2025\/10\/PL_eatplay_Music_-2.webp\",\"contentUrl\":\"https:\/\/www.bob.webolatory.com\/pl\/wp-content\/uploads\/sites\/23\/2025\/10\/PL_eatplay_Music_-2.webp\",\"width\":1280,\"height\":1280},{\"@type\":\"BreadcrumbList\",\"@id\":\"https:\/\/www.bob.webolatory.com\/pl\/product\/play-music-fest\/#breadcrumb\",\"itemListElement\":[{\"@type\":\"ListItem\",\"position\":1,\"name\":\"Home\",\"item\":\"https:\/\/www.bob.webolatory.com\/pl\/\"},{\"@type\":\"ListItem\",\"position\":2,\"name\":\"Products\",\"item\":\"https:\/\/www.bob.webolatory.com\/pl\/shop\/\"},{\"@type\":\"ListItem\",\"position\":3,\"name\":\"Bob Snail Play Music Fest\"}]},{\"@type\":\"WebSite\",\"@id\":\"https:\/\/www.bob.webolatory.com\/pl\/#website\",\"url\":\"https:\/\/www.bob.webolatory.com\/pl\/\",\"name\":\"Bob Snail\",\"description\":\"\",\"potentialAction\":[{\"@type\":\"SearchAction\",\"target\":{\"@type\":\"EntryPoint\",\"urlTemplate\":\"https:\/\/www.bob.webolatory.com\/pl\/?s={search_term_string}\"},\"query-input\":{\"@type\":\"PropertyValueSpecification\",\"valueRequired\":true,\"valueName\":\"search_term_string\"}}],\"inLanguage\":\"pl-PL\"}]}<\/script>\n<!-- \/ Yoast SEO plugin. -->","yoast_head_json":{"title":"Bob Snail Play Music Fest - Bob Snail","description":"Bob Snail Play Music Fest. No added sugar, colourants, or preservatives. My treats are made from all things natural\ud83c\udf1f","robots":{"index":"noindex","follow":"follow","max-snippet":"max-snippet:-1","max-image-preview":"max-image-preview:large","max-video-preview":"max-video-preview:-1"},"og_locale":"pl_PL","og_type":"article","og_title":"Bob Snail Play Music Fest - Bob Snail","og_description":"Bob Snail Play Music Fest. No added sugar, colourants, or preservatives. My treats are made from all things natural\ud83c\udf1f","og_url":"https:\/\/www.bob.webolatory.com\/pl\/product\/play-music-fest\/","og_site_name":"Bob Snail","article_modified_time":"2025-10-14T15:20:45+00:00","og_image":[{"width":1280,"height":1280,"url":"https:\/\/www.bob.webolatory.com\/pl\/wp-content\/uploads\/sites\/23\/2025\/10\/PL_eatplay_Music_-2.webp","type":"image\/webp"}],"twitter_card":"summary_large_image","twitter_misc":{"Szacowany czas czytania":"1 minuta"},"schema":{"@context":"https:\/\/schema.org","@graph":[{"@type":"WebPage","@id":"https:\/\/www.bob.webolatory.com\/pl\/product\/play-music-fest\/","url":"https:\/\/www.bob.webolatory.com\/pl\/product\/play-music-fest\/","name":"Bob Snail Play Music Fest - Bob Snail","isPartOf":{"@id":"https:\/\/www.bob.webolatory.com\/pl\/#website"},"primaryImageOfPage":{"@id":"https:\/\/www.bob.webolatory.com\/pl\/product\/play-music-fest\/#primaryimage"},"image":{"@id":"https:\/\/www.bob.webolatory.com\/pl\/product\/play-music-fest\/#primaryimage"},"thumbnailUrl":"https:\/\/www.bob.webolatory.com\/pl\/wp-content\/uploads\/sites\/23\/2025\/10\/PL_eatplay_Music_-2.webp","datePublished":"2025-10-14T14:07:24+00:00","dateModified":"2025-10-14T15:20:45+00:00","description":"Bob Snail Play Music Fest. No added sugar, colourants, or preservatives. My treats are made from all things natural\ud83c\udf1f","breadcrumb":{"@id":"https:\/\/www.bob.webolatory.com\/pl\/product\/play-music-fest\/#breadcrumb"},"inLanguage":"pl-PL","potentialAction":[{"@type":"ReadAction","target":["https:\/\/www.bob.webolatory.com\/pl\/product\/play-music-fest\/"]}]},{"@type":"ImageObject","inLanguage":"pl-PL","@id":"https:\/\/www.bob.webolatory.com\/pl\/product\/play-music-fest\/#primaryimage","url":"https:\/\/www.bob.webolatory.com\/pl\/wp-content\/uploads\/sites\/23\/2025\/10\/PL_eatplay_Music_-2.webp","contentUrl":"https:\/\/www.bob.webolatory.com\/pl\/wp-content\/uploads\/sites\/23\/2025\/10\/PL_eatplay_Music_-2.webp","width":1280,"height":1280},{"@type":"BreadcrumbList","@id":"https:\/\/www.bob.webolatory.com\/pl\/product\/play-music-fest\/#breadcrumb","itemListElement":[{"@type":"ListItem","position":1,"name":"Home","item":"https:\/\/www.bob.webolatory.com\/pl\/"},{"@type":"ListItem","position":2,"name":"Products","item":"https:\/\/www.bob.webolatory.com\/pl\/shop\/"},{"@type":"ListItem","position":3,"name":"Bob Snail Play Music Fest"}]},{"@type":"WebSite","@id":"https:\/\/www.bob.webolatory.com\/pl\/#website","url":"https:\/\/www.bob.webolatory.com\/pl\/","name":"Bob Snail","description":"","potentialAction":[{"@type":"SearchAction","target":{"@type":"EntryPoint","urlTemplate":"https:\/\/www.bob.webolatory.com\/pl\/?s={search_term_string}"},"query-input":{"@type":"PropertyValueSpecification","valueRequired":true,"valueName":"search_term_string"}}],"inLanguage":"pl-PL"}]}},"_links":{"self":[{"href":"https:\/\/www.bob.webolatory.com\/pl\/wp-json\/wp\/v2\/product\/3642","targetHints":{"allow":["GET"]}}],"collection":[{"href":"https:\/\/www.bob.webolatory.com\/pl\/wp-json\/wp\/v2\/product"}],"about":[{"href":"https:\/\/www.bob.webolatory.com\/pl\/wp-json\/wp\/v2\/types\/product"}],"replies":[{"embeddable":true,"href":"https:\/\/www.bob.webolatory.com\/pl\/wp-json\/wp\/v2\/comments?post=3642"}],"wp:featuredmedia":[{"embeddable":true,"href":"https:\/\/www.bob.webolatory.com\/pl\/wp-json\/wp\/v2\/media\/3644"}],"wp:attachment":[{"href":"https:\/\/www.bob.webolatory.com\/pl\/wp-json\/wp\/v2\/media?parent=3642"}],"wp:term":[{"taxonomy":"product_brand","embeddable":true,"href":"https:\/\/www.bob.webolatory.com\/pl\/wp-json\/wp\/v2\/product_brand?post=3642"},{"taxonomy":"product_cat","embeddable":true,"href":"https:\/\/www.bob.webolatory.com\/pl\/wp-json\/wp\/v2\/product_cat?post=3642"},{"taxonomy":"product_tag","embeddable":true,"href":"https:\/\/www.bob.webolatory.com\/pl\/wp-json\/wp\/v2\/product_tag?post=3642"}],"curies":[{"name":"wp","href":"https:\/\/api.w.org\/{rel}","templated":true}]}}